{"id":845,"date":"2021-02-11T16:27:46","date_gmt":"2021-02-11T16:27:46","guid":{"rendered":"http:\/\/layerdrops.com\/linoorwp\/?page_id=845"},"modified":"2024-02-26T13:42:14","modified_gmt":"2024-02-26T13:42:14","slug":"services","status":"publish","type":"page","link":"https:\/\/crystalitg.com\/lv\/services\/","title":{"rendered":"Pakalpojumi"},"content":{"rendered":"<div data-elementor-type=\"wp-page\" data-elementor-id=\"845\" class=\"elementor elementor-845\">\n\t\t\t\t\t\t<section class=\"elementor-section elementor-top-section elementor-element elementor-element-3928d81 elementor-section-boxed elementor-section-height-default elementor-section-height-default\" data-id=\"3928d81\" data-element_type=\"section\" data-e-type=\"section\">\n\t\t\t\t\t\t<div class=\"elementor-container elementor-column-gap-default\">\n\t\t\t\t\t<div class=\"elementor-column elementor-col-100 elementor-top-column elementor-element elementor-element-3039cac\" data-id=\"3039cac\" data-element_type=\"column\" data-e-type=\"column\">\n\t\t\t<div class=\"elementor-widget-wrap elementor-element-populated\">\n\t\t\t\t\t\t<div class=\"elementor-element elementor-element-ea9e6ee elementor-widget elementor-widget-spacer\" data-id=\"ea9e6ee\" data-element_type=\"widget\" data-e-type=\"widget\" data-widget_type=\"spacer.default\">\n\t\t\t\t<div class=\"elementor-widget-container\">\n\t\t\t\t\t\t\t<div class=\"elementor-spacer\">\n\t\t\t<div class=\"elementor-spacer-inner\"><\/div>\n\t\t<\/div>\n\t\t\t\t\t\t<\/div>\n\t\t\t\t<\/div>\n\t\t\t\t\t<\/div>\n\t\t<\/div>\n\t\t\t\t\t<\/div>\n\t\t<\/section>\n\t\t\t\t<section class=\"elementor-section elementor-top-section elementor-element elementor-element-b1d1efe elementor-section-full_width elementor-section-height-default elementor-section-height-default\" data-id=\"b1d1efe\" data-element_type=\"section\" data-e-type=\"section\">\n\t\t\t\t\t\t<div class=\"elementor-container elementor-column-gap-no\">\n\t\t\t\t\t<div class=\"elementor-column elementor-col-100 elementor-top-column elementor-element elementor-element-22f7f73\" data-id=\"22f7f73\" data-element_type=\"column\" data-e-type=\"column\">\n\t\t\t<div class=\"elementor-widget-wrap elementor-element-populated\">\n\t\t\t\t\t\t<div class=\"elementor-element elementor-element-7c79c19 elementor-widget elementor-widget-linoor-featured\" data-id=\"7c79c19\" data-element_type=\"widget\" data-e-type=\"widget\" data-widget_type=\"linoor-featured.default\">\n\t\t\t\t<div class=\"elementor-widget-container\">\n\t\t\t\t\t    <section class=\"feature-six\">\r\n        <div class=\"auto-container\">\r\n            <div class=\"row no-gutters\">\r\n                <div class=\"col-md-12 col-lg-12 col-xl-6\">\r\n                    <div class=\"feature-six__image clearfix\">\r\n                        <img data-recalc-dims=\"1\" decoding=\"async\" src=\"https:\/\/i0.wp.com\/crystalitg.com\/wp-content\/uploads\/2024\/02\/Logistic.jpg?ssl=1\" alt=\"Superior Service\">\r\n                        <div class=\"feature-six__image__caption\">AUGSTAS KVALIT\u0100TES SERVISS<\/div><!-- \/.feature-six__image__caption -->\r\n                    <\/div><!-- \/.feature-six__image -->\r\n                <\/div><!-- \/.col-md-12 col-lg-6 -->\r\n                <div class=\"col-md-12 col-lg-12 col-xl-6 d-flex\">\r\n                    <div class=\"my-auto\">\r\n                        <div class=\"feature-six__content\">\r\n                                                            <div class=\"sec-title\">\r\n                                    <h2>PILN\u012aGA PIEG\u0100DES KONTROLE<span class=\"dot\">.<\/span><\/h2>\r\n                                <\/div>\r\n                                                        <div class=\"feature-six__content__text\">\r\n                                Crystal ITG vienm\u0113r ir piev\u0113rsusi lielu uzman\u012bbu lo\u0123istikas pakalpojumiem: m\u0113s veicam pieg\u0101des sadarb\u012bb\u0101 ar lab\u0101kajiem partneriem, kas specializ\u0113jas lo\u0123istik\u0101 vis\u0101 Eirop\u0101. Pre\u010du pieg\u0101des no ra\u017eotn\u0113m uz klienta adresi nodro\u0161in\u0101m \u013coti p\u0101rskat\u0101m\u0101 veid\u0101, inform\u0113jot klientus par pl\u0101notajiem pieg\u0101des laikiem (ETA) \u0101trai produkcijas izkrau\u0161anai. Pied\u0101v\u0101jam da\u017e\u0101das pre\u010du iepako\u0161anas iesp\u0113jas atbilsto\u0161i klientu vajadz\u012bb\u0101m. Pieg\u0101des iesp\u0113jamas pa sauzemi, pa j\u016bru un pa dzelzce\u013cu \u0161\u0101dos form\u0101tos:                            <\/div><!-- \/.feature-six__content__text -->\r\n                                                        <ul class=\"m-0 list-unstyled feature-six__list\">\r\n                                                                    <li class=\"feature-six__list__item\">\r\n                                        <i class=\"flaticon-check-symbol\"><\/i>\r\n                                        Ar kravas automa\u0161\u012bnu: no 22,1 l\u012bdz 27,3 tonn\u0101m,                                    <\/li>\r\n                                                                    <li class=\"feature-six__list__item\">\r\n                                        <i class=\"flaticon-check-symbol\"><\/i>\r\n                                        Ar ku\u0123a konteineru: no 24,15 l\u012bdz 27,3 tonn\u0101m,                                    <\/li>\r\n                                                                    <li class=\"feature-six__list__item\">\r\n                                        <i class=\"flaticon-check-symbol\"><\/i>\r\n                                        Ar kombin\u0113to kravas automa\u0161\u012bnu + vilcienu: no 23,1 l\u012bdz 27,3 tonn\u0101m                                    <\/li>\r\n                                                            <\/ul>\r\n                        <\/div><!-- \/.feature-six__content -->\r\n                    <\/div><!-- \/.my-auto -->\r\n                <\/div><!-- \/.col-md-12 col-lg-6 -->\r\n            <\/div><!-- \/.row -->\r\n        <\/div><!-- \/.auto-container -->\r\n    <\/section><!-- \/.feature-six -->\r\n\t\t\t\t<\/div>\n\t\t\t\t<\/div>\n\t\t\t\t\t<\/div>\n\t\t<\/div>\n\t\t\t\t\t<\/div>\n\t\t<\/section>\n\t\t\t\t<section class=\"elementor-section elementor-top-section elementor-element elementor-element-e3f90b9 elementor-section-boxed elementor-section-height-default elementor-section-height-default\" data-id=\"e3f90b9\" data-element_type=\"section\" data-e-type=\"section\">\n\t\t\t\t\t\t<div class=\"elementor-container elementor-column-gap-no\">\n\t\t\t\t\t<div class=\"elementor-column elementor-col-100 elementor-top-column elementor-element elementor-element-8dd7d43\" data-id=\"8dd7d43\" data-element_type=\"column\" data-e-type=\"column\">\n\t\t\t<div class=\"elementor-widget-wrap elementor-element-populated\">\n\t\t\t\t\t\t<div class=\"elementor-element elementor-element-74a52c9 elementor-widget-divider--view-line elementor-widget elementor-widget-divider\" data-id=\"74a52c9\" data-element_type=\"widget\" data-e-type=\"widget\" data-widget_type=\"divider.default\">\n\t\t\t\t<div class=\"elementor-widget-container\">\n\t\t\t\t\t\t\t<div class=\"elementor-divider\">\n\t\t\t<span class=\"elementor-divider-separator\">\n\t\t\t\t\t\t<\/span>\n\t\t<\/div>\n\t\t\t\t\t\t<\/div>\n\t\t\t\t<\/div>\n\t\t\t\t\t<\/div>\n\t\t<\/div>\n\t\t\t\t\t<\/div>\n\t\t<\/section>\n\t\t\t\t<section class=\"elementor-section elementor-top-section elementor-element elementor-element-0a379a6 elementor-section-full_width elementor-section-height-default elementor-section-height-default\" data-id=\"0a379a6\" data-element_type=\"section\" data-e-type=\"section\">\n\t\t\t\t\t\t<div class=\"elementor-container elementor-column-gap-no\">\n\t\t\t\t\t<div class=\"elementor-column elementor-col-100 elementor-top-column elementor-element elementor-element-76e9bdb\" data-id=\"76e9bdb\" data-element_type=\"column\" data-e-type=\"column\">\n\t\t\t<div class=\"elementor-widget-wrap elementor-element-populated\">\n\t\t\t\t\t\t<div class=\"elementor-element elementor-element-9cd28a7 elementor-widget elementor-widget-linoor-call-to-action\" data-id=\"9cd28a7\" data-element_type=\"widget\" data-e-type=\"widget\" data-widget_type=\"linoor-call-to-action.default\">\n\t\t\t\t<div class=\"elementor-widget-container\">\n\t\t\t\t\t\r\n<!-- Call To Section -->\r\n<section class=\"call-to-section-two alternate\">\r\n    <div class=\"auto-container\">\r\n        <div class=\"inner clearfix\">\r\n            <h2 class=\" translation-block\">M\u0112S IZSTR\u0100D\u0100JAM SARE\u017d\u0122\u012aTUS UN DA\u017d\u0100DU ATT\u0100LUMU PIEG\u0100DES PL\u0100NUS, SIMTIEM DA\u017d\u0100D\u0100S VIET\u0100S UN JEB KURU PRODUKTU KOMBIN\u0100CIJAS.<\/h2>\r\n            <div class=\"link-box\">\r\n                <a class=\"theme-btn btn-style-two\" href=\"https:\/\/crystalitg.com\/contacts\/\">\r\n                    <i class=\"btn-curve\"><\/i>\r\n                    <span class=\"btn-title\">SAZINIES AR MUMS<\/span>\r\n                <\/a>\r\n            <\/div>\r\n        <\/div>\r\n    <\/div>\r\n<\/section>\r\n\r\n\r\n\r\n\t\t\t\t<\/div>\n\t\t\t\t<\/div>\n\t\t\t\t\t<\/div>\n\t\t<\/div>\n\t\t\t\t\t<\/div>\n\t\t<\/section>\n\t\t\t\t<section class=\"elementor-section elementor-top-section elementor-element elementor-element-528adf8 elementor-section-full_width main-footer elementor-section-height-default elementor-section-height-default\" data-id=\"528adf8\" data-element_type=\"section\" data-e-type=\"section\">\n\t\t\t\t\t\t<div class=\"elementor-container elementor-column-gap-no\">\n\t\t\t\t\t<div class=\"elementor-column elementor-col-100 elementor-top-column elementor-element elementor-element-ce86e89\" data-id=\"ce86e89\" data-element_type=\"column\" data-e-type=\"column\">\n\t\t\t<div class=\"elementor-widget-wrap elementor-element-populated\">\n\t\t\t\t\t\t<section class=\"elementor-section elementor-inner-section elementor-element elementor-element-cc5c5ea elementor-section-boxed elementor-section-height-default elementor-section-height-default\" data-id=\"cc5c5ea\" data-element_type=\"section\" data-e-type=\"section\">\n\t\t\t\t\t\t<div class=\"elementor-container elementor-column-gap-extended\">\n\t\t\t\t\t<div class=\"elementor-column elementor-col-33 elementor-inner-column elementor-element elementor-element-1690722\" data-id=\"1690722\" data-element_type=\"column\" data-e-type=\"column\">\n\t\t\t<div class=\"elementor-widget-wrap elementor-element-populated\">\n\t\t\t\t\t\t<div class=\"elementor-element elementor-element-196fd78 elementor-widget elementor-widget-footer-nav-menu\" data-id=\"196fd78\" data-element_type=\"widget\" data-e-type=\"widget\" data-widget_type=\"footer-nav-menu.default\">\n\t\t\t\t<div class=\"elementor-widget-container\">\n\t\t\t\t\t    <div class=\"footer-widget links-widget\">\r\n        <div class=\"widget-content\">\r\n            <h6>Izp\u0113t\u012bt<\/h6>\r\n            <div class=\"row clearfix\">\r\n                                    <div class=\"col-md-6 col-sm-12\">\r\n                        <div class=\"menu-footer-menu-2-container\"><ul id=\"menu-footer-menu-2\" class=\"list-unstyled m-0\"><li id=\"menu-item-2268\" class=\"menu-item menu-item-type-post_type menu-item-object-page menu-item-2268\"><a href=\"https:\/\/crystalitg.com\/lv\/contact-us\/\">Sazinies ar mums<\/a><\/li>\n<li id=\"menu-item-2932\" class=\"menu-item menu-item-type-post_type menu-item-object-page menu-item-2932\"><a href=\"https:\/\/crystalitg.com\/lv\/privacy\/\">Priv\u0101tums<\/a><\/li>\n<li id=\"menu-item-2943\" class=\"menu-item menu-item-type-post_type menu-item-object-page menu-item-2943\"><a href=\"https:\/\/crystalitg.com\/lv\/ordersreturns\/\">Pas\u016bt\u012bjumi &amp; atgrie\u0161ana<\/a><\/li>\n<li id=\"menu-item-3126\" class=\"menu-item menu-item-type-post_type menu-item-object-page menu-item-3126\"><a href=\"https:\/\/crystalitg.com\/lv\/terms-of-use-2\/\">Lieto\u0161anas noteikumi<\/a><\/li>\n<\/ul><\/div>                    <\/div>\r\n                            <\/div>\r\n        <\/div>\r\n    <\/div>\r\n\t\t\t\t<\/div>\n\t\t\t\t<\/div>\n\t\t\t\t\t<\/div>\n\t\t<\/div>\n\t\t\t\t<div class=\"elementor-column elementor-col-33 elementor-inner-column elementor-element elementor-element-07b55e1\" data-id=\"07b55e1\" data-element_type=\"column\" data-e-type=\"column\">\n\t\t\t<div class=\"elementor-widget-wrap elementor-element-populated\">\n\t\t\t\t\t\t<div class=\"elementor-element elementor-element-f8efb9c elementor-widget elementor-widget-footer-contact\" data-id=\"f8efb9c\" data-element_type=\"widget\" data-e-type=\"widget\" data-widget_type=\"footer-contact.default\">\n\t\t\t\t<div class=\"elementor-widget-container\">\n\t\t\t\t\t    <div class=\"footer-widget info-widget\">\r\n        <div class=\"widget-content\">\r\n            <h6>Kontakti<\/h6>\r\n            <ul class=\"contact-info m-0 list-unstyled\">\r\n                                    <li class=\"address\">\r\n                                                <span class=\"icon flaticon-pin-1\"><\/span>\r\n                        J\u0101\u0146a Asara iela 12, LV-3001 Jelgava LATVIJA                    <\/li>\r\n                                    <li class=\"address\">\r\n                                                <span class=\"icon\"><\/span>\r\n                        Reg. nr. 43603043365                     <\/li>\r\n                                    <li class=\"address\">\r\n                                                <span class=\"icon flaticon-call\"><\/span>\r\n                        <a href=\"0037120268107\">00371 20268107<\/a>                    <\/li>\r\n                                    <li class=\"address\">\r\n                                                <span class=\"icon flaticon-email-2\"><\/span>\r\n                        <a href=\"mailto:needhelp@linoor.com\">admin@crystalitg.com<\/a>                    <\/li>\r\n                            <\/ul>\r\n        <\/div>\r\n    <\/div>\r\n\t\t\t\t<\/div>\n\t\t\t\t<\/div>\n\t\t\t\t\t<\/div>\n\t\t<\/div>\n\t\t\t\t<div class=\"elementor-column elementor-col-33 elementor-inner-column elementor-element elementor-element-0dbc7fe\" data-id=\"0dbc7fe\" data-element_type=\"column\" data-e-type=\"column\">\n\t\t\t<div class=\"elementor-widget-wrap elementor-element-populated\">\n\t\t\t\t\t\t<div class=\"elementor-element elementor-element-66f04b2 elementor-widget elementor-widget-footer-subscribe\" data-id=\"66f04b2\" data-element_type=\"widget\" data-e-type=\"widget\" data-widget_type=\"footer-subscribe.default\">\n\t\t\t\t<div class=\"elementor-widget-container\">\n\t\t\t\t\t    <div class=\"footer-widget newsletter-widget\">\r\n        <div class=\"widget-content\">\r\n            <h6>S\u016aT\u012aT ZI\u0145OJUMU<\/h6>\r\n            <div class=\"newsletter-form\">\r\n                <form class=\"mc-form\" data-url=\"#\" action=\"\">\r\n                    <div class=\"form-group clearfix\">\r\n                        <input type=\"email\" name=\"EMAIL\" value=\"\" placeholder=\"E-pasta adrese\">\r\n                        <button type=\"submit\" class=\"theme-btn\"><span class=\"fa fa-envelope\"><\/span><\/button>\r\n                    <\/div>\r\n                <input type=\"hidden\" name=\"trp-form-language\" value=\"lv\"\/><\/form>\r\n                <div class=\"mc-form__response\"><\/div>\r\n            <\/div>\r\n            <div class=\"text\">Re\u0123istr\u0113jieties atlaid\u0113m un \u012bpa\u0161ajiem pied\u0101v\u0101jumiem: surog\u0101tpasts nav garant\u0113ts!<\/div>\r\n        <\/div>\r\n    <\/div>\r\n\r\n\r\n\r\n\t\t\t\t<\/div>\n\t\t\t\t<\/div>\n\t\t\t\t\t<\/div>\n\t\t<\/div>\n\t\t\t\t\t<\/div>\n\t\t<\/section>\n\t\t\t\t<section class=\"elementor-section elementor-inner-section elementor-element elementor-element-c678c75 elementor-section-boxed elementor-section-height-default elementor-section-height-default\" data-id=\"c678c75\" data-element_type=\"section\" data-e-type=\"section\">\n\t\t\t\t\t\t<div class=\"elementor-container elementor-column-gap-extended\">\n\t\t\t\t\t<div class=\"elementor-column elementor-col-100 elementor-inner-column elementor-element elementor-element-0b0cb75\" data-id=\"0b0cb75\" data-element_type=\"column\" data-e-type=\"column\">\n\t\t\t<div class=\"elementor-widget-wrap elementor-element-populated\">\n\t\t\t\t\t\t<div class=\"elementor-element elementor-element-ebb1404 elementor-widget elementor-widget-footer-copyright\" data-id=\"ebb1404\" data-element_type=\"widget\" data-e-type=\"widget\" data-widget_type=\"footer-copyright.default\">\n\t\t\t\t<div class=\"elementor-widget-container\">\n\t\t\t\t\t<div class=\"footer-bottom\">\r\n    <div class=\"auto-container\">\r\n        <div class=\"inner clearfix\">\r\n            <div class=\"copyright\">\u00a9 2011-2022, SIA \u201cCrystal ITG\u201d Visas ties\u012bbas aizsarg\u0101tas<\/div>\r\n        <\/div>\r\n    <\/div>\r\n<\/div>\t\t\t\t<\/div>\n\t\t\t\t<\/div>\n\t\t\t\t\t<\/div>\n\t\t<\/div>\n\t\t\t\t\t<\/div>\n\t\t<\/section>\n\t\t\t\t\t<\/div>\n\t\t<\/div>\n\t\t\t\t\t<\/div>\n\t\t<\/section>\n\t\t\t\t<\/div>","protected":false},"excerpt":{"rendered":"<p>Superior Service Total control of deliveries. Crystal ITG has always placed deep attention to logistic services: we deliver in co-operation with the best partners specialising in logistics throughout Europe. We provide product deliveries from the production facilities to the customer\u2019s address in a very transparent way, infroming customers of the planned times of delivery (ETA) [&hellip;]<\/p>\n","protected":false},"author":1,"featured_media":0,"parent":0,"menu_order":0,"comment_status":"closed","ping_status":"closed","template":"elementor_header_footer","meta":{"footnotes":""},"class_list":["post-845","page","type-page","status-publish","hentry"],"jetpack_sharing_enabled":true,"_links":{"self":[{"href":"https:\/\/crystalitg.com\/lv\/wp-json\/wp\/v2\/pages\/845","targetHints":{"allow":["GET"]}}],"collection":[{"href":"https:\/\/crystalitg.com\/lv\/wp-json\/wp\/v2\/pages"}],"about":[{"href":"https:\/\/crystalitg.com\/lv\/wp-json\/wp\/v2\/types\/page"}],"author":[{"embeddable":true,"href":"https:\/\/crystalitg.com\/lv\/wp-json\/wp\/v2\/users\/1"}],"replies":[{"embeddable":true,"href":"https:\/\/crystalitg.com\/lv\/wp-json\/wp\/v2\/comments?post=845"}],"version-history":[{"count":17,"href":"https:\/\/crystalitg.com\/lv\/wp-json\/wp\/v2\/pages\/845\/revisions"}],"predecessor-version":[{"id":3626,"href":"https:\/\/crystalitg.com\/lv\/wp-json\/wp\/v2\/pages\/845\/revisions\/3626"}],"wp:attachment":[{"href":"https:\/\/crystalitg.com\/lv\/wp-json\/wp\/v2\/media?parent=845"}],"curies":[{"name":"wp","href":"https:\/\/api.w.org\/{rel}","templated":true}]}}