{"id":743,"date":"2021-02-10T11:54:15","date_gmt":"2021-02-10T11:54:15","guid":{"rendered":"http:\/\/layerdrops.com\/linoorwp\/?page_id=743"},"modified":"2021-02-10T11:54:15","modified_gmt":"2021-02-10T11:54:15","slug":"testimonials-two","status":"publish","type":"page","link":"https:\/\/crystalitg.com\/lv\/testimonials-two\/","title":{"rendered":"Testimonials Two"},"content":{"rendered":"<div data-elementor-type=\"wp-page\" data-elementor-id=\"743\" class=\"elementor elementor-743\">\n\t\t\t\t\t\t<section class=\"elementor-section elementor-top-section elementor-element elementor-element-2d372be elementor-section-full_width elementor-section-height-default elementor-section-height-default\" data-id=\"2d372be\" data-element_type=\"section\" data-e-type=\"section\">\n\t\t\t\t\t\t<div class=\"elementor-container elementor-column-gap-no\">\n\t\t\t\t\t<div class=\"elementor-column elementor-col-100 elementor-top-column elementor-element elementor-element-1555a62\" data-id=\"1555a62\" data-element_type=\"column\" data-e-type=\"column\">\n\t\t\t<div class=\"elementor-widget-wrap elementor-element-populated\">\n\t\t\t\t\t\t<div class=\"elementor-element elementor-element-0285597 elementor-widget elementor-widget-linoor-testimonials\" data-id=\"0285597\" data-element_type=\"widget\" data-e-type=\"widget\" data-widget_type=\"linoor-testimonials.default\">\n\t\t\t\t<div class=\"elementor-widget-container\">\n\t\t\t\t\t    <section class=\"testimonials-four\">\r\n        <div class=\"auto-container\">\r\n            <div class=\"row\">\r\n                                                                                                                    <div class=\"col-md-6 col-lg-4\">\r\n                                <div class=\"testimonials-four-card\">\r\n                                    <div class=\"testimonials-four-card__content\">\r\n                                        <p>Sav\u0101m m\u0101j\u0101m es v\u0113los tikai to lab\u0101ko: Crystal Pellet pied\u0101v\u0101 un nodro\u0161ina to, ko sola. 5\u00a0zvaig\u017e\u0146u pakalpojums: 100% ieteicams.<\/p>\r\n                                        <div class=\"name\">Vidmants<\/div>\r\n                                        <div class=\"designation\"><\/div>\r\n                                    <\/div><!-- \/.testimonials-four-card__content -->\r\n                                    <div class=\"image\"><img decoding=\"async\" width=\"73\" height=\"73\" src=\"https:\/\/i0.wp.com\/crystalitg.com\/wp-content\/uploads\/2021\/01\/Vidmants.jpg?resize=73%2C73&amp;ssl=1\" class=\"attachment-linoor_testimonials_73X73 size-linoor_testimonials_73X73 wp-post-image\" alt=\"\" srcset=\"https:\/\/i0.wp.com\/crystalitg.com\/wp-content\/uploads\/2021\/01\/Vidmants.jpg?resize=150%2C150&amp;ssl=1 150w, https:\/\/i0.wp.com\/crystalitg.com\/wp-content\/uploads\/2021\/01\/Vidmants.jpg?resize=286%2C290&amp;ssl=1 286w, https:\/\/i0.wp.com\/crystalitg.com\/wp-content\/uploads\/2021\/01\/Vidmants.jpg?resize=73%2C73&amp;ssl=1 73w, https:\/\/i0.wp.com\/crystalitg.com\/wp-content\/uploads\/2021\/01\/Vidmants.jpg?resize=77%2C77&amp;ssl=1 77w, https:\/\/i0.wp.com\/crystalitg.com\/wp-content\/uploads\/2021\/01\/Vidmants.jpg?resize=63%2C63&amp;ssl=1 63w, https:\/\/i0.wp.com\/crystalitg.com\/wp-content\/uploads\/2021\/01\/Vidmants.jpg?resize=125%2C125&amp;ssl=1 125w, https:\/\/i0.wp.com\/crystalitg.com\/wp-content\/uploads\/2021\/01\/Vidmants.jpg?resize=192%2C192&amp;ssl=1 192w, https:\/\/i0.wp.com\/crystalitg.com\/wp-content\/uploads\/2021\/01\/Vidmants.jpg?resize=270%2C270&amp;ssl=1 270w, https:\/\/i0.wp.com\/crystalitg.com\/wp-content\/uploads\/2021\/01\/Vidmants.jpg?resize=100%2C100&amp;ssl=1 100w\" sizes=\"(max-width: 73px) 100vw, 73px\" \/><\/div>\r\n                                <\/div><!-- \/.testimonials-four-card -->\r\n                            <\/div><!-- \/.col-md-6 col-lg-4 -->\r\n                                                                                <div class=\"col-md-6 col-lg-4\">\r\n                                <div class=\"testimonials-four-card\">\r\n                                    <div class=\"testimonials-four-card__content\">\r\n                                        <p>Since when I started to use Crystal pellet I did not call the technician for 2 years: no ash, super power. The<\/p>\r\n                                        <div class=\"name\">Natalija<\/div>\r\n                                        <div class=\"designation\"><\/div>\r\n                                    <\/div><!-- \/.testimonials-four-card__content -->\r\n                                    <div class=\"image\"><img decoding=\"async\" width=\"73\" height=\"73\" src=\"https:\/\/i0.wp.com\/crystalitg.com\/wp-content\/uploads\/2022\/04\/IMG_1520.jpg?resize=73%2C73&amp;ssl=1\" class=\"attachment-linoor_testimonials_73X73 size-linoor_testimonials_73X73 wp-post-image\" alt=\"\" srcset=\"https:\/\/i0.wp.com\/crystalitg.com\/wp-content\/uploads\/2022\/04\/IMG_1520.jpg?resize=150%2C150&amp;ssl=1 150w, https:\/\/i0.wp.com\/crystalitg.com\/wp-content\/uploads\/2022\/04\/IMG_1520.jpg?resize=73%2C73&amp;ssl=1 73w, https:\/\/i0.wp.com\/crystalitg.com\/wp-content\/uploads\/2022\/04\/IMG_1520.jpg?resize=77%2C77&amp;ssl=1 77w, https:\/\/i0.wp.com\/crystalitg.com\/wp-content\/uploads\/2022\/04\/IMG_1520.jpg?resize=63%2C63&amp;ssl=1 63w, https:\/\/i0.wp.com\/crystalitg.com\/wp-content\/uploads\/2022\/04\/IMG_1520.jpg?resize=125%2C125&amp;ssl=1 125w, https:\/\/i0.wp.com\/crystalitg.com\/wp-content\/uploads\/2022\/04\/IMG_1520.jpg?resize=192%2C192&amp;ssl=1 192w, https:\/\/i0.wp.com\/crystalitg.com\/wp-content\/uploads\/2022\/04\/IMG_1520.jpg?resize=270%2C270&amp;ssl=1 270w, https:\/\/i0.wp.com\/crystalitg.com\/wp-content\/uploads\/2022\/04\/IMG_1520.jpg?resize=100%2C100&amp;ssl=1 100w\" sizes=\"(max-width: 73px) 100vw, 73px\" \/><\/div>\r\n                                <\/div><!-- \/.testimonials-four-card -->\r\n                            <\/div><!-- \/.col-md-6 col-lg-4 -->\r\n                                                                                <div class=\"col-md-6 col-lg-4\">\r\n                                <div class=\"testimonials-four-card\">\r\n                                    <div class=\"testimonials-four-card__content\">\r\n                                        <p>Since when I passed from not certified (but cheaper) pellet I spent more to buy, but I saved so much money in<\/p>\r\n                                        <div class=\"name\">Linda<\/div>\r\n                                        <div class=\"designation\"><\/div>\r\n                                    <\/div><!-- \/.testimonials-four-card__content -->\r\n                                    <div class=\"image\"><img decoding=\"async\" width=\"73\" height=\"73\" src=\"https:\/\/i0.wp.com\/crystalitg.com\/wp-content\/uploads\/2021\/01\/IMG_1515.jpg?resize=73%2C73&amp;ssl=1\" class=\"attachment-linoor_testimonials_73X73 size-linoor_testimonials_73X73 wp-post-image\" alt=\"\" srcset=\"https:\/\/i0.wp.com\/crystalitg.com\/wp-content\/uploads\/2021\/01\/IMG_1515.jpg?resize=150%2C150&amp;ssl=1 150w, https:\/\/i0.wp.com\/crystalitg.com\/wp-content\/uploads\/2021\/01\/IMG_1515.jpg?resize=73%2C73&amp;ssl=1 73w, https:\/\/i0.wp.com\/crystalitg.com\/wp-content\/uploads\/2021\/01\/IMG_1515.jpg?resize=77%2C77&amp;ssl=1 77w, https:\/\/i0.wp.com\/crystalitg.com\/wp-content\/uploads\/2021\/01\/IMG_1515.jpg?resize=63%2C63&amp;ssl=1 63w, https:\/\/i0.wp.com\/crystalitg.com\/wp-content\/uploads\/2021\/01\/IMG_1515.jpg?resize=125%2C125&amp;ssl=1 125w, https:\/\/i0.wp.com\/crystalitg.com\/wp-content\/uploads\/2021\/01\/IMG_1515.jpg?resize=192%2C192&amp;ssl=1 192w, https:\/\/i0.wp.com\/crystalitg.com\/wp-content\/uploads\/2021\/01\/IMG_1515.jpg?resize=270%2C270&amp;ssl=1 270w, https:\/\/i0.wp.com\/crystalitg.com\/wp-content\/uploads\/2021\/01\/IMG_1515.jpg?resize=100%2C100&amp;ssl=1 100w\" sizes=\"(max-width: 73px) 100vw, 73px\" \/><\/div>\r\n                                <\/div><!-- \/.testimonials-four-card -->\r\n                            <\/div><!-- \/.col-md-6 col-lg-4 -->\r\n                                                                                <div class=\"col-md-6 col-lg-4\">\r\n                                <div class=\"testimonials-four-card\">\r\n                                    <div class=\"testimonials-four-card__content\">\r\n                                        <p>\u0100tra pieg\u0101de, ide\u0101ls iepakojums, siltas m\u0101jas - kas v\u0113l? Ak j\u0101, tas ir ra\u017eots Latvij\u0101!<\/p>\r\n                                        <div class=\"name\">Jurijs<\/div>\r\n                                        <div class=\"designation\"><\/div>\r\n                                    <\/div><!-- \/.testimonials-four-card__content -->\r\n                                    <div class=\"image\"><img loading=\"lazy\" decoding=\"async\" width=\"73\" height=\"73\" src=\"https:\/\/i0.wp.com\/crystalitg.com\/wp-content\/uploads\/2021\/01\/IMG_1531.jpg?resize=73%2C73&amp;ssl=1\" class=\"attachment-linoor_testimonials_73X73 size-linoor_testimonials_73X73 wp-post-image\" alt=\"\" srcset=\"https:\/\/i0.wp.com\/crystalitg.com\/wp-content\/uploads\/2021\/01\/IMG_1531.jpg?resize=150%2C150&amp;ssl=1 150w, https:\/\/i0.wp.com\/crystalitg.com\/wp-content\/uploads\/2021\/01\/IMG_1531.jpg?resize=73%2C73&amp;ssl=1 73w, https:\/\/i0.wp.com\/crystalitg.com\/wp-content\/uploads\/2021\/01\/IMG_1531.jpg?resize=77%2C77&amp;ssl=1 77w, https:\/\/i0.wp.com\/crystalitg.com\/wp-content\/uploads\/2021\/01\/IMG_1531.jpg?resize=63%2C63&amp;ssl=1 63w, https:\/\/i0.wp.com\/crystalitg.com\/wp-content\/uploads\/2021\/01\/IMG_1531.jpg?resize=125%2C125&amp;ssl=1 125w, https:\/\/i0.wp.com\/crystalitg.com\/wp-content\/uploads\/2021\/01\/IMG_1531.jpg?resize=192%2C192&amp;ssl=1 192w, https:\/\/i0.wp.com\/crystalitg.com\/wp-content\/uploads\/2021\/01\/IMG_1531.jpg?resize=270%2C270&amp;ssl=1 270w, https:\/\/i0.wp.com\/crystalitg.com\/wp-content\/uploads\/2021\/01\/IMG_1531.jpg?resize=100%2C100&amp;ssl=1 100w\" sizes=\"(max-width: 73px) 100vw, 73px\" \/><\/div>\r\n                                <\/div><!-- \/.testimonials-four-card -->\r\n                            <\/div><!-- \/.col-md-6 col-lg-4 -->\r\n                                                                                <div class=\"col-md-6 col-lg-4\">\r\n                                <div class=\"testimonials-four-card\">\r\n                                    <div class=\"testimonials-four-card__content\">\r\n                                        <p>Crystal delivered simply the best pellet I have ever seen: clean stove, high calorific power, perfect packaging to be stored in the<\/p>\r\n                                        <div class=\"name\">Andris<\/div>\r\n                                        <div class=\"designation\"><\/div>\r\n                                    <\/div><!-- \/.testimonials-four-card__content -->\r\n                                    <div class=\"image\"><img loading=\"lazy\" decoding=\"async\" width=\"73\" height=\"73\" src=\"https:\/\/i0.wp.com\/crystalitg.com\/wp-content\/uploads\/2021\/01\/IMG_1509-scaled.jpg?resize=73%2C73&amp;ssl=1\" class=\"attachment-linoor_testimonials_73X73 size-linoor_testimonials_73X73 wp-post-image\" alt=\"\" srcset=\"https:\/\/i0.wp.com\/crystalitg.com\/wp-content\/uploads\/2021\/01\/IMG_1509-scaled.jpg?w=2560&amp;ssl=1 2560w, https:\/\/i0.wp.com\/crystalitg.com\/wp-content\/uploads\/2021\/01\/IMG_1509-scaled.jpg?resize=300%2C295&amp;ssl=1 300w, https:\/\/i0.wp.com\/crystalitg.com\/wp-content\/uploads\/2021\/01\/IMG_1509-scaled.jpg?resize=1024%2C1006&amp;ssl=1 1024w, https:\/\/i0.wp.com\/crystalitg.com\/wp-content\/uploads\/2021\/01\/IMG_1509-scaled.jpg?resize=150%2C150&amp;ssl=1 150w, https:\/\/i0.wp.com\/crystalitg.com\/wp-content\/uploads\/2021\/01\/IMG_1509-scaled.jpg?resize=768%2C754&amp;ssl=1 768w, https:\/\/i0.wp.com\/crystalitg.com\/wp-content\/uploads\/2021\/01\/IMG_1509-scaled.jpg?resize=1536%2C1509&amp;ssl=1 1536w, https:\/\/i0.wp.com\/crystalitg.com\/wp-content\/uploads\/2021\/01\/IMG_1509-scaled.jpg?resize=2048%2C2011&amp;ssl=1 2048w, https:\/\/i0.wp.com\/crystalitg.com\/wp-content\/uploads\/2021\/01\/IMG_1509-scaled.jpg?resize=73%2C73&amp;ssl=1 73w, https:\/\/i0.wp.com\/crystalitg.com\/wp-content\/uploads\/2021\/01\/IMG_1509-scaled.jpg?resize=77%2C77&amp;ssl=1 77w, https:\/\/i0.wp.com\/crystalitg.com\/wp-content\/uploads\/2021\/01\/IMG_1509-scaled.jpg?resize=63%2C63&amp;ssl=1 63w, https:\/\/i0.wp.com\/crystalitg.com\/wp-content\/uploads\/2021\/01\/IMG_1509-scaled.jpg?resize=125%2C125&amp;ssl=1 125w, https:\/\/i0.wp.com\/crystalitg.com\/wp-content\/uploads\/2021\/01\/IMG_1509-scaled.jpg?resize=192%2C192&amp;ssl=1 192w, https:\/\/i0.wp.com\/crystalitg.com\/wp-content\/uploads\/2021\/01\/IMG_1509-scaled.jpg?resize=270%2C270&amp;ssl=1 270w, https:\/\/i0.wp.com\/crystalitg.com\/wp-content\/uploads\/2021\/01\/IMG_1509-scaled.jpg?resize=570%2C560&amp;ssl=1 570w, https:\/\/i0.wp.com\/crystalitg.com\/wp-content\/uploads\/2021\/01\/IMG_1509-scaled.jpg?resize=380%2C373&amp;ssl=1 380w, https:\/\/i0.wp.com\/crystalitg.com\/wp-content\/uploads\/2021\/01\/IMG_1509-scaled.jpg?resize=296%2C291&amp;ssl=1 296w, https:\/\/i0.wp.com\/crystalitg.com\/wp-content\/uploads\/2021\/01\/IMG_1509-scaled.jpg?resize=1320%2C1296&amp;ssl=1 1320w, https:\/\/i0.wp.com\/crystalitg.com\/wp-content\/uploads\/2021\/01\/IMG_1509-scaled.jpg?resize=100%2C100&amp;ssl=1 100w\" sizes=\"(max-width: 73px) 100vw, 73px\" \/><\/div>\r\n                                <\/div><!-- \/.testimonials-four-card -->\r\n                            <\/div><!-- \/.col-md-6 col-lg-4 -->\r\n                                                        <\/div><!-- \/.row -->\r\n        <\/div><!-- \/.auto-container -->\r\n    <\/section><!-- \/.testimonials-four -->\r\n\t\t\t\t<\/div>\n\t\t\t\t<\/div>\n\t\t\t\t\t<\/div>\n\t\t<\/div>\n\t\t\t\t\t<\/div>\n\t\t<\/section>\n\t\t\t\t<\/div>","protected":false},"excerpt":{"rendered":"<p>There are many variations of passages of lorem ipsum available but the majority have suffered alteration in some form, by injected humour, john smith Director There are many variations of passages of lorem ipsum available but the majority have suffered alteration in some form, by injected humour, christine eve Director There are many variations of [&hellip;]<\/p>\n","protected":false},"author":1,"featured_media":0,"parent":0,"menu_order":0,"comment_status":"closed","ping_status":"closed","template":"elementor_header_footer","meta":{"footnotes":""},"class_list":["post-743","page","type-page","status-publish","hentry"],"jetpack_sharing_enabled":true,"_links":{"self":[{"href":"https:\/\/crystalitg.com\/lv\/wp-json\/wp\/v2\/pages\/743","targetHints":{"allow":["GET"]}}],"collection":[{"href":"https:\/\/crystalitg.com\/lv\/wp-json\/wp\/v2\/pages"}],"about":[{"href":"https:\/\/crystalitg.com\/lv\/wp-json\/wp\/v2\/types\/page"}],"author":[{"embeddable":true,"href":"https:\/\/crystalitg.com\/lv\/wp-json\/wp\/v2\/users\/1"}],"replies":[{"embeddable":true,"href":"https:\/\/crystalitg.com\/lv\/wp-json\/wp\/v2\/comments?post=743"}],"version-history":[{"count":0,"href":"https:\/\/crystalitg.com\/lv\/wp-json\/wp\/v2\/pages\/743\/revisions"}],"wp:attachment":[{"href":"https:\/\/crystalitg.com\/lv\/wp-json\/wp\/v2\/media?parent=743"}],"curies":[{"name":"wp","href":"https:\/\/api.w.org\/{rel}","templated":true}]}}