{"id":3124,"date":"2022-08-23T09:11:42","date_gmt":"2022-08-23T09:11:42","guid":{"rendered":"https:\/\/crystalitg.com\/?page_id=3124"},"modified":"2022-08-23T09:18:22","modified_gmt":"2022-08-23T09:18:22","slug":"terms-of-use-2","status":"publish","type":"page","link":"https:\/\/crystalitg.com\/lv\/terms-of-use-2\/","title":{"rendered":"Lieto\u0161anas noteikumi"},"content":{"rendered":"<div data-elementor-type=\"wp-page\" data-elementor-id=\"3124\" class=\"elementor elementor-3124\">\n\t\t\t\t\t\t<section class=\"elementor-section elementor-top-section elementor-element elementor-element-5927807 elementor-section-full_width elementor-section-height-default elementor-section-height-default\" data-id=\"5927807\" data-element_type=\"section\" data-e-type=\"section\">\n\t\t\t\t\t\t<div class=\"elementor-container elementor-column-gap-no\">\n\t\t\t\t\t<div class=\"elementor-column elementor-col-100 elementor-top-column elementor-element elementor-element-9349946\" data-id=\"9349946\" data-element_type=\"column\" data-e-type=\"column\">\n\t\t\t<div class=\"elementor-widget-wrap\">\n\t\t\t\t\t\t\t<\/div>\n\t\t<\/div>\n\t\t\t\t\t<\/div>\n\t\t<\/section>\n\t\t\t\t<section class=\"elementor-section elementor-top-section elementor-element elementor-element-8305a30 elementor-section-boxed elementor-section-height-default elementor-section-height-default\" data-id=\"8305a30\" data-element_type=\"section\" data-e-type=\"section\">\n\t\t\t\t\t\t<div class=\"elementor-container elementor-column-gap-default\">\n\t\t\t\t\t<div class=\"elementor-column elementor-col-100 elementor-top-column elementor-element elementor-element-52f0506\" data-id=\"52f0506\" data-element_type=\"column\" data-e-type=\"column\">\n\t\t\t<div class=\"elementor-widget-wrap elementor-element-populated\">\n\t\t\t\t\t\t<div class=\"elementor-element elementor-element-28a85e6 elementor-widget elementor-widget-text-editor\" data-id=\"28a85e6\" data-element_type=\"widget\" data-e-type=\"widget\" data-widget_type=\"text-editor.default\">\n\t\t\t\t<div class=\"elementor-widget-container\">\n\t\t\t\t\t\t\t\t\t<ol><li>M\u0101jaslapa www.crystalitg.com (turpm\u0101k tekst\u0101 M\u0101jaslapa) pieder uz\u0146\u0113mumam SIA \u201cCrystal ITG\u201d (juridisk\u0101 adrese: J\u0101\u0146a Asara iela 12, LV-3001 Jelgava LATVIJA). M\u0101jaslapa ir izveidota, lai nodro\u0161in\u0101tu lietot\u0101jiem pieeju pla\u0161\u0101kai inform\u0101cijai par SIA \u201cCrystal ITG\u201d un t\u0101 ra\u017eoto produkciju, k\u0101 ar\u012b nodro\u0161in\u0101tu iesp\u0113ju tie\u0161saist\u0113 ieg\u0101d\u0101ties SIA \u201cCrystal ITG\u201d pied\u0101v\u0101to produkciju.<\/li><li>SIA \u201cCrystal ITG\u201d patur ties\u012bbas jebkur\u0101 laik\u0101 veikt izmai\u0146as lapas lieto\u0161anas noteikumos, bez iepriek\u0161\u0113ja br\u012bdin\u0101juma. Lietojot M\u0101jaslapu, p\u0113c jebkuru izmai\u0146u veik\u0161anas, lietot\u0101js piekr\u012bt tos iev\u0113rot un izpild\u012bt.<\/li><li>Lapas lietot\u0101jam aizliegts piek\u013c\u016bt M\u0101jaslapas sl\u0113gtaj\u0101m sada\u013c\u0101m apejot dro\u0161\u012bbas sist\u0113mas.<\/li><li>SIA \u201cCrystal ITG\u201d neuz\u0146emas atbild\u012bbu par tie\u0161iem vai netie\u0161iem zaud\u0113jumiem, kas radu\u0161ies d\u0113\u013c M\u0101jaslap\u0101 pieejam\u0101s un nepieejam\u0101s inform\u0101cijas, neatkar\u012bgi no t\u0101, vai t\u0101 ir piln\u012bga vai da\u013c\u0113ji korekta, izmanto\u0161anas, nevienai no iesaist\u012btaj\u0101m pus\u0113m.<\/li><li>SIA \u201cCrystal ITG\u201d negarant\u0113 M\u0101jasl\u0101p\u0101 ievietot\u0101s inform\u0101cijas aktualit\u0101ti. Lai ieg\u016btu aktu\u0101lo inform\u0101ciju, j\u0101sazin\u0101s ar SIA \u201cCrystal ITG\u201d.<\/li><li>Visiem M\u0101jaslap\u0101 ievietotajiem produktu att\u0113liem ir tikai ilustrat\u012bva noz\u012bme. Att\u0113lotie produkti un to komplekt\u0101cijas var at\u0161\u0137irties no re\u0101lajiem.<\/li><li>Visa M\u0101jaslap\u0101 ievietot\u0101 inform\u0101cija ir SIA \u201cCrystal ITG\u201d \u012bpa\u0161ums, kuru nav at\u013cauts izmantot komerci\u0101liem m\u0113r\u0137iem bez uz\u0146\u0113muma rakstiskas piekri\u0161anas. Izmantojot M\u0101jaslapas saturu nekomerci\u0101liem m\u0113r\u0137iem, j\u0101nor\u0101da atsauce www.crystalitg.com vai \u201c\u00a9 2011-2022 SIA \u201cCrystal ITG\u201d.<\/li><li>SIA \u201cCrystal ITG\u201d nenes atbild\u012bbu par M\u0101jaslap\u0101 ievietoto sai\u0161u, kas ved uz cit\u0101m interneta M\u0101jaslap\u0101m, saturu.<\/li><li>SIA \u201cCrystal ITG\u201d ieg\u016btos datus, kuri apstr\u0101d\u0101ti caur M\u0101jaslapu var br\u012bvi izmantot neierobe\u017eotu laika posmu.<\/li><li>SIA \u201cCrystal ITG\u201d dr\u012bkst izmantot par lietot\u0101ju ieg\u016bto inform\u0101ciju lai:<ul><li>inform\u0113tu par pas\u016bt\u012bjuma statusu un pieg\u0101di;<\/li><li>sniegtu inform\u0101ciju par produktu vai pakalpojumu, kuru lietot\u0101js piepras\u012bjis no SIA \u201cCrystal ITG\u201d;<\/li><li>sazin\u0101tos ar M\u0101jaslapas lietot\u0101ju, izmantojot sniegto kontaktu inform\u0101ciju;<\/li><li>odro\u0161in\u0101tu, ka M\u0101jaslapas saturs tiek nodots jums p\u0113c iesp\u0113jas korekt\u0101k un \u0113rt\u0101k.<\/li><\/ul><\/li><li>Uz\u0146\u0113mums dr\u012bkst apkopot inform\u0101ciju, kura ieg\u016bta M\u0101jaslapas lietot\u0101jam aizpildot M\u0101jaslap\u0101 pieejamo elektronisko formu, kas paredz\u0113ta atbildes uz jaut\u0101jumu vai pied\u0101v\u0101juma piepras\u012bjuma ieg\u016b\u0161anai. Jebkura veida lietot\u0101ja sazi\u0146a ar uz\u0146\u0113mumu SIA \u201cCrystal ITG\u201d, t. sk., e-pasta sarakste, var tikt izmantota uz\u0146\u0113muma vajadz\u012bb\u0101m, iev\u0113rojot konfidencionalit\u0101ti.<\/li><li>SIA \u201cCrystal ITG\u201d dr\u012bkst atkl\u0101t lietotaju personisko inform\u0101ciju uz\u0146\u0113muma ietvaros, iev\u0113rojot konfidencionalit\u0101ti un izmantot to uz\u0146\u0113muma iek\u0161\u0113jiem administrat\u012bvajiem un citiem biznesa m\u0113r\u0137iem.<\/li><li>IA \u201cCrystal ITG\u201d dr\u012bkst atkl\u0101t lietot\u0101ju iesniegto personisko inform\u0101ciju tre\u0161aj\u0101m pus\u0113m:<ul><li>ja tas nepiecie\u0161ams biznesa dar\u012bjuma, starp SIA \u201cCrystal ITG\u201d un tre\u0161o pusi, ietvaros p\u0113c dar\u012bjum\u0101 iesaist\u012bt\u0101s otras puses piepras\u012bjuma;<\/li><li>ja SIA \u201cCrystal ITG\u201d dar\u012bjum\u0101 ar tre\u0161o pusi, personas dati ir iek\u013cauti k\u0101 dar\u012bjuma satura da\u013ca;<\/li><li>ja SIA \u201cCrystal ITG\u201d ir pien\u0101kums atkl\u0101t vai izpaust j\u016bsu personas datus, lai izpild\u012btu juridiskas saist\u012bbas vai sast\u0101d\u012btu pieg\u0101des un cita veida l\u012bgumus;<\/li><li>ja inform\u0101cija nepiecie\u0161ama tre\u0161\u0101s puses pakalpojumu sniedz\u0113jiem, lai uzlabotu SIA \u201cCrystal ITG\u201d pied\u0101v\u0101tos pakalpojumus, nodro\u0161in\u0101tu korektu maks\u0101jumu apstr\u0101di un ar tiem saist\u012bt\u0101s nepiecie\u0161am\u0101s inform\u0101cijas p\u0101rbaudes. Tre\u0161aj\u0101m person\u0101m tiek pie\u0161\u0137irta piek\u013cuve tikai konkr\u0113ta pakalpojuma nodro\u0161in\u0101\u0161anai nepiecie\u0161amajai inform\u0101cijai par lapas lietot\u0101jiem. SIA \u201cCrystal ITG\u201d ar tre\u0161aj\u0101m person\u0101m sadarbojas sl\u0113dzot l\u012bgumu par datu izmanto\u0161anas nosac\u012bjumiem un m\u0113r\u0137iem, k\u0101diem tie var tikt izmantoti.<\/li><\/ul><\/li><li>Lai at\u0161\u0137irtu lietot\u0101jus, M\u0101jaslap\u0101 tiek lietoti s\u012bkfaili (<em>Cookies<\/em>). Tas pal\u012bdz nodro\u0161in\u0101t veiksm\u012bgu lietot\u0101ja pieredzi M\u0101jaslapas apmekl\u0113juma laik\u0101 un \u013cauj to pilnveidot.<\/li><li>Lietot\u0101jam apmekl\u0113jot M\u0101jaslapu, tiek autom\u0101tiski apkopota sekojo\u0161a lietot\u0101ja inform\u0101cija: interneta protokola (IP) adrese, kuru lietot\u0101js izmanto interneta savienojuma veido\u0161anai; lietot\u0101ja p\u0101rl\u016bka programmas veids un versija; lietot\u0101ja oper\u0113t\u0101jsist\u0113mas inform\u0101cija; inform\u0101cija par lapas apmekl\u0113juma laiku, datumu un t\u0101 laik\u0101 lietot\u0101ja veiktaj\u0101m darb\u012bb\u0101m M\u0101jaslap\u0101.<\/li><li>Pieeja M\u0101jaslapas saturam var tik blo\u0137\u0113ta ikvienam, kur\u0161 p\u0101rk\u0101pis \u0161os lieto\u0161anas noteikumus.<\/li><li>Visi str\u012bdi saist\u012bb\u0101 ar M\u0101jaslapas lieto\u0161anas noteikumiem tiek risin\u0101ti savstarp\u0113jo p\u0101rrunu ce\u013c\u0101. Ja p\u0101rrunu ce\u013c\u0101 iesaist\u012btaj\u0101m pus\u0113m neizdodas vienoties, str\u012bdi risin\u0101mi saska\u0146\u0101 ar Latvijas Republikas normat\u012bvajiem aktiem.<\/li><\/ol><p>\u00a9 2011-2022, SIA \u201cCrystal ITG\u201d Visas ties\u012bbas aizsarg\u0101tas<\/p>\t\t\t\t\t\t\t\t<\/div>\n\t\t\t\t<\/div>\n\t\t\t\t\t<\/div>\n\t\t<\/div>\n\t\t\t\t\t<\/div>\n\t\t<\/section>\n\t\t\t\t<\/div>","protected":false},"excerpt":{"rendered":"<p>M\u0101jaslapa www.crystalitg.com (turpm\u0101k tekst\u0101 M\u0101jaslapa) pieder uz\u0146\u0113mumam SIA \u201cCrystal ITG\u201d (juridisk\u0101 adrese: Jana Asara iela 12, LV-3001 Jelgava LATVIJA). M\u0101jaslapa ir izveidota, lai nodro\u0161in\u0101tu lietot\u0101jiem pieeju pla\u0161\u0101kai inform\u0101cijai par SIA \u201cCrystal ITG\u201d un t\u0101 ra\u017eoto produkciju, k\u0101 ar\u012b nodro\u0161in\u0101tu iesp\u0113ju tie\u0161saist\u0113 ieg\u0101d\u0101ties SIA \u201cCrystal ITG\u201d pied\u0101v\u0101to produkciju. SIA \u201cCrystal ITG\u201d patur ties\u012bbas jebkur\u0101 laik\u0101 veikt [&hellip;]<\/p>\n","protected":false},"author":1,"featured_media":0,"parent":0,"menu_order":0,"comment_status":"closed","ping_status":"closed","template":"elementor_header_footer","meta":{"footnotes":""},"class_list":["post-3124","page","type-page","status-publish","hentry"],"jetpack_sharing_enabled":true,"_links":{"self":[{"href":"https:\/\/crystalitg.com\/lv\/wp-json\/wp\/v2\/pages\/3124","targetHints":{"allow":["GET"]}}],"collection":[{"href":"https:\/\/crystalitg.com\/lv\/wp-json\/wp\/v2\/pages"}],"about":[{"href":"https:\/\/crystalitg.com\/lv\/wp-json\/wp\/v2\/types\/page"}],"author":[{"embeddable":true,"href":"https:\/\/crystalitg.com\/lv\/wp-json\/wp\/v2\/users\/1"}],"replies":[{"embeddable":true,"href":"https:\/\/crystalitg.com\/lv\/wp-json\/wp\/v2\/comments?post=3124"}],"version-history":[{"count":2,"href":"https:\/\/crystalitg.com\/lv\/wp-json\/wp\/v2\/pages\/3124\/revisions"}],"predecessor-version":[{"id":3127,"href":"https:\/\/crystalitg.com\/lv\/wp-json\/wp\/v2\/pages\/3124\/revisions\/3127"}],"wp:attachment":[{"href":"https:\/\/crystalitg.com\/lv\/wp-json\/wp\/v2\/media?parent=3124"}],"curies":[{"name":"wp","href":"https:\/\/api.w.org\/{rel}","templated":true}]}}