{"id":2933,"date":"2022-06-15T12:12:10","date_gmt":"2022-06-15T12:12:10","guid":{"rendered":"https:\/\/crystalitg.com\/?page_id=2933"},"modified":"2022-08-23T09:25:00","modified_gmt":"2022-08-23T09:25:00","slug":"ordersreturns","status":"publish","type":"page","link":"https:\/\/crystalitg.com\/lv\/ordersreturns\/","title":{"rendered":"Pas\u016bt\u012bjumi &amp; atgrie\u0161ana"},"content":{"rendered":"<div data-elementor-type=\"wp-page\" data-elementor-id=\"2933\" class=\"elementor elementor-2933\">\n\t\t\t\t\t\t<section class=\"elementor-section elementor-top-section elementor-element elementor-element-5927807 elementor-section-full_width elementor-section-height-default elementor-section-height-default\" data-id=\"5927807\" data-element_type=\"section\" data-e-type=\"section\">\n\t\t\t\t\t\t<div class=\"elementor-container elementor-column-gap-no\">\n\t\t\t\t\t<div class=\"elementor-column elementor-col-100 elementor-top-column elementor-element elementor-element-9349946\" data-id=\"9349946\" data-element_type=\"column\" data-e-type=\"column\">\n\t\t\t<div class=\"elementor-widget-wrap\">\n\t\t\t\t\t\t\t<\/div>\n\t\t<\/div>\n\t\t\t\t\t<\/div>\n\t\t<\/section>\n\t\t\t\t<section class=\"elementor-section elementor-top-section elementor-element elementor-element-8305a30 elementor-section-boxed elementor-section-height-default elementor-section-height-default\" data-id=\"8305a30\" data-element_type=\"section\" data-e-type=\"section\">\n\t\t\t\t\t\t<div class=\"elementor-container elementor-column-gap-default\">\n\t\t\t\t\t<div class=\"elementor-column elementor-col-100 elementor-top-column elementor-element elementor-element-52f0506\" data-id=\"52f0506\" data-element_type=\"column\" data-e-type=\"column\">\n\t\t\t<div class=\"elementor-widget-wrap elementor-element-populated\">\n\t\t\t\t\t\t<div class=\"elementor-element elementor-element-28a85e6 elementor-widget elementor-widget-text-editor\" data-id=\"28a85e6\" data-element_type=\"widget\" data-e-type=\"widget\" data-widget_type=\"text-editor.default\">\n\t\t\t\t<div class=\"elementor-widget-container\">\n\t\t\t\t\t\t\t\t\t<p><strong>PAS\u016aT\u012aJUMA VEIK\u0160ANA<\/strong><\/p><p>Izv\u0113rt\u0113jot klientu v\u0113lmes un vajadz\u012bbas, esam izveidoju\u0161i \u0113rtu un viegli lietojamu tie\u0161saistes veikalu. J\u016bs esat p\u0101ris \u201cklik\u0161\u0137u\u201d att\u0101lum\u0101, lai ieg\u0101d\u0101tos kokskaidu granulas ar pieg\u0101di vai iesp\u0113ju sa\u0146emt ra\u017eotn\u0113. Lai veiktu pas\u016bt\u012bjumu, Jums nepiecie\u0161ams veikt sekojo\u0161as darb\u012bbas:<\/p><ul><li>Izv\u0113lieties produkta daudzumu.<\/li><li>Prec\u012bzi nor\u0101diet inform\u0101ciju par maks\u0101t\u0101ju.<\/li><li>Pas\u016bt\u012bjuma form\u0101 atz\u012bm\u0113jiet, vai v\u0113laties ieg\u0101d\u0101ties granulas ar pieg\u0101di, vai sa\u0146emt ra\u017eotn\u0113.<\/li><li>Ieg\u0101d\u0101joties pilnas paletes vai Big Bag ar pieg\u0101di, izv\u0113lieties opciju \u201cAr pieg\u0101di\u201d, ievadiet pieg\u0101des adresi un inform\u0101ciju par personu, kas pieg\u0101des adres\u0113 pie\u0146ems preci un parakst\u012bs transporta pavadz\u012bmi.<\/li><li><u>Pieg\u0101de ar Kurjeru<\/u>\u00a0\u2013 ievadiet pieg\u0101des adresi, un inform\u0101ciju par personu, kas pieg\u0101des adres\u0113 pie\u0146ems preci un parakst\u012bs pavadz\u012bmi;<\/li><\/ul><p><strong>MAKS\u0100JUMU K\u0100RT\u012aBA<\/strong><\/p><p>Ievadot pras\u012bto inform\u0101ciju par pas\u016bt\u012bjumu, Jums tiks pied\u0101v\u0101ta iesp\u0113ja nor\u0113\u0137in\u0101ties ar maks\u0101juma karti vai interneta banku. Ievadot kred\u012btkartes, debetkartes (Visa, MasterCard, Maestro) vai citus pras\u012btos datus, un apstiprinot maks\u0101jumu, pas\u016bt\u012bjuma summa tiek autom\u0101tiski rezerv\u0113ta. Visi SIA \u201cCrystal ITG\u201d tie\u0161saistes veikal\u0101 veiktie maks\u0101jumi ir dro\u0161i un tiek garant\u0113ta piln\u012bga maks\u0101t\u0101ja datu aizsardz\u012bba.<\/p><p><strong>PAS\u016aT\u012aJUMA APSTIRPIN\u0100JUMS<\/strong><\/p><p>Kad izdar\u012bsiet pas\u016bt\u012bjumu, uz J\u016bsu nor\u0101d\u012bto e-pasta adresi tiks nos\u016bt\u012bts pas\u016bt\u012bjuma apstiprin\u0101jums, kas sev\u012b ietvers:<\/p><ul><li>Klienta v\u0101rdu, uzv\u0101rdu\/uz\u0146\u0113muma nosaukumu;<\/li><li>P\u0101rdev\u0113ja kontaktinform\u0101ciju;<\/li><li>Preces aprakstu, skaitu un cenu (EUR, ieskaitot PVN);<\/li><li>Pas\u016bt\u012bjuma summu, ieskaitot pieg\u0101des izdevumus, ja t\u0101di b\u016bs;<\/li><li>Maks\u0101juma veidu;<\/li><li>Pirkuma datumu;<\/li><li>Pas\u016bt\u012bjuma apstiprin\u0101juma numuru;<\/li><\/ul><p>Kad SIA \u201cCrystal ITG\u201d sa\u0146ems bankas apstiprin\u0101jumu par veiksm\u012bgi notiku\u0161u maks\u0101jumu, uz J\u016bsu nor\u0101d\u012bto e-pasta adresi tiks nos\u016bt\u012bta inform\u0101cija par preces nodo\u0161anu pieg\u0101dei.<\/p><p>Ja b\u016bsiet granulas ieg\u0101d\u0101jies ar iesp\u0113ju sa\u0146emt ra\u017eotn\u0113, tad e-past\u0101 sa\u0146emsiet datumu, kad var\u0113siet ierasties p\u0113c preces.<\/p><p><strong>CENAS<\/strong><\/p><ul><li>Pieg\u0101des cena tiek apr\u0113\u0137in\u0101ta autom\u0101tiski izv\u0113loties atbilsto\u0161u pieg\u0101des veidu.<\/li><li>Pieg\u0101des cena ir atkar\u012bga no kop\u0113j\u0101 pas\u016bt\u012bjuma apjoma un pieg\u0101des vietas.<\/li><li>SIA \u201cCrystal ITG\u201d ir ties\u012bgi main\u012bt cenas bez iepriek\u0161\u0113ja br\u012bdin\u0101juma. \u0160\u0101das izmai\u0146as neattiecas uz pas\u016bt\u012bjumiem, kas ir veikti pirms cenu mai\u0146as.<\/li><\/ul><p><strong>PILNU PALE\u0160U UN BIG BAG MAISU PIEG\u0100DE<\/strong><\/p><ul><li>No br\u012b\u017ea, kad SIA \u201cCrystal ITG\u201d sa\u0146ems apmaksu par pas\u016bt\u012bjumu un J\u016bs sa\u0146emsiet pas\u016bt\u012bjuma izseko\u0161anas numuru e-past\u0101, pieg\u0101de tiks nodro\u0161in\u0101ta 5-10 darba dienu laik\u0101. Ja, neparedz\u0113tu apst\u0101k\u013cu d\u0113\u013c, pieg\u0101dei b\u016bs nepiecie\u0161ams vair\u0101k par 5-10 darba dien\u0101m, ar Jums sazin\u0101simies, lai par to inform\u0113tu. Pieg\u0101de tiek nodro\u0161in\u0101tas uz nor\u0101d\u012bto adresi tikai darba dien\u0101s no plkst. 8.00 l\u012bdz 17.00.<\/li><li>Vismaz 30 min\u016btes pirms pieg\u0101des uz J\u016bsu nor\u0101d\u012bto adresi, transporta pakalpojumu sniedz\u0113js ar Jums sazin\u0101sies telefoniski, lai inform\u0113tu par savu iera\u0161anos.<\/li><li>Pieg\u0101des br\u012bd\u012b sa\u0146\u0113m\u0113jam ir j\u0101b\u016bt pieejamam nor\u0101d\u012btaj\u0101 adres\u0113. Pret\u0113j\u0101 gad\u012bjum\u0101 tiks veikta atk\u0101rtota pieg\u0101de un Jums tiks izrakst\u012bts papildus r\u0113\u0137ins par atk\u0101rtotas pieg\u0101des izmaks\u0101m.<\/li><li>Ja p\u0113c izseko\u0161anas numura sa\u0146em\u0161anas seciniet, ka pieg\u0101des dien\u0101 nevar\u0113siet pie\u0146emt pas\u016bt\u012bjumu, tad ne v\u0113l\u0101k k\u0101 divas darba dienas pirms paredz\u0113t\u0101s pieg\u0101des par to ir j\u0101inform\u0113 SIA \u201cCrystal ITG\u201d zvanot pa mobilo t\u0101lruni vai s\u016btot e-past\u0101 uz sales@crystalitg.com<\/li><li>Pale\u0161u izcel\u0161ana no transportl\u012bdzek\u013ca ir iek\u013cauta pieg\u0101des cen\u0101. Ar pac\u0113l\u0101ju palete tiks nolaista l\u012bdz zemei un transporta pakalpojumu sniedz\u0113js ar rokas rati\u0146iem nocels paleti no pac\u0113l\u0101ja. \u0145emiet v\u0113r\u0101, ka autovad\u012bt\u0101js paleti, no t\u0101s izcel\u0161anas vietas, p\u0101rvietos tikai 5 metru r\u0101dius\u0101 no automa\u0161\u012bnas atra\u0161an\u0101s vietas.<\/li><li>SVAR\u012aGI: Preci var\u0113s pie\u0146emt tikai tas cilv\u0113ks, kuru b\u016bsiet nor\u0101d\u012bjis k\u0101 preces sa\u0146\u0113m\u0113ju, pas\u016bt\u012bjuma veik\u0161anas br\u012bd\u012b. Preces pie\u0146em\u0161anas br\u012bd\u012b ir j\u0101paraksta transporta pavadz\u012bme, kas apliecin\u0101s, ka prece ir sa\u0146emta.<\/li><li>Prece tiks pieg\u0101d\u0101ta uz J\u016bsu nor\u0101d\u012bto adresi. Automa\u0161\u012bna, kas ierad\u012bsies J\u016bsu pieg\u0101des adres\u0113 ir 9 metrus gara, 2,45 metrus plata un 4 metrus augsta.  Ja piebrauk\u0161ana un preces izkrau\u0161ana nav iesp\u0113jama nor\u0101d\u012btaj\u0101 adres\u0113, tad transporta pakalpojumu sniedz\u0113js preci izkraus tuv\u0101kaj\u0101, iesp\u0113jamaj\u0101 viet\u0101.<\/li><li>Lai nodro\u0161in\u0101tu granulu pieg\u0101di:<ul><li>Piebraucam\u0101 ce\u013ca un v\u0101rtu platumam ir j\u0101b\u016bt vismaz 3 metrus platam.<\/li><li>Ce\u013ca segumam j\u0101b\u016bt stabilam un stingram, lai pa to dro\u0161i var\u0113tu p\u0101rvietoties kravas ma\u0161\u012bna, kuras pilna masa p\u0101rsniedz 10 tonnas.<\/li><li>Ziemas period\u0101, iebraucamajam ce\u013cam j\u0101b\u016bt not\u012br\u012btam.<\/li><li>Piev\u0113rsiet uzman\u012bbu, lai J\u016bsu pieg\u0101des adrese atrodas viet\u0101, kur nav ierobe\u017eojo\u0161a ce\u013ca z\u012bme, kas liegtu transportl\u012bdzeklim, kas p\u0101rsniedz 10 tonnu svaru, iebraukt teritorij\u0101.<\/li><li>Veicot pieg\u0101des priv\u0101tm\u0101ju rajonos, Jums j\u0101nodro\u0161ina, lai kravas ma\u0161\u012bnai b\u016btu pietiekami liela, br\u012bva teritorija, lai veiktu apgrie\u0161an\u0101s manevrus.<\/li><\/ul><\/li><li>Ja Jums ir aizdomas, ka, veicot pieg\u0101di, var\u0113tu rasties sare\u017e\u0123\u012bjumi ar piebrauk\u0161anu pie izkrau\u0161an\u0101s adreses vai preces izkrau\u0161anu, pirms pas\u016bt\u012bjuma veik\u0161anas, l\u016bdzu sazinieties ar SIA \u201cCrystal ITG\u201d, lai konsult\u0113tos par iesp\u0113jam\u0101m pieg\u0101des alternat\u012bv\u0101m un papildus izmaks\u0101m, kas var\u0113tu rasties.<\/li><li>Ja preces pieg\u0101des adres\u0113 tiek konstat\u0113ts, ka preci nav iesp\u0113jams izkraut t\u0101, k\u0101 Jums tas ir nepiecie\u0161ams, tad Jums tiks pied\u0101v\u0101tas alternat\u012bvas par papildus samaksu.<\/li><li>Ja esat ieg\u0101d\u0101jies preci ar pieg\u0101di, un, pirc\u0113ja vainas vai neuzman\u012bbas d\u0113\u013c, k\u0101ds no augst\u0101k min\u0113tajiem pieg\u0101des un preces sa\u0146em\u0161anas nosac\u012bjumiem netiek pild\u012bts vai netiek nodro\u0161in\u0101ts, lai garant\u0113tu veiksm\u012bgu pieg\u0101di, tad, saska\u0146ojot ar pirc\u0113ju, tiks veikta atk\u0101rtota pieg\u0101de. Pirc\u0113jam tiks izrakst\u012bts atk\u0101rtotas pieg\u0101des r\u0113\u0137ins (kas b\u016bs 50% no s\u0101kotn\u0113j\u0101s pieg\u0101des cenas) un p\u0113c r\u0113\u0137ina apmaksas, pieg\u0101de tiks veikta atk\u0101rtoti.<\/li><li>Pavadz\u012bmes ori\u0123in\u0101ls b\u016bs piestiprin\u0101ts pie vienas no palet\u0113m.<\/li><\/ul><p><strong>PRECES PIEG\u0100DE AR KURJERU<\/strong><\/p><ul><li>Piesakot kurjera pakalpojumu pieg\u0101des adrese j\u0101nor\u0101da ar lat\u012b\u0146u burtiem un ar\u0101bu cipariem. Adres\u0113 nedr\u012bkst iek\u013caut sa\u012bsin\u0101tus apz\u012bm\u0113jumus, ciparus vai apz\u012bm\u0113jumus, kas nav visp\u0101r\u012bgi atpaz\u012bstami un var\u0113tu rad\u012bt gr\u016bt\u012bbas preces apstr\u0101d\u0113 un pieg\u0101d\u0113 sa\u0146\u0113m\u0113jam.<\/li><li>Preces pieg\u0101de notiek 3 darba dienu laik\u0101 no pas\u016bt\u012bjuma br\u012b\u017ea. Ja, neparedz\u0113tu apst\u0101k\u013cu d\u0113\u013c, pieg\u0101dei b\u016bs nepiecie\u0161ams vair\u0101k par 3 darba dien\u0101m, ar Jums sazin\u0101simies, lai par to inform\u0113tu.<\/li><li>S\u016bt\u012bjumu pieg\u0101de notiek laika posm\u0101 no plkst. 08:00 \u2013 17:00. Vismaz 30 min. pirms pieg\u0101des kurjers sazin\u0101s ar sa\u0146\u0113m\u0113ju pa pas\u016bt\u012bjum\u0101 nor\u0101d\u012bto kontaktt\u0101lruni.<\/li><li>Preces sa\u0146\u0113m\u0113jam j\u0101rada t\u0101di apst\u0101k\u013ci, lai kurjeram preci b\u016btu iesp\u0113jams nodot. J\u0101nodro\u0161ina piek\u013c\u016b\u0161ana pieg\u0101des vietai, k\u0101 ar\u012b j\u0101nodro\u0161ina brauk\u0161anai piem\u0113roti apst\u0101k\u013ci pa piebraucamo ce\u013cu.<\/li><li>Kurjerpasts nodro\u0161ina preces sa\u0146\u0113m\u0113jam iesp\u0113ju p\u0101rliecin\u0101ties par s\u016bt\u012bjuma vizu\u0101l\u0101 iepakojuma st\u0101vokli pirms s\u016bt\u012bjuma pie\u0146em\u0161anas.<\/li><li>Kurjerpieg\u0101des netiek nodro\u0161in\u0101tas br\u012bv\u012bbas at\u0146em\u0161anas viet\u0101s ieslodz\u012bt\u0101m person\u0101m vai person\u0101m, kas ievietotas stacion\u0101r\u0101s \u0101rstniec\u012bbas iest\u0101d\u0113s.<\/li><li>S\u016bt\u012bjumi, kuru svars p\u0101rsniedz 30 kilogramu tiks novietoti uz paletes.<\/li><li>Ar kurjeru nos\u016bt\u012bto s\u016bt\u012bjumu, kuru neizdosies pieg\u0101d\u0101t, kurjers ved atpaka\u013c uz noliktavu vai, vienojoties ar sa\u0146\u0113m\u0113ju, uz pakom\u0101tu. No pakom\u0101ta var\u0113s sa\u0146emt s\u016bt\u012bjumu 7 dienu laik\u0101. Ja s\u016bt\u012bjums netiks iz\u0146emts \u0161aj\u0101 termi\u0146\u0101, tad t\u0101 tiks nos\u016bt\u012bta atpaka\u013c s\u016bt\u012bt\u0101jam.<\/li><\/ul><p><strong>PRECES SA\u0145EM\u0160ANA RA\u017dOTN\u0112<\/strong><\/p><ul><li>Br\u012bd\u012b, kad SIA \u201cCrystal ITG\u201d sa\u0146em apmaksu par pas\u016bt\u012bjumu, Jums e-past\u0101 tiks nos\u016bt\u012bts datums, no kura s\u0101kot, 7 kalend\u0101ro dienu laik\u0101 Jums ir j\u0101ierodas p\u0113c preces. Ja, tehnisku iemeslu d\u0113\u013c, nevar\u0113sim nodro\u0161in\u0101t preces sa\u0146em\u0161anu \u0161aj\u0101 laik\u0101, J\u016bs tiksiet par to inform\u0113ts.<\/li><li>Ra\u017eotne un preces sa\u0146em\u0161anas vieta atrodas Cesvaines iel\u0101 3, R\u012bga.<\/li><li>Preci iesp\u0113jams sa\u0146emt noliktav\u0101 katru dienu \u0161\u0101dos laikos:<ul><li>08:00-12:30 ; 13:30-17:30<\/li><\/ul><\/li><li>SVAR\u012aGI: Tikai t\u0101 persona, ko b\u016bsiet nor\u0101d\u012bjis k\u0101 preces sa\u0146\u0113m\u0113ju, preces sa\u0146em\u0161anas br\u012bd\u012b var\u0113s parakst\u012bt pavadz\u012bmi un sa\u0146emt pavadz\u012bmes ori\u0123in\u0101lu. Un tikai taj\u0101 automa\u0161\u012bn\u0101, kuras re\u0123istr\u0101cijas numuru b\u016bsiet nor\u0101d\u012bjis pas\u016bt\u012bjum\u0101, var\u0113sim iekraut preci. Ja inform\u0101cija main\u0101s par preces sa\u0146\u0113m\u0113ju un\/vai automa\u0161\u012bnas re\u0123istr\u0101cijas numuru, tad par to ir j\u0101inform\u0113 SIA \u201cCrystal ITG\u201d, vismaz vienu darba dienu pirms pl\u0101not\u0101s preces sa\u0146em\u0161anas dienas. Pret\u0113j\u0101 gad\u012bjum\u0101, prece netiks izsniegta.<\/li><li>Preces cen\u0101 tiek iek\u013cauta preces iekrau\u0161ana J\u016bsu transportl\u012bdzekl\u012b ar pac\u0113l\u0101ju.<\/li><li>Prece ra\u017eotn\u0113 tiks izsniegta rindas k\u0101rt\u012bb\u0101.<\/li><\/ul><p><strong>ATTEIKUMA TIES\u012aBAS<\/strong><\/p><ul><li>Atteikuma ties\u012bbas ir izmantojamas 14 dienu laik\u0101, no preces sa\u0146em\u0161anas dienas.<\/li><li>Atteikuma ties\u012bbu izmanto\u0161ana noz\u012bm\u0113 \u201cpazi\u0146o\u0161anu\u201d par atteik\u0161anos no pas\u016bt\u012bjuma, proti, \u201cpazi\u0146ojuma par atteikumu\u201d iesnieg\u0161anu vai nos\u016bt\u012b\u0161anu tirgot\u0101jam.<\/li><li>Ja J\u016bs v\u0113laties atteikties no apmaks\u0101t\u0101 pas\u016bt\u012bjuma, tad, saska\u0146\u0101 ar Latvijas Pat\u0113r\u0113t\u0101ju ties\u012bbu aizsardz\u012bbas likuma, otr\u0101s noda\u013cas, 12.panta, 9.apak\u0161punktu, J\u016bs sedzat preces atpaka\u013catdo\u0161anas tie\u0161\u0101s izmaksas.<\/li><li>Atpaka\u013catdo\u0161anas tie\u0161\u0101s izmaksas \u2013 t\u0101s ir izmaksas, kuras rodas, lai preci nog\u0101d\u0101tu no pirc\u0113ja l\u012bdz p\u0101rdev\u0113jam.<\/li><li>Ja atsak\u0101ties no pas\u016bt\u012bjuma br\u012bd\u012b, kad tiek veikta pieg\u0101de no SIA \u201cCrystal ITG\u201d puses, tad pirc\u0113js sedz preces atpaka\u013catdo\u0161anas izdevumus, kas ir 150% no s\u0101kotn\u0113j\u0101s pieg\u0101des cenas. \u0160aj\u0101 gad\u012bjum\u0101 SIA \u201cCrystal ITG\u201d nodro\u0161in\u0101s preces atg\u0101d\u0101\u0161anu ra\u017eotn\u0113.<\/li><li>Ja atsak\u0101ties no pas\u016bt\u012bjuma br\u012bd\u012b, kad pieg\u0101de no SIA \u201cCrystal ITG\u201d puses jau ir notikusi, vai, ja preci esat sa\u0146\u0113mis noliktav\u0101, sa\u0146emto preci 14 dienu laik\u0101 l\u016bdzam nog\u0101d\u0101t SIA \u201cCrystal ITG\u201d ra\u017eotn\u0113 Cesvaines iela 3, Riga. Pirc\u0113js ir atbild\u012bgs par preces nog\u0101d\u0101\u0161anu SIA \u201cCrystal ITG\u201d ra\u017eotn\u0113 un pirc\u0113js sedz visus transporta izdevumus, kas saist\u012bti ar preces nog\u0101d\u0101\u0161anu SIA \u201cCrystal ITG\u201d noliktav\u0101.<\/li><li>Ja atsak\u0101ties no pas\u016bt\u012bjuma br\u012bd\u012b, kad pieg\u0101de v\u0113l nav uzs\u0101kta, vai pirms esat atbraucis uz ra\u017eotni, p\u0113c anketas iesnieg\u0161anas, ned\u0113\u013cas laik\u0101, Jums tiks atgriezta nauda 100% apm\u0113r\u0101.<\/li><li>Aizpild\u012btu, iesken\u0113tu atteikuma ties\u012bbu veidlapu, kop\u0101 ar pirkumu apliecino\u0161u dokumentu l\u016bdzam nos\u016bt\u012bt uz SIA \u201cCrystal ITG\u201d e-pasta adresi sales@crystalitg.com<\/li><li>Ja atsak\u0101ties no pakalpojuma br\u012bd\u012b, kad esat p\u0113c t\u0101s ieradies uz SIA \u201cCrystal ITG\u201d ra\u017eotni, l\u016bdzam aizpild\u012bt \u0161o veidlapu un ori\u0123in\u0101lu iesniegt SIA \u201cCrystal ITG\u201d.<\/li><li>Ja v\u0113laties atgriezt preci, tai j\u0101b\u016bt ori\u0123in\u0101laj\u0101 iepakojum\u0101, tie\u0161i t\u0101d\u0101 pa\u0161\u0101 st\u0101vokl\u012b, k\u0101 J\u016bs to sa\u0146\u0113m\u0101t.<\/li><li>Atteikuma veidlapu varat lejupl\u0101d\u0113t\u00a0<a href=\"http:\/\/www.stali.lv\/images\/pelletseshoprules\/20180227_atteikuma_tiesibu_veidlapa.pdf\">\u0161eit<\/a>.<\/li><\/ul><p><strong>KLIENTA DATU AIZSARDZ\u012aBA<\/strong><\/p><p>M\u0113s saglab\u0101jam un apstr\u0101d\u0101jam tikai tos personas datus, kas nepiecie\u0161ami, lai var\u0113tu izpild\u012bt l\u012bgum\u0101 norun\u0101t\u0101s saist\u012bbas.J\u016bsu personas dati tiek \u0161ifr\u0113ti. SIA \u201cCrystal ITG\u201d nav pieeja klienta interneta bankas un citiem maks\u0101juma datiem, jo lietot\u0101js maks\u0101juma veik\u0161anas br\u012bd\u012b tiek novirz\u012bts uz attiec\u012bg\u0101s bankas aizsarg\u0101tu lapu.<\/p><p>SIA \u201cCrystal ITG\u201d tie\u0161saistes veikals www.crystalitg.com t\u0101 pat k\u0101 vairums citi tie\u0161saites veikali, izmanto s\u012bkdatnes jeb cookies. To lieto\u0161anas noteikumi ir saska\u0146\u0101 ar Latvijas ties\u012bbu aktiem. S\u012bkdatnes fails tiek saglab\u0101ts lietot\u0101ja dator\u0101 un pal\u012bdz \u0113rt\u0101k lietot SIA \u201cCrystal ITG\u201d tie\u0161saites veikalu. S\u012bkdatnes \u013cauj mums sekot m\u0101jas lapas lietot\u0101ja aktivit\u0101t\u0113m un uzlabot iepirk\u0161an\u0101s kvalit\u0101ti. J\u016bs varat atsl\u0113gt s\u012bkdat\u0146u izmanto\u0161anu interneta p\u0101rl\u016bka programm\u0101, bet tas var ietekm\u0113t norm\u0101lu tie\u0161saistes veikala darb\u012bbu. Lietojot www.crystalitg.com vietni, J\u016bs piekr\u012btat s\u012bkfailu lieto\u0161anai.<\/p>\t\t\t\t\t\t\t\t<\/div>\n\t\t\t\t<\/div>\n\t\t\t\t\t<\/div>\n\t\t<\/div>\n\t\t\t\t\t<\/div>\n\t\t<\/section>\n\t\t\t\t<\/div>","protected":false},"excerpt":{"rendered":"<p>PAS\u016aT\u012aJUMA VEIK\u0160ANA Izv\u0113rt\u0113jot klientu v\u0113lmes un vajadz\u012bbas, esam izveidoju\u0161i \u0113rtu un viegli lietojamu tie\u0161saistes veikalu. J\u016bs esat p\u0101ris \u201cklik\u0161\u0137u\u201d att\u0101lum\u0101, lai ieg\u0101d\u0101tos kokskaidu granulas ar pieg\u0101di vai iesp\u0113ju sa\u0146emt ra\u017eotn\u0113. Lai veiktu pas\u016bt\u012bjumu, Jums nepiecie\u0161ams veikt sekojo\u0161as darb\u012bbas: Izv\u0113lieties produkta daudzumu. Prec\u012bzi nor\u0101diet inform\u0101ciju par maks\u0101t\u0101ju. Pas\u016bt\u012bjuma form\u0101 atz\u012bm\u0113jiet, vai v\u0113laties ieg\u0101d\u0101ties granulas ar pieg\u0101di, [&hellip;]<\/p>\n","protected":false},"author":1,"featured_media":0,"parent":0,"menu_order":0,"comment_status":"closed","ping_status":"closed","template":"elementor_header_footer","meta":{"footnotes":""},"class_list":["post-2933","page","type-page","status-publish","hentry"],"jetpack_sharing_enabled":true,"_links":{"self":[{"href":"https:\/\/crystalitg.com\/lv\/wp-json\/wp\/v2\/pages\/2933","targetHints":{"allow":["GET"]}}],"collection":[{"href":"https:\/\/crystalitg.com\/lv\/wp-json\/wp\/v2\/pages"}],"about":[{"href":"https:\/\/crystalitg.com\/lv\/wp-json\/wp\/v2\/types\/page"}],"author":[{"embeddable":true,"href":"https:\/\/crystalitg.com\/lv\/wp-json\/wp\/v2\/users\/1"}],"replies":[{"embeddable":true,"href":"https:\/\/crystalitg.com\/lv\/wp-json\/wp\/v2\/comments?post=2933"}],"version-history":[{"count":14,"href":"https:\/\/crystalitg.com\/lv\/wp-json\/wp\/v2\/pages\/2933\/revisions"}],"predecessor-version":[{"id":3136,"href":"https:\/\/crystalitg.com\/lv\/wp-json\/wp\/v2\/pages\/2933\/revisions\/3136"}],"wp:attachment":[{"href":"https:\/\/crystalitg.com\/lv\/wp-json\/wp\/v2\/media?parent=2933"}],"curies":[{"name":"wp","href":"https:\/\/api.w.org\/{rel}","templated":true}]}}