{"id":2203,"date":"2021-01-13T16:11:28","date_gmt":"2021-01-13T16:11:28","guid":{"rendered":"http:\/\/layerdrops.com\/linoorwp\/?page_id=22"},"modified":"2021-01-13T16:11:28","modified_gmt":"2021-01-13T16:11:28","slug":"testimonials","status":"publish","type":"page","link":"https:\/\/crystalitg.com\/lv\/testimonials\/","title":{"rendered":"Testimonials"},"content":{"rendered":"<div data-elementor-type=\"wp-page\" data-elementor-id=\"2203\" class=\"elementor elementor-2203\">\n\t\t\t\t\t\t<section class=\"elementor-section elementor-top-section elementor-element elementor-element-26a77b4 elementor-section-full_width elementor-section-height-default elementor-section-height-default\" data-id=\"26a77b4\" data-element_type=\"section\" data-e-type=\"section\">\n\t\t\t\t\t\t<div class=\"elementor-container elementor-column-gap-no\">\n\t\t\t\t\t<div class=\"elementor-column elementor-col-100 elementor-top-column elementor-element elementor-element-0427026\" data-id=\"0427026\" data-element_type=\"column\" data-e-type=\"column\">\n\t\t\t<div class=\"elementor-widget-wrap elementor-element-populated\">\n\t\t\t\t\t\t<div class=\"elementor-element elementor-element-3ca81b8 elementor-widget elementor-widget-linoor-testimonials\" data-id=\"3ca81b8\" data-element_type=\"widget\" data-e-type=\"widget\" data-widget_type=\"linoor-testimonials.default\">\n\t\t\t\t<div class=\"elementor-widget-container\">\n\t\t\t\t\t\r\n    <!--Testimonials Section-->\r\n    <section class=\"testimonials-section testimonials-page\">\r\n        <div class=\"auto-container\">\r\n            <div class=\"row clearfix\">\r\n                                                                        <div class=\"testi-block col-lg-6 col-md-12 col-sm-12\">\r\n                        <div class=\"inner\">\r\n                            <div class=\"icon\"><span>\u201c<\/span><\/div>\r\n                            <div class=\"info\">\r\n                                <div class=\"image\"><img decoding=\"async\" width=\"73\" height=\"73\" src=\"https:\/\/i0.wp.com\/crystalitg.com\/wp-content\/uploads\/2021\/01\/Vidmants.jpg?resize=73%2C73&ssl=1\" class=\"attachment-linoor_testimonials_73X73 size-linoor_testimonials_73X73 wp-post-image\" alt=\"\" srcset=\"https:\/\/i0.wp.com\/crystalitg.com\/wp-content\/uploads\/2021\/01\/Vidmants.jpg?resize=150%2C150&ssl=1 150w, https:\/\/i0.wp.com\/crystalitg.com\/wp-content\/uploads\/2021\/01\/Vidmants.jpg?resize=286%2C290&ssl=1 286w, https:\/\/i0.wp.com\/crystalitg.com\/wp-content\/uploads\/2021\/01\/Vidmants.jpg?resize=73%2C73&ssl=1 73w, https:\/\/i0.wp.com\/crystalitg.com\/wp-content\/uploads\/2021\/01\/Vidmants.jpg?resize=77%2C77&ssl=1 77w, https:\/\/i0.wp.com\/crystalitg.com\/wp-content\/uploads\/2021\/01\/Vidmants.jpg?resize=63%2C63&ssl=1 63w, https:\/\/i0.wp.com\/crystalitg.com\/wp-content\/uploads\/2021\/01\/Vidmants.jpg?resize=125%2C125&ssl=1 125w, https:\/\/i0.wp.com\/crystalitg.com\/wp-content\/uploads\/2021\/01\/Vidmants.jpg?resize=192%2C192&ssl=1 192w, https:\/\/i0.wp.com\/crystalitg.com\/wp-content\/uploads\/2021\/01\/Vidmants.jpg?resize=270%2C270&ssl=1 270w, https:\/\/i0.wp.com\/crystalitg.com\/wp-content\/uploads\/2021\/01\/Vidmants.jpg?resize=100%2C100&ssl=1 100w\" sizes=\"(max-width: 73px) 100vw, 73px\" \/><\/div>\r\n                                <div class=\"name\">Vidmants<\/div>\r\n                                <div class=\"designation\"><\/div>\r\n                            <\/div>\r\n                            <div class=\"text\">Sav\u0101m m\u0101j\u0101m es v\u0113los tikai to lab\u0101ko: Crystal Pellet pied\u0101v\u0101 un nodro\u0161ina to, ko sola. 5\u00a0zvaig\u017e\u0146u pakalpojums: 100% ieteicams.<\/div>\r\n                        <\/div>\r\n                    <\/div>\r\n\r\n                                                        <div class=\"testi-block col-lg-6 col-md-12 col-sm-12\">\r\n                        <div class=\"inner\">\r\n                            <div class=\"icon\"><span>\u201c<\/span><\/div>\r\n                            <div class=\"info\">\r\n                                <div class=\"image\"><img decoding=\"async\" width=\"73\" height=\"73\" src=\"https:\/\/i0.wp.com\/crystalitg.com\/wp-content\/uploads\/2022\/04\/IMG_1520.jpg?resize=73%2C73&ssl=1\" class=\"attachment-linoor_testimonials_73X73 size-linoor_testimonials_73X73 wp-post-image\" alt=\"\" srcset=\"https:\/\/i0.wp.com\/crystalitg.com\/wp-content\/uploads\/2022\/04\/IMG_1520.jpg?resize=150%2C150&ssl=1 150w, https:\/\/i0.wp.com\/crystalitg.com\/wp-content\/uploads\/2022\/04\/IMG_1520.jpg?resize=73%2C73&ssl=1 73w, https:\/\/i0.wp.com\/crystalitg.com\/wp-content\/uploads\/2022\/04\/IMG_1520.jpg?resize=77%2C77&ssl=1 77w, https:\/\/i0.wp.com\/crystalitg.com\/wp-content\/uploads\/2022\/04\/IMG_1520.jpg?resize=63%2C63&ssl=1 63w, https:\/\/i0.wp.com\/crystalitg.com\/wp-content\/uploads\/2022\/04\/IMG_1520.jpg?resize=125%2C125&ssl=1 125w, https:\/\/i0.wp.com\/crystalitg.com\/wp-content\/uploads\/2022\/04\/IMG_1520.jpg?resize=192%2C192&ssl=1 192w, https:\/\/i0.wp.com\/crystalitg.com\/wp-content\/uploads\/2022\/04\/IMG_1520.jpg?resize=270%2C270&ssl=1 270w, https:\/\/i0.wp.com\/crystalitg.com\/wp-content\/uploads\/2022\/04\/IMG_1520.jpg?resize=100%2C100&ssl=1 100w\" sizes=\"(max-width: 73px) 100vw, 73px\" \/><\/div>\r\n                                <div class=\"name\">Natalija<\/div>\r\n                                <div class=\"designation\"><\/div>\r\n                            <\/div>\r\n                            <div class=\"text\">Kop\u0161 s\u0101ku lietot Crystal granulas 2 gadus nezvan\u012bju tehni\u0137im: bez pelniem, super jauda. Noteikti lab\u0101k\u0101s granulas tirg\u016b!<\/div>\r\n                        <\/div>\r\n                    <\/div>\r\n\r\n                                                        <div class=\"testi-block col-lg-6 col-md-12 col-sm-12\">\r\n                        <div class=\"inner\">\r\n                            <div class=\"icon\"><span>\u201c<\/span><\/div>\r\n                            <div class=\"info\">\r\n                                <div class=\"image\"><img decoding=\"async\" width=\"73\" height=\"73\" src=\"https:\/\/i0.wp.com\/crystalitg.com\/wp-content\/uploads\/2021\/01\/IMG_1515.jpg?resize=73%2C73&ssl=1\" class=\"attachment-linoor_testimonials_73X73 size-linoor_testimonials_73X73 wp-post-image\" alt=\"\" srcset=\"https:\/\/i0.wp.com\/crystalitg.com\/wp-content\/uploads\/2021\/01\/IMG_1515.jpg?resize=150%2C150&ssl=1 150w, https:\/\/i0.wp.com\/crystalitg.com\/wp-content\/uploads\/2021\/01\/IMG_1515.jpg?resize=73%2C73&ssl=1 73w, https:\/\/i0.wp.com\/crystalitg.com\/wp-content\/uploads\/2021\/01\/IMG_1515.jpg?resize=77%2C77&ssl=1 77w, https:\/\/i0.wp.com\/crystalitg.com\/wp-content\/uploads\/2021\/01\/IMG_1515.jpg?resize=63%2C63&ssl=1 63w, https:\/\/i0.wp.com\/crystalitg.com\/wp-content\/uploads\/2021\/01\/IMG_1515.jpg?resize=125%2C125&ssl=1 125w, https:\/\/i0.wp.com\/crystalitg.com\/wp-content\/uploads\/2021\/01\/IMG_1515.jpg?resize=192%2C192&ssl=1 192w, https:\/\/i0.wp.com\/crystalitg.com\/wp-content\/uploads\/2021\/01\/IMG_1515.jpg?resize=270%2C270&ssl=1 270w, https:\/\/i0.wp.com\/crystalitg.com\/wp-content\/uploads\/2021\/01\/IMG_1515.jpg?resize=100%2C100&ssl=1 100w\" sizes=\"(max-width: 73px) 100vw, 73px\" \/><\/div>\r\n                                <div class=\"name\">Linda<\/div>\r\n                                <div class=\"designation\"><\/div>\r\n                            <\/div>\r\n                            <div class=\"text\">Kop\u0161 p\u0101rg\u0101ju no nesertific\u0113tas (bet l\u0113t\u0101kas) granulas, pirk\u0161anai t\u0113r\u0113ju vair\u0101k, bet visa gada garum\u0101 ietaup\u012bju tik daudz naudas tehniskaj\u0101 t\u012br\u012b\u0161an\u0101 un remontdarbos: un apkurei vairs nebeidzas. Vadu skolu un b\u0113rnud\u0101rzu, tagad maniem mazajiem klientiem visu ziemu ir 100% silti.<\/div>\r\n                        <\/div>\r\n                    <\/div>\r\n\r\n                                                        <div class=\"testi-block col-lg-6 col-md-12 col-sm-12\">\r\n                        <div class=\"inner\">\r\n                            <div class=\"icon\"><span>\u201c<\/span><\/div>\r\n                            <div class=\"info\">\r\n                                <div class=\"image\"><img loading=\"lazy\" decoding=\"async\" width=\"73\" height=\"73\" src=\"https:\/\/i0.wp.com\/crystalitg.com\/wp-content\/uploads\/2021\/01\/IMG_1531.jpg?resize=73%2C73&ssl=1\" class=\"attachment-linoor_testimonials_73X73 size-linoor_testimonials_73X73 wp-post-image\" alt=\"\" srcset=\"https:\/\/i0.wp.com\/crystalitg.com\/wp-content\/uploads\/2021\/01\/IMG_1531.jpg?resize=150%2C150&ssl=1 150w, https:\/\/i0.wp.com\/crystalitg.com\/wp-content\/uploads\/2021\/01\/IMG_1531.jpg?resize=73%2C73&ssl=1 73w, https:\/\/i0.wp.com\/crystalitg.com\/wp-content\/uploads\/2021\/01\/IMG_1531.jpg?resize=77%2C77&ssl=1 77w, https:\/\/i0.wp.com\/crystalitg.com\/wp-content\/uploads\/2021\/01\/IMG_1531.jpg?resize=63%2C63&ssl=1 63w, https:\/\/i0.wp.com\/crystalitg.com\/wp-content\/uploads\/2021\/01\/IMG_1531.jpg?resize=125%2C125&ssl=1 125w, https:\/\/i0.wp.com\/crystalitg.com\/wp-content\/uploads\/2021\/01\/IMG_1531.jpg?resize=192%2C192&ssl=1 192w, https:\/\/i0.wp.com\/crystalitg.com\/wp-content\/uploads\/2021\/01\/IMG_1531.jpg?resize=270%2C270&ssl=1 270w, https:\/\/i0.wp.com\/crystalitg.com\/wp-content\/uploads\/2021\/01\/IMG_1531.jpg?resize=100%2C100&ssl=1 100w\" sizes=\"(max-width: 73px) 100vw, 73px\" \/><\/div>\r\n                                <div class=\"name\">Jurijs<\/div>\r\n                                <div class=\"designation\"><\/div>\r\n                            <\/div>\r\n                            <div class=\"text\">\u0100tra pieg\u0101de, ide\u0101ls iepakojums, siltas m\u0101jas - kas v\u0113l? Ak j\u0101, tas ir ra\u017eots Latvij\u0101!<\/div>\r\n                        <\/div>\r\n                    <\/div>\r\n\r\n                                                        <div class=\"testi-block col-lg-6 col-md-12 col-sm-12\">\r\n                        <div class=\"inner\">\r\n                            <div class=\"icon\"><span>\u201c<\/span><\/div>\r\n                            <div class=\"info\">\r\n                                <div class=\"image\"><img loading=\"lazy\" decoding=\"async\" width=\"73\" height=\"73\" src=\"https:\/\/i0.wp.com\/crystalitg.com\/wp-content\/uploads\/2021\/01\/IMG_1509-scaled.jpg?resize=73%2C73&ssl=1\" class=\"attachment-linoor_testimonials_73X73 size-linoor_testimonials_73X73 wp-post-image\" alt=\"\" srcset=\"https:\/\/i0.wp.com\/crystalitg.com\/wp-content\/uploads\/2021\/01\/IMG_1509-scaled.jpg?w=2560&ssl=1 2560w, https:\/\/i0.wp.com\/crystalitg.com\/wp-content\/uploads\/2021\/01\/IMG_1509-scaled.jpg?resize=300%2C295&ssl=1 300w, https:\/\/i0.wp.com\/crystalitg.com\/wp-content\/uploads\/2021\/01\/IMG_1509-scaled.jpg?resize=1024%2C1006&ssl=1 1024w, https:\/\/i0.wp.com\/crystalitg.com\/wp-content\/uploads\/2021\/01\/IMG_1509-scaled.jpg?resize=150%2C150&ssl=1 150w, https:\/\/i0.wp.com\/crystalitg.com\/wp-content\/uploads\/2021\/01\/IMG_1509-scaled.jpg?resize=768%2C754&ssl=1 768w, https:\/\/i0.wp.com\/crystalitg.com\/wp-content\/uploads\/2021\/01\/IMG_1509-scaled.jpg?resize=1536%2C1509&ssl=1 1536w, https:\/\/i0.wp.com\/crystalitg.com\/wp-content\/uploads\/2021\/01\/IMG_1509-scaled.jpg?resize=2048%2C2011&ssl=1 2048w, https:\/\/i0.wp.com\/crystalitg.com\/wp-content\/uploads\/2021\/01\/IMG_1509-scaled.jpg?resize=73%2C73&ssl=1 73w, https:\/\/i0.wp.com\/crystalitg.com\/wp-content\/uploads\/2021\/01\/IMG_1509-scaled.jpg?resize=77%2C77&ssl=1 77w, https:\/\/i0.wp.com\/crystalitg.com\/wp-content\/uploads\/2021\/01\/IMG_1509-scaled.jpg?resize=63%2C63&ssl=1 63w, https:\/\/i0.wp.com\/crystalitg.com\/wp-content\/uploads\/2021\/01\/IMG_1509-scaled.jpg?resize=125%2C125&ssl=1 125w, https:\/\/i0.wp.com\/crystalitg.com\/wp-content\/uploads\/2021\/01\/IMG_1509-scaled.jpg?resize=192%2C192&ssl=1 192w, https:\/\/i0.wp.com\/crystalitg.com\/wp-content\/uploads\/2021\/01\/IMG_1509-scaled.jpg?resize=270%2C270&ssl=1 270w, https:\/\/i0.wp.com\/crystalitg.com\/wp-content\/uploads\/2021\/01\/IMG_1509-scaled.jpg?resize=570%2C560&ssl=1 570w, https:\/\/i0.wp.com\/crystalitg.com\/wp-content\/uploads\/2021\/01\/IMG_1509-scaled.jpg?resize=380%2C373&ssl=1 380w, https:\/\/i0.wp.com\/crystalitg.com\/wp-content\/uploads\/2021\/01\/IMG_1509-scaled.jpg?resize=296%2C291&ssl=1 296w, https:\/\/i0.wp.com\/crystalitg.com\/wp-content\/uploads\/2021\/01\/IMG_1509-scaled.jpg?resize=1320%2C1296&ssl=1 1320w, https:\/\/i0.wp.com\/crystalitg.com\/wp-content\/uploads\/2021\/01\/IMG_1509-scaled.jpg?resize=100%2C100&ssl=1 100w\" sizes=\"(max-width: 73px) 100vw, 73px\" \/><\/div>\r\n                                <div class=\"name\">Andris<\/div>\r\n                                <div class=\"designation\"><\/div>\r\n                            <\/div>\r\n                            <div class=\"text\">Crystal pieg\u0101d\u0101ja vienk\u0101r\u0161i lab\u0101k\u0101s granulas, ko esmu redz\u0113jis: t\u012bra pl\u012bts, augsta siltumsp\u0113ja, ide\u0101ls iepakojums uzglab\u0101\u0161anai d\u0101rz\u0101. un ar\u012b \u0101tra pieg\u0101de uz m\u0101j\u0101m!<\/div>\r\n                        <\/div>\r\n                    <\/div>\r\n\r\n                                \r\n            <\/div>\r\n        <\/div>\r\n    <\/section>\r\n\t\t\t\t<\/div>\n\t\t\t\t<\/div>\n\t\t\t\t\t<\/div>\n\t\t<\/div>\n\t\t\t\t\t<\/div>\n\t\t<\/section>\n\t\t\t\t<\/div>","protected":false},"excerpt":{"rendered":"<p>\u201c john smith Director There are many variations of passages of lorem ipsum available but the majority have suffered alteration in some form, by injected humour, or randomised words which don\u2019t look even slightly believable. \u201c christine eve Director There are many variations of passages of lorem ipsum available but the majority have suffered alteration [&hellip;]<\/p>\n","protected":false},"author":1,"featured_media":0,"parent":0,"menu_order":0,"comment_status":"closed","ping_status":"closed","template":"elementor_header_footer","meta":{"footnotes":""},"class_list":["post-2203","page","type-page","status-publish","hentry"],"jetpack_sharing_enabled":true,"_links":{"self":[{"href":"https:\/\/crystalitg.com\/lv\/wp-json\/wp\/v2\/pages\/2203","targetHints":{"allow":["GET"]}}],"collection":[{"href":"https:\/\/crystalitg.com\/lv\/wp-json\/wp\/v2\/pages"}],"about":[{"href":"https:\/\/crystalitg.com\/lv\/wp-json\/wp\/v2\/types\/page"}],"author":[{"embeddable":true,"href":"https:\/\/crystalitg.com\/lv\/wp-json\/wp\/v2\/users\/1"}],"replies":[{"embeddable":true,"href":"https:\/\/crystalitg.com\/lv\/wp-json\/wp\/v2\/comments?post=2203"}],"version-history":[{"count":0,"href":"https:\/\/crystalitg.com\/lv\/wp-json\/wp\/v2\/pages\/2203\/revisions"}],"wp:attachment":[{"href":"https:\/\/crystalitg.com\/lv\/wp-json\/wp\/v2\/media?parent=2203"}],"curies":[{"name":"wp","href":"https:\/\/api.w.org\/{rel}","templated":true}]}}