{"id":1709,"date":"2021-11-08T14:16:16","date_gmt":"2021-11-08T14:16:16","guid":{"rendered":"http:\/\/layerdrops.com\/linoorwp\/?page_id=1709"},"modified":"2024-02-26T13:39:50","modified_gmt":"2024-02-26T13:39:50","slug":"contacts","status":"publish","type":"page","link":"https:\/\/crystalitg.com\/lv\/contacts\/","title":{"rendered":"Kontakti"},"content":{"rendered":"<div data-elementor-type=\"wp-page\" data-elementor-id=\"1709\" class=\"elementor elementor-1709\">\n\t\t\t\t\t\t<section class=\"elementor-section elementor-top-section elementor-element elementor-element-a9b103d elementor-section-full_width elementor-section-height-default elementor-section-height-default\" data-id=\"a9b103d\" data-element_type=\"section\" data-e-type=\"section\">\n\t\t\t\t\t\t<div class=\"elementor-container elementor-column-gap-no\">\n\t\t\t\t\t<div class=\"elementor-column elementor-col-100 elementor-top-column elementor-element elementor-element-63406f4\" data-id=\"63406f4\" data-element_type=\"column\" data-e-type=\"column\">\n\t\t\t<div class=\"elementor-widget-wrap elementor-element-populated\">\n\t\t\t\t\t\t<div class=\"elementor-element elementor-element-c447d4b elementor-widget elementor-widget-linoor-info\" data-id=\"c447d4b\" data-element_type=\"widget\" data-e-type=\"widget\" data-widget_type=\"linoor-info.default\">\n\t\t\t\t<div class=\"elementor-widget-container\">\n\t\t\t\t\t    <section class=\"contact-info-two\">\r\n        <div class=\"auto-container\">\r\n            <div class=\"row\">\r\n                                                 <div class=\"col-md-12 col-lg-4\">\r\n                    <div class=\"contact-info-two__card wow fadeInUp\" data-wow-duration=\"1500ms\">\r\n                        <i class=\"fas fa-hotel\"><\/i>\r\n                        <a href=\"#\">ES ZIEME\u013bU BIROJS: J\u0101\u0146a Asara iela 12, LV3001 Jelgava, LATVIJA<\/a>\r\n                    <\/div><!-- \/.contact-info-two__card -->\r\n                <\/div><!-- \/.col-md-12 col-lg-4 -->\r\n                                <div class=\"col-md-12 col-lg-4\">\r\n                    <div class=\"contact-info-two__card wow fadeInUp\" data-wow-duration=\"1500ms\">\r\n                        <i class=\"fas fa-hotel\"><\/i>\r\n                        <a href=\"#\">ES AUSTRUMU BIROJS: Hektorovi\u0107eva ul. 2, 10000 Z\u0101grebe, HORV\u0100TIJA<\/a>\r\n                    <\/div><!-- \/.contact-info-two__card -->\r\n                <\/div><!-- \/.col-md-12 col-lg-4 -->\r\n                                <div class=\"col-md-12 col-lg-4\">\r\n                    <div class=\"contact-info-two__card wow fadeInUp\" data-wow-duration=\"1500ms\">\r\n                        <i class=\"fas fa-warehouse\"><\/i>\r\n                        <a href=\"tel:+92666888-0000\">ES ZIEME\u013bU NOLIKTAVA: Cesvaines iela 3, LV 1071 R\u012bga, LATVIJA<\/a>\r\n                    <\/div><!-- \/.contact-info-two__card -->\r\n                <\/div><!-- \/.col-md-12 col-lg-4 -->\r\n                                <div class=\"col-md-12 col-lg-4\">\r\n                    <div class=\"contact-info-two__card wow fadeInUp\" data-wow-duration=\"1500ms\">\r\n                        <i class=\"fas fa-phone-square\"><\/i>\r\n                        <a href=\"#\">EKSPORTA P\u0100RDO\u0160ANA: +371 20268107<\/a>\r\n                    <\/div><!-- \/.contact-info-two__card -->\r\n                <\/div><!-- \/.col-md-12 col-lg-4 -->\r\n                                <div class=\"col-md-12 col-lg-4\">\r\n                    <div class=\"contact-info-two__card wow fadeInUp\" data-wow-duration=\"1500ms\">\r\n                        <i class=\"fas fa-envelope\"><\/i>\r\n                        <a href=\"http:\/\/mailtoadmin@crystalitg.com\">VISP\u0100R\u012aGI JAUT\u0100JUMI: sales@crystalitg.com<\/a>\r\n                    <\/div><!-- \/.contact-info-two__card -->\r\n                <\/div><!-- \/.col-md-12 col-lg-4 -->\r\n                            <\/div><!-- \/.row -->\r\n        <\/div><!-- \/.auto-container -->\r\n    <\/section>\r\n\t\t\t\t<\/div>\n\t\t\t\t<\/div>\n\t\t\t\t\t<\/div>\n\t\t<\/div>\n\t\t\t\t\t<\/div>\n\t\t<\/section>\n\t\t\t\t<section class=\"elementor-section elementor-top-section elementor-element elementor-element-6e1f46f elementor-section-full_width elementor-section-height-default elementor-section-height-default\" data-id=\"6e1f46f\" data-element_type=\"section\" data-e-type=\"section\">\n\t\t\t\t\t\t<div class=\"elementor-container elementor-column-gap-no\">\n\t\t\t\t\t<div class=\"elementor-column elementor-col-100 elementor-top-column elementor-element elementor-element-038ac2a\" data-id=\"038ac2a\" data-element_type=\"column\" data-e-type=\"column\">\n\t\t\t<div class=\"elementor-widget-wrap elementor-element-populated\">\n\t\t\t\t\t\t<div class=\"elementor-element elementor-element-400e99b elementor-widget elementor-widget-text-editor\" data-id=\"400e99b\" data-element_type=\"widget\" data-e-type=\"widget\" data-widget_type=\"text-editor.default\">\n\t\t\t\t<div class=\"elementor-widget-container\">\n\t\t\t\t\t\t\t\t\t<h4 style=\"text-align: center;\">ATRA\u0160AN\u0100S VIETA<\/h4>\t\t\t\t\t\t\t\t<\/div>\n\t\t\t\t<\/div>\n\t\t\t\t\t<\/div>\n\t\t<\/div>\n\t\t\t\t\t<\/div>\n\t\t<\/section>\n\t\t\t\t<section class=\"elementor-section elementor-top-section elementor-element elementor-element-986e055 elementor-section-full_width elementor-section-height-default elementor-section-height-default\" data-id=\"986e055\" data-element_type=\"section\" data-e-type=\"section\">\n\t\t\t\t\t\t<div class=\"elementor-container elementor-column-gap-no\">\n\t\t\t\t\t<div class=\"elementor-column elementor-col-100 elementor-top-column elementor-element elementor-element-e27ba68\" data-id=\"e27ba68\" data-element_type=\"column\" data-e-type=\"column\">\n\t\t\t<div class=\"elementor-widget-wrap elementor-element-populated\">\n\t\t\t\t\t\t<div class=\"elementor-element elementor-element-1dc2b72 elementor-widget elementor-widget-google_maps\" data-id=\"1dc2b72\" data-element_type=\"widget\" data-e-type=\"widget\" data-widget_type=\"google_maps.default\">\n\t\t\t\t<div class=\"elementor-widget-container\">\n\t\t\t\t\t\t\t<div class=\"elementor-custom-embed\">\n\t\t\t<iframe loading=\"lazy\"\n\t\t\t\t\tsrc=\"https:\/\/maps.google.com\/maps?q=jana%20asara%20iela%2012%20jelgava&#038;t=m&#038;z=8&#038;output=embed&#038;iwloc=near\"\n\t\t\t\t\ttitle=\"jana asara iela 12 jelgava\"\n\t\t\t\t\taria-label=\"jana asara iela 12 jelgava\"\n\t\t\t><\/iframe>\n\t\t<\/div>\n\t\t\t\t\t\t<\/div>\n\t\t\t\t<\/div>\n\t\t\t\t<div class=\"elementor-element elementor-element-0d9216d elementor-widget elementor-widget-linoor-contact-form\" data-id=\"0d9216d\" data-element_type=\"widget\" data-e-type=\"widget\" data-widget_type=\"linoor-contact-form.default\">\n\t\t\t\t<div class=\"elementor-widget-container\">\n\t\t\t\t\t\r\n    <section class=\"contact-section contact-two\">\r\n        <div class=\"auto-container\">\r\n            <div class=\"row\">\r\n                <div class=\"col-lg-4\">\r\n                    <div class=\"contact-two__content\">\r\n                                                    <div class=\"sec-title\">\r\n                                <h2>UZRAKSTIET MUMS SAVU PIEPRAS\u012aJUMU<span class=\"dot\">.<\/span><\/h2>\r\n                            <\/div>\r\n                                                                            <p class=\"contact-two__text\">J\u016bs varat rakst\u012bt mums par m\u016bsu produktiem, cen\u0101m, pieg\u0101des veidiem vai k\u0101 m\u016bsu potenci\u0101lajam partnerim. M\u0113s ar jums sazin\u0101simies 2 darba dienu laik\u0101<\/p>\r\n                                                                            <!-- \/.contact-two__text -->\r\n                            <div class=\"contact-two__social\">\r\n                                                                   <a href=\"https:\/\/www.facebook.com\/crystalpellet\" class=\"fab fa-facebook\"><\/a>\r\n                                                                   <a href=\"#\" class=\"fab fa-facebook-messenger\"><\/a>\r\n                                                                   <a href=\"#\" class=\"fab fa-whatsapp\"><\/a>\r\n                                                            <\/div><!-- \/.contact-two__social -->\r\n                                            <\/div><!-- \/.contact-two__content -->\r\n                <\/div><!-- \/.col-lg-4 -->\r\n                <div class=\"col-lg-8\">\r\n                    <div class=\"form-box\">\r\n                        <div class=\"default-form\">\r\n                                                            \n<div class=\"wpcf7 no-js\" id=\"wpcf7-f53-o1\" lang=\"en-US\" dir=\"ltr\" data-wpcf7-id=\"53\">\n<div class=\"screen-reader-response\"><p role=\"status\" aria-live=\"polite\" aria-atomic=\"true\"><\/p> <ul><\/ul><\/div>\n<form action=\"\/lv\/wp-json\/wp\/v2\/pages\/1709#wpcf7-f53-o1\" method=\"post\" class=\"wpcf7-form init\" aria-label=\"Contact form\" novalidate=\"novalidate\" data-status=\"init\" data-trp-original-action=\"\/lv\/wp-json\/wp\/v2\/pages\/1709#wpcf7-f53-o1\">\n<fieldset class=\"hidden-fields-container\"><input type=\"hidden\" name=\"_wpcf7\" value=\"53\" \/><input type=\"hidden\" name=\"_wpcf7_version\" value=\"6.1.5\" \/><input type=\"hidden\" name=\"_wpcf7_locale\" value=\"en_US\" \/><input type=\"hidden\" name=\"_wpcf7_unit_tag\" value=\"wpcf7-f53-o1\" \/><input type=\"hidden\" name=\"_wpcf7_container_post\" value=\"0\" \/><input type=\"hidden\" name=\"_wpcf7_posted_data_hash\" value=\"\" \/>\n<\/fieldset>\n<p><label> J\u016bsu v\u0101rds<br \/>\n<span class=\"wpcf7-form-control-wrap\" data-name=\"your-name\"><input size=\"40\" maxlength=\"400\" class=\"wpcf7-form-control wpcf7-text wpcf7-validates-as-required\" aria-required=\"true\" aria-invalid=\"false\" value=\"\" type=\"text\" name=\"your-name\" \/><\/span> <\/label>\n<\/p>\n<p><label> J\u016bsu e-pasts<br \/>\n<span class=\"wpcf7-form-control-wrap\" data-name=\"your-email\"><input size=\"40\" maxlength=\"400\" class=\"wpcf7-form-control wpcf7-email wpcf7-validates-as-required wpcf7-text wpcf7-validates-as-email\" aria-required=\"true\" aria-invalid=\"false\" value=\"\" type=\"email\" name=\"your-email\" \/><\/span> <\/label>\n<\/p>\n<p><label> Priek\u0161mets<br \/>\n<span class=\"wpcf7-form-control-wrap\" data-name=\"your-subject\"><input size=\"40\" maxlength=\"400\" class=\"wpcf7-form-control wpcf7-text wpcf7-validates-as-required\" aria-required=\"true\" aria-invalid=\"false\" value=\"\" type=\"text\" name=\"your-subject\" \/><\/span> <\/label>\n<\/p>\n<p><label> J\u016bsu zi\u0146ojums (p\u0113c izv\u0113les)<br \/>\n<span class=\"wpcf7-form-control-wrap\" data-name=\"your-message\"><textarea cols=\"40\" rows=\"10\" maxlength=\"2000\" class=\"wpcf7-form-control wpcf7-textarea\" aria-invalid=\"false\" name=\"your-message\"><\/textarea><\/span> <\/label>\n<\/p>\n<p><input class=\"wpcf7-form-control wpcf7-submit has-spinner\" type=\"submit\" value=\"Iesniegt\" \/>\n<\/p><div class=\"wpcf7-response-output\" aria-hidden=\"true\"><\/div>\n<input type=\"hidden\" name=\"trp-form-language\" value=\"lv\"\/><\/form>\n<\/div>\n                                                    <\/div>\r\n                    <\/div>\r\n                <\/div><!-- \/.col-lg-8 -->\r\n            <\/div><!-- \/.row -->\r\n\r\n        <\/div>\r\n    <\/section>\r\n\t\t\t\t<\/div>\n\t\t\t\t<\/div>\n\t\t\t\t\t<\/div>\n\t\t<\/div>\n\t\t\t\t\t<\/div>\n\t\t<\/section>\n\t\t\t\t<section class=\"elementor-section elementor-top-section elementor-element elementor-element-cfa6b0d elementor-section-boxed elementor-section-height-default elementor-section-height-default\" data-id=\"cfa6b0d\" data-element_type=\"section\" data-e-type=\"section\">\n\t\t\t\t\t\t<div class=\"elementor-container elementor-column-gap-default\">\n\t\t\t\t\t<div class=\"elementor-column elementor-col-100 elementor-top-column elementor-element elementor-element-41594b6\" data-id=\"41594b6\" data-element_type=\"column\" data-e-type=\"column\">\n\t\t\t<div class=\"elementor-widget-wrap\">\n\t\t\t\t\t\t\t<\/div>\n\t\t<\/div>\n\t\t\t\t\t<\/div>\n\t\t<\/section>\n\t\t\t\t<section class=\"elementor-section elementor-top-section elementor-element elementor-element-5cf49a1 elementor-section-full_width main-footer elementor-section-height-default elementor-section-height-default\" data-id=\"5cf49a1\" data-element_type=\"section\" data-e-type=\"section\">\n\t\t\t\t\t\t<div class=\"elementor-container elementor-column-gap-no\">\n\t\t\t\t\t<div class=\"elementor-column elementor-col-100 elementor-top-column elementor-element elementor-element-88ebe6d\" data-id=\"88ebe6d\" data-element_type=\"column\" data-e-type=\"column\">\n\t\t\t<div class=\"elementor-widget-wrap elementor-element-populated\">\n\t\t\t\t\t\t<section class=\"elementor-section elementor-inner-section elementor-element elementor-element-6ab3817 elementor-section-boxed elementor-section-height-default elementor-section-height-default\" data-id=\"6ab3817\" data-element_type=\"section\" data-e-type=\"section\">\n\t\t\t\t\t\t<div class=\"elementor-container elementor-column-gap-extended\">\n\t\t\t\t\t<div class=\"elementor-column elementor-col-33 elementor-inner-column elementor-element elementor-element-4d226f5\" data-id=\"4d226f5\" data-element_type=\"column\" data-e-type=\"column\">\n\t\t\t<div class=\"elementor-widget-wrap elementor-element-populated\">\n\t\t\t\t\t\t<div class=\"elementor-element elementor-element-0758a04 elementor-widget elementor-widget-footer-nav-menu\" data-id=\"0758a04\" data-element_type=\"widget\" data-e-type=\"widget\" data-widget_type=\"footer-nav-menu.default\">\n\t\t\t\t<div class=\"elementor-widget-container\">\n\t\t\t\t\t    <div class=\"footer-widget links-widget\">\r\n        <div class=\"widget-content\">\r\n            <h6>Izp\u0113t\u012bt<\/h6>\r\n            <div class=\"row clearfix\">\r\n                                    <div class=\"col-md-6 col-sm-12\">\r\n                        <div class=\"menu-footer-menu-2-container\"><ul id=\"menu-footer-menu-2\" class=\"list-unstyled m-0\"><li id=\"menu-item-2268\" class=\"menu-item menu-item-type-post_type menu-item-object-page menu-item-2268\"><a href=\"https:\/\/crystalitg.com\/lv\/contact-us\/\">Sazinies ar mums<\/a><\/li>\n<li id=\"menu-item-2932\" class=\"menu-item menu-item-type-post_type menu-item-object-page menu-item-2932\"><a href=\"https:\/\/crystalitg.com\/lv\/privacy\/\">Priv\u0101tums<\/a><\/li>\n<li id=\"menu-item-2943\" class=\"menu-item menu-item-type-post_type menu-item-object-page menu-item-2943\"><a href=\"https:\/\/crystalitg.com\/lv\/ordersreturns\/\">Pas\u016bt\u012bjumi &amp; atgrie\u0161ana<\/a><\/li>\n<li id=\"menu-item-3126\" class=\"menu-item menu-item-type-post_type menu-item-object-page menu-item-3126\"><a href=\"https:\/\/crystalitg.com\/lv\/terms-of-use-2\/\">Lieto\u0161anas noteikumi<\/a><\/li>\n<\/ul><\/div>                    <\/div>\r\n                            <\/div>\r\n        <\/div>\r\n    <\/div>\r\n\t\t\t\t<\/div>\n\t\t\t\t<\/div>\n\t\t\t\t\t<\/div>\n\t\t<\/div>\n\t\t\t\t<div class=\"elementor-column elementor-col-33 elementor-inner-column elementor-element elementor-element-1ffdd2a\" data-id=\"1ffdd2a\" data-element_type=\"column\" data-e-type=\"column\">\n\t\t\t<div class=\"elementor-widget-wrap elementor-element-populated\">\n\t\t\t\t\t\t<div class=\"elementor-element elementor-element-0ec6ce2 elementor-widget elementor-widget-footer-contact\" data-id=\"0ec6ce2\" data-element_type=\"widget\" data-e-type=\"widget\" data-widget_type=\"footer-contact.default\">\n\t\t\t\t<div class=\"elementor-widget-container\">\n\t\t\t\t\t    <div class=\"footer-widget info-widget\">\r\n        <div class=\"widget-content\">\r\n            <h6>Kontakti<\/h6>\r\n            <ul class=\"contact-info m-0 list-unstyled\">\r\n                                    <li class=\"address\">\r\n                                                <span class=\"icon flaticon-pin-1\"><\/span>\r\n                        J\u0101\u0146a Asara iela 12, LV-3001 Jelgava LATVIJA                    <\/li>\r\n                                    <li class=\"address\">\r\n                                                <span class=\"icon\"><\/span>\r\n                        Reg. nr. 43603043365                     <\/li>\r\n                                    <li class=\"address\">\r\n                                                <span class=\"icon flaticon-call\"><\/span>\r\n                        <a href=\"0037120268107\">00371 20268107<\/a>                    <\/li>\r\n                                    <li class=\"address\">\r\n                                                <span class=\"icon flaticon-email-2\"><\/span>\r\n                        <a href=\"mailto:needhelp@linoor.com\">admin@crystalitg.com<\/a>                    <\/li>\r\n                            <\/ul>\r\n        <\/div>\r\n    <\/div>\r\n\t\t\t\t<\/div>\n\t\t\t\t<\/div>\n\t\t\t\t\t<\/div>\n\t\t<\/div>\n\t\t\t\t<div class=\"elementor-column elementor-col-33 elementor-inner-column elementor-element elementor-element-ccb383b\" data-id=\"ccb383b\" data-element_type=\"column\" data-e-type=\"column\">\n\t\t\t<div class=\"elementor-widget-wrap elementor-element-populated\">\n\t\t\t\t\t\t<div class=\"elementor-element elementor-element-e3925c4 elementor-widget elementor-widget-footer-subscribe\" data-id=\"e3925c4\" data-element_type=\"widget\" data-e-type=\"widget\" data-widget_type=\"footer-subscribe.default\">\n\t\t\t\t<div class=\"elementor-widget-container\">\n\t\t\t\t\t    <div class=\"footer-widget newsletter-widget\">\r\n        <div class=\"widget-content\">\r\n            <h6>S\u016aT\u012aT ZI\u0145OJUMU<\/h6>\r\n            <div class=\"newsletter-form\">\r\n                <form class=\"mc-form\" data-url=\"#\" action=\"\">\r\n                    <div class=\"form-group clearfix\">\r\n                        <input type=\"email\" name=\"EMAIL\" value=\"\" placeholder=\"E-pasta adrese\">\r\n                        <button type=\"submit\" class=\"theme-btn\"><span class=\"fa fa-envelope\"><\/span><\/button>\r\n                    <\/div>\r\n                <input type=\"hidden\" name=\"trp-form-language\" value=\"lv\"\/><\/form>\r\n                <div class=\"mc-form__response\"><\/div>\r\n            <\/div>\r\n            <div class=\"text\">Re\u0123istr\u0113jieties atlaid\u0113m un \u012bpa\u0161ajiem pied\u0101v\u0101jumiem: surog\u0101tpasts nav garant\u0113ts!<\/div>\r\n        <\/div>\r\n    <\/div>\r\n\r\n\r\n\r\n\t\t\t\t<\/div>\n\t\t\t\t<\/div>\n\t\t\t\t\t<\/div>\n\t\t<\/div>\n\t\t\t\t\t<\/div>\n\t\t<\/section>\n\t\t\t\t<section class=\"elementor-section elementor-inner-section elementor-element elementor-element-673c709 elementor-section-boxed elementor-section-height-default elementor-section-height-default\" data-id=\"673c709\" data-element_type=\"section\" data-e-type=\"section\">\n\t\t\t\t\t\t<div class=\"elementor-container elementor-column-gap-extended\">\n\t\t\t\t\t<div class=\"elementor-column elementor-col-100 elementor-inner-column elementor-element elementor-element-6c304fd\" data-id=\"6c304fd\" data-element_type=\"column\" data-e-type=\"column\">\n\t\t\t<div class=\"elementor-widget-wrap elementor-element-populated\">\n\t\t\t\t\t\t<div class=\"elementor-element elementor-element-dcb7dda elementor-widget elementor-widget-footer-copyright\" data-id=\"dcb7dda\" data-element_type=\"widget\" data-e-type=\"widget\" data-widget_type=\"footer-copyright.default\">\n\t\t\t\t<div class=\"elementor-widget-container\">\n\t\t\t\t\t<div class=\"footer-bottom\">\r\n    <div class=\"auto-container\">\r\n        <div class=\"inner clearfix\">\r\n            <div class=\"copyright\">\u00a9 2011-2022, SIA \u201cCrystal ITG\u201d Visas ties\u012bbas aizsarg\u0101tas<\/div>\r\n        <\/div>\r\n    <\/div>\r\n<\/div>\t\t\t\t<\/div>\n\t\t\t\t<\/div>\n\t\t\t\t\t<\/div>\n\t\t<\/div>\n\t\t\t\t\t<\/div>\n\t\t<\/section>\n\t\t\t\t\t<\/div>\n\t\t<\/div>\n\t\t\t\t\t<\/div>\n\t\t<\/section>\n\t\t\t\t<\/div>","protected":false},"excerpt":{"rendered":"<p>NORTH EU OFFICE: Jana Asara iela 12, LV3001 Jelgava, LATVIA EAST EU OFFICE: Hektorovi\u0107eva ul. 2, 10000 Zagreb, CROAZIA NORTH EU WAREHOUSE: Cesvaines iela 3, LV 1071 Riga, LATVIA EXPORT SALES: +371 20268107 GENERAL INQUIRIES: sales@crystalitg.com HEAQUARTER Write us your request. You can write to us about our products, pricing, delivery methods or as a [&hellip;]<\/p>\n","protected":false},"author":1,"featured_media":0,"parent":0,"menu_order":0,"comment_status":"closed","ping_status":"closed","template":"elementor_header_footer","meta":{"footnotes":""},"class_list":["post-1709","page","type-page","status-publish","hentry"],"jetpack_sharing_enabled":true,"_links":{"self":[{"href":"https:\/\/crystalitg.com\/lv\/wp-json\/wp\/v2\/pages\/1709","targetHints":{"allow":["GET"]}}],"collection":[{"href":"https:\/\/crystalitg.com\/lv\/wp-json\/wp\/v2\/pages"}],"about":[{"href":"https:\/\/crystalitg.com\/lv\/wp-json\/wp\/v2\/types\/page"}],"author":[{"embeddable":true,"href":"https:\/\/crystalitg.com\/lv\/wp-json\/wp\/v2\/users\/1"}],"replies":[{"embeddable":true,"href":"https:\/\/crystalitg.com\/lv\/wp-json\/wp\/v2\/comments?post=1709"}],"version-history":[{"count":49,"href":"https:\/\/crystalitg.com\/lv\/wp-json\/wp\/v2\/pages\/1709\/revisions"}],"predecessor-version":[{"id":3617,"href":"https:\/\/crystalitg.com\/lv\/wp-json\/wp\/v2\/pages\/1709\/revisions\/3617"}],"wp:attachment":[{"href":"https:\/\/crystalitg.com\/lv\/wp-json\/wp\/v2\/media?parent=1709"}],"curies":[{"name":"wp","href":"https:\/\/api.w.org\/{rel}","templated":true}]}}