{"id":1680,"date":"2021-11-08T13:39:08","date_gmt":"2021-11-08T13:39:08","guid":{"rendered":"http:\/\/layerdrops.com\/linoorwp\/?page_id=1680"},"modified":"2024-02-26T13:41:15","modified_gmt":"2024-02-26T13:41:15","slug":"certifications","status":"publish","type":"page","link":"https:\/\/crystalitg.com\/lv\/certifications\/","title":{"rendered":"Sertifik\u0101ti"},"content":{"rendered":"<div data-elementor-type=\"wp-page\" data-elementor-id=\"1680\" class=\"elementor elementor-1680\">\n\t\t\t\t\t\t<section class=\"elementor-section elementor-top-section elementor-element elementor-element-15f1fa9 elementor-section-boxed elementor-section-height-default elementor-section-height-default\" data-id=\"15f1fa9\" data-element_type=\"section\" data-e-type=\"section\">\n\t\t\t\t\t\t<div class=\"elementor-container elementor-column-gap-default\">\n\t\t\t\t\t<div class=\"elementor-column elementor-col-100 elementor-top-column elementor-element elementor-element-c35427d\" data-id=\"c35427d\" data-element_type=\"column\" data-e-type=\"column\">\n\t\t\t<div class=\"elementor-widget-wrap elementor-element-populated\">\n\t\t\t\t\t\t<div class=\"elementor-element elementor-element-cb6e9fb elementor-headline--style-highlight elementor-widget elementor-widget-animated-headline\" data-id=\"cb6e9fb\" data-element_type=\"widget\" data-e-type=\"widget\" data-settings=\"{&quot;marker&quot;:&quot;underline&quot;,&quot;highlighted_text&quot;:&quot;only Premium Products&quot;,&quot;headline_style&quot;:&quot;highlight&quot;,&quot;loop&quot;:&quot;yes&quot;,&quot;highlight_animation_duration&quot;:1200,&quot;highlight_iteration_delay&quot;:8000}\" data-widget_type=\"animated-headline.default\">\n\t\t\t\t<div class=\"elementor-widget-container\">\n\t\t\t\t\t\t\t<h3 class=\"elementor-headline\">\n\t\t\t\t\t<span class=\"elementor-headline-plain-text elementor-headline-text-wrapper\">M\u0113s izplat\u0101m<\/span>\n\t\t\t\t<span class=\"elementor-headline-dynamic-wrapper elementor-headline-text-wrapper\">\n\t\t\t\t\t<span class=\"elementor-headline-dynamic-text elementor-headline-text-active\">tikai Premium produktus<\/span>\n\t\t\t\t<\/span>\n\t\t\t\t\t<span class=\"elementor-headline-plain-text elementor-headline-text-wrapper\">ar lab\u0101kajiem Sertifik\u0101tiem<\/span>\n\t\t\t\t\t<\/h3>\n\t\t\t\t\t\t<\/div>\n\t\t\t\t<\/div>\n\t\t\t\t\t<\/div>\n\t\t<\/div>\n\t\t\t\t\t<\/div>\n\t\t<\/section>\n\t\t\t\t<section class=\"elementor-section elementor-top-section elementor-element elementor-element-bd1a55c elementor-section-full_width elementor-section-height-default elementor-section-height-default\" data-id=\"bd1a55c\" data-element_type=\"section\" data-e-type=\"section\">\n\t\t\t\t\t\t<div class=\"elementor-container elementor-column-gap-no\">\n\t\t\t\t\t<div class=\"elementor-column elementor-col-100 elementor-top-column elementor-element elementor-element-4edd978\" data-id=\"4edd978\" data-element_type=\"column\" data-e-type=\"column\">\n\t\t\t<div class=\"elementor-widget-wrap elementor-element-populated\">\n\t\t\t\t\t\t<div class=\"elementor-element elementor-element-8f35810 elementor-widget elementor-widget-linoor-client\" data-id=\"8f35810\" data-element_type=\"widget\" data-e-type=\"widget\" data-widget_type=\"linoor-client.default\">\n\t\t\t\t<div class=\"elementor-widget-container\">\n\t\t\t\t\t    <section class=\"partner-one\">\r\n        <div class=\"auto-container\">\r\n            <div class=\"row\">\r\n                                                 <div class=\"col-md-6 col-lg-4\">\r\n                        <div class=\"partner-one__card\">\r\n                            <div class=\"partner-one__image\">\r\n                                <img fetchpriority=\"high\" decoding=\"async\" width=\"370\" height=\"250\" src=\"https:\/\/i0.wp.com\/crystalitg.com\/wp-content\/uploads\/2024\/02\/Picture-1-2.png?resize=370%2C250&amp;ssl=1\" class=\"attachment-linoor_brand_logo_370X250 size-linoor_brand_logo_370X250\" alt=\"\" srcset=\"https:\/\/i0.wp.com\/crystalitg.com\/wp-content\/uploads\/2024\/02\/Picture-1-2.png?resize=370%2C250&amp;ssl=1 370w, https:\/\/i0.wp.com\/crystalitg.com\/wp-content\/uploads\/2024\/02\/Picture-1-2.png?zoom=2&amp;resize=370%2C250&amp;ssl=1 740w, https:\/\/i0.wp.com\/crystalitg.com\/wp-content\/uploads\/2024\/02\/Picture-1-2.png?zoom=3&amp;resize=370%2C250&amp;ssl=1 1110w\" sizes=\"(max-width: 370px) 100vw, 370px\" \/>                            <\/div><!-- \/.partner-one__image -->\r\n                            <div class=\"partner-one__content\">\r\n                                <h3 class=\"partner-one__title\">EN Plus A1<\/h3>\r\n                                <p class=\"partner-one__text\">ENplus\u00ae sertifik\u0101ts ir attiecin\u0101ms uz vis\u0101m kokskaidu granulu pieg\u0101des \u0137\u0113d\u0113m no ra\u017eo\u0161anas l\u012bdz pieg\u0101d\u0113m gala pat\u0113r\u0113t\u0101jam, t\u0101d\u0113j\u0101di nodro\u0161inot granulu atbilst\u012bbu kvalit\u0101tes standartiem un produkcijas \u0137\u0113des caurskat\u0101m\u012bbu. Koksnes granulu atbilst\u012bba \u201cENplus\u00ae A1\u201d kvalit\u0101tes sertifik\u0101tam nodro\u0161ina klientam augstu ieg\u0101d\u0101t\u0101s preces kvalit\u0101ti, k\u0101 ar\u012b produkta izgatavo\u0161anu, izmantojot tikai atjaunojamos resursus, kas ieg\u016bti videi draudz\u012bg\u0101k\u0101 un ilgtsp\u0113j\u012bg\u0101k\u0101 veid\u0101.<\/p>\r\n                                                                    <a href=\"https:\/\/enplus-pellets.eu\" class=\"partner-one__link\">EN PLUS A1<\/a>\r\n                                                            <\/div><!-- \/.partner-one__content -->\r\n                        <\/div><!-- \/.partner-one__card -->\r\n                    <\/div><!-- \/.col-md-6 col-lg-4 -->\r\n                                    <div class=\"col-md-6 col-lg-4\">\r\n                        <div class=\"partner-one__card\">\r\n                            <div class=\"partner-one__image\">\r\n                                <img decoding=\"async\" width=\"370\" height=\"250\" src=\"https:\/\/i0.wp.com\/crystalitg.com\/wp-content\/uploads\/2024\/02\/Picture-11.png?resize=370%2C250&amp;ssl=1\" class=\"attachment-linoor_brand_logo_370X250 size-linoor_brand_logo_370X250\" alt=\"\" \/>                            <\/div><!-- \/.partner-one__image -->\r\n                            <div class=\"partner-one__content\">\r\n                                <h3 class=\"partner-one__title\">FSC<\/h3>\r\n                                <p class=\"partner-one__text\">Forest Stewardship Council\u00ae (FSC\u00ae) ir starptautiska, neatkar\u012bga nevalstiska organiz\u0101cija, kuru dibin\u0101ja vides un soci\u0101lo organiz\u0101ciju p\u0101rst\u0101vji, k\u0101 ar\u012b me\u017ea \u012bpa\u0161nieki un kokapstr\u0101des uz\u0146\u0113mumi no visas pasaules. Padomes m\u0113r\u0137is - veicin\u0101t soci\u0101li izdev\u012bgu un ekonomiski dz\u012bvotsp\u0113j\u012bgu pasaules me\u017eu apsaimnieko\u0161anu atbilsto\u0161i vides pras\u012bb\u0101m.<\/p>\r\n                                                                    <a href=\"https:\/\/connect.fsc.org\/\" class=\"partner-one__link\">EN PLUS A1<\/a>\r\n                                                            <\/div><!-- \/.partner-one__content -->\r\n                        <\/div><!-- \/.partner-one__card -->\r\n                    <\/div><!-- \/.col-md-6 col-lg-4 -->\r\n                                    <div class=\"col-md-6 col-lg-4\">\r\n                        <div class=\"partner-one__card\">\r\n                            <div class=\"partner-one__image\">\r\n                                <img decoding=\"async\" width=\"370\" height=\"250\" src=\"https:\/\/i0.wp.com\/crystalitg.com\/wp-content\/uploads\/2024\/02\/Picture-2-1.png?resize=370%2C250&amp;ssl=1\" class=\"attachment-linoor_brand_logo_370X250 size-linoor_brand_logo_370X250\" alt=\"\" srcset=\"https:\/\/i0.wp.com\/crystalitg.com\/wp-content\/uploads\/2024\/02\/Picture-2-1.png?resize=370%2C250&amp;ssl=1 370w, https:\/\/i0.wp.com\/crystalitg.com\/wp-content\/uploads\/2024\/02\/Picture-2-1.png?zoom=2&amp;resize=370%2C250&amp;ssl=1 740w, https:\/\/i0.wp.com\/crystalitg.com\/wp-content\/uploads\/2024\/02\/Picture-2-1.png?zoom=3&amp;resize=370%2C250&amp;ssl=1 1110w\" sizes=\"(max-width: 370px) 100vw, 370px\" \/>                            <\/div><!-- \/.partner-one__image -->\r\n                            <div class=\"partner-one__content\">\r\n                                <h3 class=\"partner-one__title\">READY TO BURN<\/h3>\r\n                                <p class=\"partner-one__text translation-block\">Ready to Burn degvielas sertifik\u0101cijas sh\u0113ma \u013cauj cilv\u0113kiem viegli atrast t\u012br\u0101ko kurin\u0101mo dedzin\u0101\u0161anai m\u0101j\u0101s.\nIzmantojot degvielu, kas ir apstiprin\u0101ta un mar\u0137\u0113ta k\u0101 gatava deg\u0161anai, ir viegli nodro\u0161in\u0101t atbilst\u012bbu gaisa kvalit\u0101tes (viet\u0113j\u0101s ciet\u0101 kurin\u0101m\u0101 standarti) (Anglija) 2020. gada noteikumiem, kas aizliedz slapjas koksnes un m\u0101jas og\u013cu p\u0101rdo\u0161anu, kas ir vispies\u0101r\u0146ojo\u0161\u0101k\u0101 kurin\u0101m\u0101.<\/p>\r\n                                                                    <a href=\"https:\/\/www.readytoburn.org\/\" class=\"partner-one__link\">EN PLUS A1<\/a>\r\n                                                            <\/div><!-- \/.partner-one__content -->\r\n                        <\/div><!-- \/.partner-one__card -->\r\n                    <\/div><!-- \/.col-md-6 col-lg-4 -->\r\n                                        <\/div><!-- \/.row -->\r\n        <\/div><!-- \/.auto-container -->\r\n    <\/section><!-- \/.partner-one -->\r\n\t\t\t\t<\/div>\n\t\t\t\t<\/div>\n\t\t\t\t\t<\/div>\n\t\t<\/div>\n\t\t\t\t\t<\/div>\n\t\t<\/section>\n\t\t\t\t<section class=\"elementor-section elementor-top-section elementor-element elementor-element-bf9ac2c elementor-section-full_width elementor-section-height-default elementor-section-height-default\" data-id=\"bf9ac2c\" data-element_type=\"section\" data-e-type=\"section\">\n\t\t\t\t\t\t<div class=\"elementor-container elementor-column-gap-no\">\n\t\t\t\t\t<div class=\"elementor-column elementor-col-100 elementor-top-column elementor-element elementor-element-f0a0f9f\" data-id=\"f0a0f9f\" data-element_type=\"column\" data-e-type=\"column\">\n\t\t\t<div class=\"elementor-widget-wrap elementor-element-populated\">\n\t\t\t\t\t\t<div class=\"elementor-element elementor-element-17af252 elementor-widget elementor-widget-linoor-call-to-action\" data-id=\"17af252\" data-element_type=\"widget\" data-e-type=\"widget\" data-widget_type=\"linoor-call-to-action.default\">\n\t\t\t\t<div class=\"elementor-widget-container\">\n\t\t\t\t\t\t<!-- Call To Section -->\r\n\t<section class=\"call-to-section call-to-section__no-margin\">\r\n\t\t<div class=\"inner clearfix\">\r\n\t\t\t<div class=\"shape-1 wow slideInRight\" data-wow-delay=\"0ms\" data-wow-duration=\"1500ms\"><\/div>\r\n\t\t\t<div class=\"shape-2 wow fadeInDown\" data-wow-delay=\"0ms\" data-wow-duration=\"1500ms\"><\/div>\r\n\t\t\t<div class=\"auto-container clearfix\">\r\n\t\t\t\t<h2 class=\" translation-block\">Sazinieties ar mums, lai atkl\u0101tu kvalit\u0101tes at\u0161\u0137ir\u012bbas starp da\u017e\u0101diem tirg\u016b pieejamiem sertifik\u0101tiem<\/h2>\r\n\t\t\t\t<div class=\"link-box\">\r\n\t\t\t\t\t<a class=\"theme-btn btn-style-two\" href=\"#\">\r\n\t\t\t\t\t\t<i class=\"btn-curve\"><\/i>\r\n\t\t\t\t\t\t<span class=\"btn-title\">Atkl\u0101j vair\u0101k<\/span>\r\n\t\t\t\t\t<\/a>\r\n\t\t\t\t<\/div>\r\n\t\t\t<\/div>\r\n\t\t<\/div>\r\n\t<\/section>\r\n\r\n\t\t\t\t<\/div>\n\t\t\t\t<\/div>\n\t\t\t\t\t<\/div>\n\t\t<\/div>\n\t\t\t\t\t<\/div>\n\t\t<\/section>\n\t\t\t\t<section class=\"elementor-section elementor-top-section elementor-element elementor-element-290b887 elementor-section-full_width main-footer elementor-section-height-default elementor-section-height-default\" data-id=\"290b887\" data-element_type=\"section\" data-e-type=\"section\">\n\t\t\t\t\t\t<div class=\"elementor-container elementor-column-gap-no\">\n\t\t\t\t\t<div class=\"elementor-column elementor-col-100 elementor-top-column elementor-element elementor-element-24892d0\" data-id=\"24892d0\" data-element_type=\"column\" data-e-type=\"column\">\n\t\t\t<div class=\"elementor-widget-wrap elementor-element-populated\">\n\t\t\t\t\t\t<section class=\"elementor-section elementor-inner-section elementor-element elementor-element-e02dadd elementor-section-boxed elementor-section-height-default elementor-section-height-default\" data-id=\"e02dadd\" data-element_type=\"section\" data-e-type=\"section\">\n\t\t\t\t\t\t<div class=\"elementor-container elementor-column-gap-extended\">\n\t\t\t\t\t<div class=\"elementor-column elementor-col-33 elementor-inner-column elementor-element elementor-element-590cad3\" data-id=\"590cad3\" data-element_type=\"column\" data-e-type=\"column\">\n\t\t\t<div class=\"elementor-widget-wrap elementor-element-populated\">\n\t\t\t\t\t\t<div class=\"elementor-element elementor-element-74a4919 elementor-widget elementor-widget-footer-nav-menu\" data-id=\"74a4919\" data-element_type=\"widget\" data-e-type=\"widget\" data-widget_type=\"footer-nav-menu.default\">\n\t\t\t\t<div class=\"elementor-widget-container\">\n\t\t\t\t\t    <div class=\"footer-widget links-widget\">\r\n        <div class=\"widget-content\">\r\n            <h6>Izp\u0113t\u012bt<\/h6>\r\n            <div class=\"row clearfix\">\r\n                                    <div class=\"col-md-6 col-sm-12\">\r\n                        <div class=\"menu-footer-menu-2-container\"><ul id=\"menu-footer-menu-2\" class=\"list-unstyled m-0\"><li id=\"menu-item-2268\" class=\"menu-item menu-item-type-post_type menu-item-object-page menu-item-2268\"><a href=\"https:\/\/crystalitg.com\/lv\/contact-us\/\">Sazinies ar mums<\/a><\/li>\n<li id=\"menu-item-2932\" class=\"menu-item menu-item-type-post_type menu-item-object-page menu-item-2932\"><a href=\"https:\/\/crystalitg.com\/lv\/privacy\/\">Priv\u0101tums<\/a><\/li>\n<li id=\"menu-item-2943\" class=\"menu-item menu-item-type-post_type menu-item-object-page menu-item-2943\"><a href=\"https:\/\/crystalitg.com\/lv\/ordersreturns\/\">Pas\u016bt\u012bjumi &amp; atgrie\u0161ana<\/a><\/li>\n<li id=\"menu-item-3126\" class=\"menu-item menu-item-type-post_type menu-item-object-page menu-item-3126\"><a href=\"https:\/\/crystalitg.com\/lv\/terms-of-use-2\/\">Lieto\u0161anas noteikumi<\/a><\/li>\n<\/ul><\/div>                    <\/div>\r\n                            <\/div>\r\n        <\/div>\r\n    <\/div>\r\n\t\t\t\t<\/div>\n\t\t\t\t<\/div>\n\t\t\t\t\t<\/div>\n\t\t<\/div>\n\t\t\t\t<div class=\"elementor-column elementor-col-33 elementor-inner-column elementor-element elementor-element-1717a07\" data-id=\"1717a07\" data-element_type=\"column\" data-e-type=\"column\">\n\t\t\t<div class=\"elementor-widget-wrap elementor-element-populated\">\n\t\t\t\t\t\t<div class=\"elementor-element elementor-element-cb2bbf5 elementor-widget elementor-widget-footer-contact\" data-id=\"cb2bbf5\" data-element_type=\"widget\" data-e-type=\"widget\" data-widget_type=\"footer-contact.default\">\n\t\t\t\t<div class=\"elementor-widget-container\">\n\t\t\t\t\t    <div class=\"footer-widget info-widget\">\r\n        <div class=\"widget-content\">\r\n            <h6>Kontakti<\/h6>\r\n            <ul class=\"contact-info m-0 list-unstyled\">\r\n                                    <li class=\"address\">\r\n                                                <span class=\"icon flaticon-pin-1\"><\/span>\r\n                        J\u0101\u0146a Asara iela 12, LV-3001 Jelgava LATVIJA                    <\/li>\r\n                                    <li class=\"address\">\r\n                                                <span class=\"icon\"><\/span>\r\n                        Reg. nr. 43603043365                     <\/li>\r\n                                    <li class=\"address\">\r\n                                                <span class=\"icon flaticon-call\"><\/span>\r\n                        <a href=\"0037120268107\">00371 20268107<\/a>                    <\/li>\r\n                                    <li class=\"address\">\r\n                                                <span class=\"icon flaticon-email-2\"><\/span>\r\n                        <a href=\"mailto:needhelp@linoor.com\">admin@crystalitg.com<\/a>                    <\/li>\r\n                            <\/ul>\r\n        <\/div>\r\n    <\/div>\r\n\t\t\t\t<\/div>\n\t\t\t\t<\/div>\n\t\t\t\t\t<\/div>\n\t\t<\/div>\n\t\t\t\t<div class=\"elementor-column elementor-col-33 elementor-inner-column elementor-element elementor-element-057d71b\" data-id=\"057d71b\" data-element_type=\"column\" data-e-type=\"column\">\n\t\t\t<div class=\"elementor-widget-wrap elementor-element-populated\">\n\t\t\t\t\t\t<div class=\"elementor-element elementor-element-ea250a4 elementor-widget elementor-widget-footer-subscribe\" data-id=\"ea250a4\" data-element_type=\"widget\" data-e-type=\"widget\" data-widget_type=\"footer-subscribe.default\">\n\t\t\t\t<div class=\"elementor-widget-container\">\n\t\t\t\t\t    <div class=\"footer-widget newsletter-widget\">\r\n        <div class=\"widget-content\">\r\n            <h6>S\u016aT\u012aT ZI\u0145OJUMU<\/h6>\r\n            <div class=\"newsletter-form\">\r\n                <form class=\"mc-form\" data-url=\"#\" action=\"\">\r\n                    <div class=\"form-group clearfix\">\r\n                        <input type=\"email\" name=\"EMAIL\" value=\"\" placeholder=\"E-pasta adrese\">\r\n                        <button type=\"submit\" class=\"theme-btn\"><span class=\"fa fa-envelope\"><\/span><\/button>\r\n                    <\/div>\r\n                <input type=\"hidden\" name=\"trp-form-language\" value=\"lv\"\/><\/form>\r\n                <div class=\"mc-form__response\"><\/div>\r\n            <\/div>\r\n            <div class=\"text\">Re\u0123istr\u0113jieties atlaid\u0113m un \u012bpa\u0161ajiem pied\u0101v\u0101jumiem: surog\u0101tpasts nav garant\u0113ts!<\/div>\r\n        <\/div>\r\n    <\/div>\r\n\r\n\r\n\r\n\t\t\t\t<\/div>\n\t\t\t\t<\/div>\n\t\t\t\t\t<\/div>\n\t\t<\/div>\n\t\t\t\t\t<\/div>\n\t\t<\/section>\n\t\t\t\t<section class=\"elementor-section elementor-inner-section elementor-element elementor-element-7d55d52 elementor-section-boxed elementor-section-height-default elementor-section-height-default\" data-id=\"7d55d52\" data-element_type=\"section\" data-e-type=\"section\">\n\t\t\t\t\t\t<div class=\"elementor-container elementor-column-gap-extended\">\n\t\t\t\t\t<div class=\"elementor-column elementor-col-100 elementor-inner-column elementor-element elementor-element-b86b665\" data-id=\"b86b665\" data-element_type=\"column\" data-e-type=\"column\">\n\t\t\t<div class=\"elementor-widget-wrap elementor-element-populated\">\n\t\t\t\t\t\t<div class=\"elementor-element elementor-element-c02d240 elementor-widget elementor-widget-footer-copyright\" data-id=\"c02d240\" data-element_type=\"widget\" data-e-type=\"widget\" data-widget_type=\"footer-copyright.default\">\n\t\t\t\t<div class=\"elementor-widget-container\">\n\t\t\t\t\t<div class=\"footer-bottom\">\r\n    <div class=\"auto-container\">\r\n        <div class=\"inner clearfix\">\r\n            <div class=\"copyright\">\u00a9 2011-2022, SIA \u201cCrystal ITG\u201d Visas ties\u012bbas aizsarg\u0101tas<\/div>\r\n        <\/div>\r\n    <\/div>\r\n<\/div>\t\t\t\t<\/div>\n\t\t\t\t<\/div>\n\t\t\t\t\t<\/div>\n\t\t<\/div>\n\t\t\t\t\t<\/div>\n\t\t<\/section>\n\t\t\t\t\t<\/div>\n\t\t<\/div>\n\t\t\t\t\t<\/div>\n\t\t<\/section>\n\t\t\t\t<\/div>","protected":false},"excerpt":{"rendered":"<p>We distribute only Premium Products with top Certifications EN Plus A1 ENplus\u00ae certificate is applicable to all chains of supply of wood pellets from production to the deliveries to the end customer, thus ensuring the compliance of the pellets to quality standards and transparency of the product chain. The compliance of wood pellets to the [&hellip;]<\/p>\n","protected":false},"author":1,"featured_media":0,"parent":0,"menu_order":0,"comment_status":"closed","ping_status":"closed","template":"elementor_header_footer","meta":{"footnotes":""},"class_list":["post-1680","page","type-page","status-publish","hentry"],"jetpack_sharing_enabled":true,"_links":{"self":[{"href":"https:\/\/crystalitg.com\/lv\/wp-json\/wp\/v2\/pages\/1680","targetHints":{"allow":["GET"]}}],"collection":[{"href":"https:\/\/crystalitg.com\/lv\/wp-json\/wp\/v2\/pages"}],"about":[{"href":"https:\/\/crystalitg.com\/lv\/wp-json\/wp\/v2\/types\/page"}],"author":[{"embeddable":true,"href":"https:\/\/crystalitg.com\/lv\/wp-json\/wp\/v2\/users\/1"}],"replies":[{"embeddable":true,"href":"https:\/\/crystalitg.com\/lv\/wp-json\/wp\/v2\/comments?post=1680"}],"version-history":[{"count":22,"href":"https:\/\/crystalitg.com\/lv\/wp-json\/wp\/v2\/pages\/1680\/revisions"}],"predecessor-version":[{"id":3623,"href":"https:\/\/crystalitg.com\/lv\/wp-json\/wp\/v2\/pages\/1680\/revisions\/3623"}],"wp:attachment":[{"href":"https:\/\/crystalitg.com\/lv\/wp-json\/wp\/v2\/media?parent=1680"}],"curies":[{"name":"wp","href":"https:\/\/api.w.org\/{rel}","templated":true}]}}