{"id":2923,"date":"2022-06-15T12:03:06","date_gmt":"2022-06-15T12:03:06","guid":{"rendered":"https:\/\/crystalitg.com\/?page_id=2923"},"modified":"2022-08-23T09:20:35","modified_gmt":"2022-08-23T09:20:35","slug":"privacy","status":"publish","type":"page","link":"https:\/\/crystalitg.com\/it\/privacy\/","title":{"rendered":"Privacy"},"content":{"rendered":"<div data-elementor-type=\"wp-page\" data-elementor-id=\"2923\" class=\"elementor elementor-2923\">\n\t\t\t\t\t\t<section class=\"elementor-section elementor-top-section elementor-element elementor-element-5927807 elementor-section-full_width elementor-section-height-default elementor-section-height-default\" data-id=\"5927807\" data-element_type=\"section\" data-e-type=\"section\">\n\t\t\t\t\t\t<div class=\"elementor-container elementor-column-gap-no\">\n\t\t\t\t\t<div class=\"elementor-column elementor-col-100 elementor-top-column elementor-element elementor-element-9349946\" data-id=\"9349946\" data-element_type=\"column\" data-e-type=\"column\">\n\t\t\t<div class=\"elementor-widget-wrap\">\n\t\t\t\t\t\t\t<\/div>\n\t\t<\/div>\n\t\t\t\t\t<\/div>\n\t\t<\/section>\n\t\t\t\t<section class=\"elementor-section elementor-top-section elementor-element elementor-element-8305a30 elementor-section-boxed elementor-section-height-default elementor-section-height-default\" data-id=\"8305a30\" data-element_type=\"section\" data-e-type=\"section\">\n\t\t\t\t\t\t<div class=\"elementor-container elementor-column-gap-default\">\n\t\t\t\t\t<div class=\"elementor-column elementor-col-100 elementor-top-column elementor-element elementor-element-52f0506\" data-id=\"52f0506\" data-element_type=\"column\" data-e-type=\"column\">\n\t\t\t<div class=\"elementor-widget-wrap elementor-element-populated\">\n\t\t\t\t\t\t<div class=\"elementor-element elementor-element-28a85e6 elementor-widget elementor-widget-text-editor\" data-id=\"28a85e6\" data-element_type=\"widget\" data-e-type=\"widget\" data-widget_type=\"text-editor.default\">\n\t\t\t\t<div class=\"elementor-widget-container\">\n\t\t\t\t\t\t\t\t\t<p><strong>Datu p\u0101rzinis<\/strong><\/p><p>Atbilsto\u0161i Eiropas Parlamenta un Padomes Regulai (ES) 2016\/679 (2016.gada 27.apr\u012blis) par fizisko personu aizsardz\u012bbu attiec\u012bb\u0101 uz personas datu apstr\u0101di un \u0161\u0101du datu br\u012bvu apriti SIA \u201cCrystal ITG\u201d izstr\u0101d\u0101jis Priv\u0101tuma politiku, kas sniedz inform\u0101ciju par personas datu apstr\u0101di uz\u0146\u0113mum\u0101.<\/p><p><strong>P\u0101rzinis:<\/strong>\u00a0SIA \u201cCrystal ITG\u201d, vienotais re\u0123istr\u0101cijas Nr.\u00a043603043365 juridisk\u0101 adrese: Jana Asara iela 12, LV-3001 Jelgava LATVIJA<\/p><p><strong>Dokumenta piem\u0113ro\u0161anas joma<\/strong><\/p><p>\u0160is dokuments attiecas uz visiem uz\u0146\u0113mum\u0101 non\u0101ku\u0161ajiem personu datiem, t.i., jebk\u0101da veida inform\u0101ciju par identific\u0113tu vai identific\u0113jamu fizisku personu. Personu dati var b\u016bt potenci\u0101lo, eso\u0161o un biju\u0161o darbinieku, pieg\u0101d\u0101t\u0101ju, klientu un sadarb\u012bbas partneru dati. Visbie\u017e\u0101k tie ir: v\u0101rds, uzv\u0101rds, personas kods (ja nepiecie\u0161ams l\u012bgumu sagatavo\u0161an\u0101), adrese, t\u0101lru\u0146a numurs, e-pasta adrese, nor\u0113\u0137inu inform\u0101cija un inform\u0101cija par sa\u0146emtajiem pakalpojumiem un produktiem, cita inform\u0101cija, kas attiecin\u0101ma uz fizisku personu. Priv\u0101tuma politiku piem\u0113ro priv\u0101tuma un personas datu aizsardz\u012bbas nodro\u0161in\u0101\u0161anai attiec\u012bb\u0101 uz fizisk\u0101m person\u0101m\u00a0\u2013 potenci\u0101lajiem, eso\u0161ajiem un biju\u0161ajiem klientiem, darbiniekiem, pieg\u0101d\u0101t\u0101jiem; SIA \u201cCrystal ITG\u201d uz\u0146\u0113muma teritorijas un biroja apmekl\u0113t\u0101jiem (videonov\u0113ro\u0161anas nodro\u0161in\u0101\u0161anas ietvaros); uz\u0146\u0113muma uztur\u0113to interneta m\u0101jaslapu un soci\u0101lo port\u0101lu apmekl\u0113t\u0101jiem.<\/p><p><strong>K\u0101 m\u0113s ieg\u016bstam J\u016bsu personas datus?<\/strong><\/p><p>J\u016bsu personas datus m\u0113s varam ieg\u016bt k\u0101d\u0101 no sekojo\u0161iem veidiem:<\/p><ol><li>savstarp\u0113ja l\u012bguma sl\u0113g\u0161anas proces\u0101, ieg\u016bstot datus no Jums;<\/li><li>ja l\u012bgums tiek sl\u0113gts ar tre\u0161o personu un t\u0101 ir nor\u0101d\u012bjusi J\u016bs k\u0101 kontaktpersonu;<\/li><li>no Jums, ja J\u016bs iesniegsiet iesniegumus, rakst\u012bsiet e-pastus, zvan\u012bsiet;<\/li><li>no Jums, ja veiksiet pirkumus e-veikal\u0101;<\/li><li>t\u012bmek\u013ca vietn\u0113 www.crystalitg.com, izmantojot s\u012bkdatnes (<em>cookies<\/em>);<\/li><li>atsevi\u0161\u0137os gad\u012bjumos no tre\u0161o personu datub\u0101z\u0113m, piem\u0113ram, p\u0101rbaudot J\u016bsu ties\u012bbas p\u0101rst\u0101v\u0113t komercsabiedr\u012bbu (<a href=\"http:\/\/www.firmas.lv\/\"><em>lv<\/em><\/a>u.tml. datub\u0101z\u0113m).<\/li><\/ol><p><br \/><strong>Eso\u0161ie un potenci\u0101lie darbinieki<\/strong><\/p><p><u>Ja mekl\u0113jat darbu pie mums<\/u>, m\u0113s apstr\u0101d\u0101jam J\u016bsu personas datus, lai nov\u0113rt\u0113tu J\u016bsu prasmju atbilst\u012bbu amatam, uz kuru piesak\u0101ties. M\u0113s to dar\u0101m pamatojoties uz J\u016bsu piekri\u0161anu\u00a0\u2013 J\u016bsu br\u012bvpr\u0101t\u012bgi sniegtajiem datiem, un nodro\u0161in\u0101m \u0161\u0101du datu apstr\u0101dei atbilsto\u0161u saglab\u0101\u0161anas ilgumu.<\/p><p><u>Ja esat darbinieks<\/u>, m\u0113s apstr\u0101d\u0101jam J\u016bsu personas datus, lai pild\u012btu ar Jums nosl\u0113gto l\u012bgumu un iev\u0113rotu normat\u012bvo aktu pras\u012bbas, piem\u0113ram, Darba likumu, Likumu par nodok\u013ciem un nodev\u0101m, k\u0101 ar\u012b citu ties\u012bbu aktu pras\u012bbas. M\u0113s to dar\u0101m, pamatojoties uz nosl\u0113gto l\u012bgumu un no t\u0101 izrieto\u0161\u0101m juridiskaj\u0101m saist\u012bb\u0101m. nodro\u0161in\u0101m \u0161\u0101du datu apstr\u0101dei atbilsto\u0161u saglab\u0101\u0161anas ilgumu.<\/p><p><u>Ja esat biju\u0161ais darbinieks<\/u>, m\u0113s uzglab\u0101jam J\u016bsu personas datus un datus par Jums saska\u0146\u0101 ar normat\u012bvajiem aktiem, kas nosaka attiec\u012bgus pien\u0101kumus arh\u012bvu ve\u0161anai.<\/p><p><strong>Pieg\u0101d\u0101t\u0101ji un partneri<\/strong><\/p><p>M\u0113s apstr\u0101d\u0101jam to personu datus, kuras p\u0101rst\u0101v m\u016bsu pieg\u0101d\u0101t\u0101jus un dar\u012bjumu partnerus, pamatojoties uz m\u016bsu le\u0123it\u012bmo intere\u0161u iev\u0113ro\u0161anu ieg\u016bt jaunus partnerus un jaunus tirgus. T\u0101pat lai izpild\u012btu l\u012bgumus, kas nosl\u0113gti ar konkr\u0113taj\u0101m l\u012bgumsl\u0113dz\u0113ju pus\u0113m.<\/p><p><strong>Klienti<\/strong><\/p><p>M\u0113s apstr\u0101d\u0101jam to personu datus, kuri attiecas uz m\u016bsu potenci\u0101lajiem, eso\u0161ajiem un biju\u0161ajiem klientiem.<\/p><p><strong>Uz\u0146\u0113muma biroja vai ra\u017eotnes apmekl\u0113t\u0101ji<\/strong><\/p><p>Atbilsto\u0161i vesel\u012bbas, dro\u0161\u012bbas un vides standartiem un lai iev\u0113rotu m\u016bsu le\u0123it\u012bm\u0101s intereses, aizsarg\u0101tu m\u016bsu komercnosl\u0113pumus, darbiniekus, klientus un citas personas, m\u0113s varam apstr\u0101d\u0101t j\u016bsu personas datus, izvietojot videonov\u0113ro\u0161anas sist\u0113mas m\u016bsu biroja telp\u0101s, ra\u017eo\u0161anas telp\u0101s un teritorij\u0101. Ja \u0161\u0101das darb\u012bbas tiek veiktas, personas ar pazi\u0146ojumu tiek inform\u0113tas par to. Videonov\u0113ro\u0161anas ierakstus uzglab\u0101 ne ilg\u0101k k\u0101 60\u00a0dienas, ja vien tas nav nepiecie\u0161ams m\u016bsu tiesisko intere\u0161u aizst\u0101v\u012bbai tiesas vai \u0101rpustiesas procesos.<\/p><p><strong>M\u0101rketinga aktivit\u0101\u0161u nodro\u0161in\u0101\u0161ana<\/strong><\/p><p>Marketinga aktivit\u0101\u0161u nodro\u0161in\u0101\u0161anas nol\u016bkos m\u0113s var\u0113tu Jums nos\u016bt\u012bt komerci\u0101los pazi\u0146ojumus, nodro\u0161in\u0101t J\u016bsu dal\u012bbu m\u016bsu organiz\u0113t\u0101s izloz\u0113s, k\u0101 ar\u012b public\u0113t materi\u0101lus no m\u016bsu organiz\u0113tiem publiskiem pas\u0101kumiem. \u0160im nol\u016bkam mums var\u0113tu b\u016bt nepiecie\u0161ami vismaz sekojo\u0161i personas dati: klienta un\/vai sadarb\u012bbas partnera vai kontaktpersonas v\u0101rds, uzv\u0101rds, telefona numurs, e-pasta adrese.<\/p><p>Pamatojums \u0161o nol\u016bku sasnieg\u0161anai ir:<\/p><ol start=\"6\"><li>datu subjekta piekri\u0161ana (Visp\u0101r\u012bg\u0101s datu aizsardz\u012bbas regulas 6.panta pirm\u0101s da\u013cas A\u00a0punkts);<\/li><li>l\u012bguma ar datu subjektu nosl\u0113g\u0161ana un izpilde (Visp\u0101r\u012bg\u0101s datu aizsardz\u012bbas regulas 6.panta pirm\u0101s da\u013cas B\u00a0punkts);<\/li><li>p\u0101rzi\u0146a le\u0123it\u012bm\u0101s intereses (Visp\u0101r\u012bg\u0101s datu aizsardz\u012bbas regulas 6.panta pirm\u0101s da\u013cas F\u00a0punkts), piem\u0113ram, sazi\u0146as nodro\u0161in\u0101\u0161anai.<\/li><\/ol><p>Jums ir ties\u012bbas atteikties no m\u016bsu m\u0101rketinga zi\u0146u sa\u0146em\u0161anas. To varat izdar\u012bt, atbildot uz sa\u0146emto pazi\u0146ojumu vai inform\u0113jot uz\u0146\u0113muma darbinieku, kur\u0161 ar jums sazin\u0101s.<\/p><p>\u0145emiet v\u0113r\u0101, ka ar\u012b tad, ja atsak\u0101ties no m\u0101rketinga zi\u0146u sa\u0146em\u0161anas, joproj\u0101m varat sa\u0146emt administrat\u012bvas zi\u0146as, piem\u0113ram, pazi\u0146ojumus par nenomaks\u0101tiem r\u0113\u0137iniem, inform\u0101ciju par izmai\u0146\u0101m sadarb\u012bbas l\u012bgum\u0101, inform\u0101ciju par izmai\u0146\u0101m normat\u012bvajos aktos, kas regul\u0113 sadarb\u012bbas l\u012bgum\u0101 noteikto saist\u012bbu izpildi, inform\u0101ciju par l\u012bguma p\u0101rtrauk\u0161anu.<\/p><p><strong>Datu aizsarg\u0101\u0161ana<\/strong><\/p><p>Personas dati, kas non\u0101k uz\u0146\u0113muma r\u012bc\u012bb\u0101, tiek apstr\u0101d\u0101ti dro\u0161\u0101 veid\u0101. M\u0113s dar\u0101m visu iesp\u0113jamo, lai p\u0101rliecin\u0101tos, ka visas IKT un IT\u00a0sist\u0113mas, kas izveidotas un integr\u0113tas darba procesos un tiek izmantotas, nodro\u0161ina konfidencialit\u0101ti. M\u0113s pie\u0161\u0137iram piek\u013cuvi personas datiem tikai t\u0101m person\u0101m, kur\u0101m tas ir nepiecie\u0161ams darba pien\u0101kumu veik\u0161anai. Darbinieki, kuri uz\u0146\u0113mum\u0101 apstr\u0101d\u0101 personas datus, tiek apm\u0101c\u012bti un vi\u0146iem ir saisto\u0161i Latvijas Republikas normat\u012bvie akti, k\u0101 ar\u012b uz\u0146\u0113muma izstr\u0101d\u0101tie iek\u0161\u0113jie normat\u012bvie akti.<\/p><p>Personas dati netiek apstr\u0101d\u0101ti ilg\u0101k nek\u0101 nepiecie\u0161ams.<\/p><p>M\u0113s neuzglab\u0101sim J\u016bsu personas datus ilg\u0101k nek\u0101 tas ir nepiecie\u0161ams m\u0113r\u0137im, k\u0101dam tie tika apkopoti. Tas noz\u012bm\u0113, ka dati tiks izn\u012bcin\u0101ti vai dz\u0113sti no m\u016bsu sist\u0113m\u0101m, kad tie vairs neb\u016bs nepiecie\u0161ami saist\u012bbu izpildei.<\/p><p>M\u0113s veicam atbilsto\u0161as darb\u012bbas, lai garant\u0113tu, ka m\u016bsu veikt\u0101 inform\u0101cijas par jums apstr\u0101de un uzglab\u0101\u0161ana ir balst\u012bta uz zem\u0101k nor\u0101d\u012bto lo\u0123iku:<\/p><ol><li>vismaz tik ilgs laika posms, kam\u0113r inform\u0101ciju izmanto, lai Jums nodro\u0161in\u0101tu pakalpojumu;<\/li><li>saska\u0146\u0101 ar ties\u012bbu aktiem, l\u012bgumu vai atbilsto\u0161i m\u016bsu tiesiskaj\u0101m saist\u012bb\u0101m;<\/li><li>tikai t\u0101ds laika posms, k\u0101ds ir nepiecie\u0161ams datu apkopo\u0161anas m\u0113r\u0137a sasnieg\u0161anai; vai ilg\u0101k, ja tas nepiecie\u0161ams saska\u0146\u0101 ar nosl\u0113gto l\u012bgumu, piem\u0113rojamiem ties\u012bbu aktiem, statistikas nol\u016bkos, atbilsto\u0161i saisto\u0161ajiem uz\u0146\u0113muma intere\u0161u aizsargpas\u0101kumiem.<\/li><\/ol><p>Uz\u0146\u0113mums iev\u0113ro datu minimiz\u0101cijas principu un garant\u0113, ka, nodro\u0161inot Jums produktus un pakalpojumus, tiek iev\u0101kts tikai minim\u0101lais personas datu apjoms, kas nepiecie\u0161ams, lai sniegtu pakalpojumu vai pieg\u0101d\u0101tu produktu.<\/p><p><strong>M\u0113s nedar\u0101m<\/strong><\/p><p>J\u016bsu dati netiek nodoti t\u0101l\u0101kai apstr\u0101dei \u0101rpus Eiropas Savien\u012bbas un Eiropas Ekonomisk\u0101s zonas.<\/p><p>J\u016bsu datus neizmantojam automatiz\u0113to l\u0113mumu pie\u0146em\u0161an\u0101.<\/p><p>M\u0113s neizpau\u017eam tre\u0161aj\u0101m person\u0101m sav\u0101 r\u012bc\u012bb\u0101 eso\u0161os personu datus vai jebk\u0101du pakalpojumu snieg\u0161anas un l\u012bguma darb\u012bbas laik\u0101 ieg\u016btu inform\u0101ciju, iz\u0146emot: pakalpojuma nodro\u0161in\u0101\u0161anai, piem\u0113ram, transporta komp\u0101nij\u0101m tiek nodots klienta v\u0101rds, uzv\u0101rds, kontaktinform\u0101cija un pieg\u0101des adrese; \u0101r\u0113jos normat\u012bvajos aktos paredz\u0113taj\u0101m person\u0101m p\u0113c vi\u0146u pamatota piepras\u012bjuma; \u0101r\u0113jos normat\u012bvajos aktos noteiktaj\u0101 k\u0101rt\u012bb\u0101 un apjom\u0101; \u0101r\u0113jos normat\u012bvajos aktos noteiktos gad\u012bjumos SIA \u201cCrystal ITG\u201d likum\u012bgo intere\u0161u aizsardz\u012bbai, piem\u0113ram, v\u0113r\u0161oties ties\u0101 vai cit\u0101s valsts instit\u016bcij\u0101s pret personu, kura ir aizsk\u0101rusi uz\u0146\u0113muma likum\u012bg\u0101s intereses.<\/p><p><strong>J\u016bsu ties\u012bbas<\/strong><\/p><p>Jums ir ties\u012bbas piepras\u012bt piek\u013cuvi m\u016bsu r\u012bc\u012bb\u0101 eso\u0161ajiem J\u016bsu personas datiem. Tom\u0113r pirms \u0161\u0101das inform\u0101cijas snieg\u0161anas mums ir j\u0101p\u0101rliecin\u0101s par J\u016bsu identit\u0101ti. Jums ir ties\u012bbas iebilst pret personas datu apstr\u0101di, atsaukt piekri\u0161anu, piepras\u012bt J\u016bsu personas datu dz\u0113\u0161anu vai labo\u0161anu, k\u0101 ar\u012b ties\u012bbas uz datu p\u0101rnesam\u012bbu.<\/p><p>Ja v\u0113laties piepras\u012bt piek\u013cuvi saviem datiem, dz\u0113st vai labot datus, iebilst pret personas datu apstr\u0101di vai izmantot savas ties\u012bbas uz datu p\u0101rnesam\u012bbu, l\u016bdzam sazin\u0101ties ar m\u016bsu datu aizsardz\u012bbas speci\u0101listu (skat\u012bt sada\u013cu \u201cKontakti\u201d).<\/p><p>Jums ir ties\u012bbas saist\u012bb\u0101 ar J\u016bsu personas datu apstr\u0101di vai uzglab\u0101\u0161anu iesniegt s\u016bdz\u012bbu datu aizsardz\u012bbas iest\u0101d\u0113.<\/p><p>Ja J\u016bs piepras\u0101t dz\u0113st savus personas datus, J\u016bs apliecin\u0101t, ka J\u016bs neizmantosiet uz\u0146\u0113muma sniegtos pakalpojumus un ka personas inform\u0101cija turpina glab\u0101ties uz\u0146\u0113muma ierakstos un arh\u012bvos saska\u0146\u0101 ar normat\u012bvajos aktos min\u0113taj\u0101m pras\u012bb\u0101m un termi\u0146iem. \u0160o inform\u0101ciju uz\u0146\u0113mums neizmantos komerci\u0101liem m\u0113r\u0137iem. Neskatoties uz piepras\u012bjumu dz\u0113st datus, uz\u0146\u0113mums patur ties\u012bbas uzglab\u0101t J\u016bsu personas datus vai to saisto\u0161o da\u013cu saska\u0146\u0101 ar uz\u0146\u0113muma le\u0123it\u012bmaj\u0101m interes\u0113m un piem\u0113rojamiem ties\u012bbu aktiem.<\/p><p>Inform\u0101cijas piepras\u012bjumi tiek apstr\u0101d\u0101ti viena m\u0113ne\u0161a laik\u0101 no piepras\u012bjuma sa\u0146em\u0161anas un apstiprin\u0101\u0161anas.<\/p><p><strong>\u201cCookies\u201d jeb s\u012bkdatnes<\/strong><\/p><p>Ja p\u0101rl\u016bkojat t\u012bmekli un nev\u0113laties, ka laik\u0101, kad apmekl\u0113jat m\u016bsu t\u012bmek\u013ca vietni, tiktu apstr\u0101d\u0101ti J\u016bsu personas dati izmantojot s\u012bkdat\u0146u pakalpojumus, iesak\u0101m izmantot J\u016bsu p\u0101rl\u016bka priv\u0101t\u0101s p\u0101rl\u016bko\u0161anas re\u017e\u012bmu.<\/p><p>M\u0113s saglab\u0101jam un apstr\u0101d\u0101jam tikai tos personas datus, kas nepiecie\u0161ami, lai var\u0113tu izpild\u012bt l\u012bgum\u0101 noteikt\u0101s saist\u012bbas. J\u016bsu personas dati tiek \u0161ifr\u0113ti. SIA \u201cCrystal ITG\u201d nav pieeja klienta interneta bankas un citiem maks\u0101juma datiem, jo lietot\u0101js maks\u0101juma veik\u0161anas br\u012bd\u012b tiek novirz\u012bts uz attiec\u012bg\u0101s bankas aizsarg\u0101tu lapu.<\/p><p><strong>Kas ir s\u012bkfaili?<\/strong><\/p><p>S\u012bkfails ir neliels ciparus un burtus saturo\u0161s fails, kas tiek lejupiel\u0101d\u0113ts lietot\u0101ja ier\u012bc\u0113, piem\u0113ram, dator\u0101 vai telefon\u0101, kad lietot\u0101js apmekl\u0113 SIA \u201cCrystal ITG\u201d m\u0101jaslapu www.crystalitg.com S\u012bkfaili tiek lietoti, lai at\u0161\u0137irtu lietot\u0101jus. Tas pal\u012bdz uz\u0146\u0113mumam nodro\u0161in\u0101t veiksm\u012bgu lietot\u0101ja pieredzi m\u0101jaslapas apmekl\u0113juma laik\u0101, \u013cauj pilnveidot lietot\u0101ja pieredzi.<\/p><p><strong>K\u0101 tiek izmantoti s\u012bkfaili?<\/strong><\/p><p>B\u016btiskie s\u012bkfaili jeb \u201cEssential Cookies\u201d ir nepiecie\u0161ami, jo tie pal\u012bdz m\u0101jaslapai atcer\u0113ties lietot\u0101ja veikt\u0101s darb\u012bbas un izv\u0113l\u0113tos valodas uzst\u0101d\u012bjumus. S\u012bkfaili netiek saglab\u0101ti lietot\u0101ja ier\u012bc\u0113 un, p\u0101rtraucot p\u0101rl\u016bkprogrammas sesiju, izz\u016bd.<\/p><p>Anon\u012bmie anal\u012btikas s\u012bkfaili jeb \u201cAnonymous Analytics Cookies\u201d \u013cauj uzskait\u012bt m\u0101jaslapas apmekl\u0113t\u0101jus un redz\u0113t, k\u0101das darb\u012bbas veic un funkcijas izmanto lietot\u0101ji www.crystalitg.com m\u0101jaslapas apmekl\u0113juma laik\u0101. S\u012bkfailu apkopo\u0161ana \u013cauj SIA \u201cCrystal ITG\u201d uzlabot m\u0101jaslapu un padar\u012bt m\u0101jaslapas lieto\u0161anu \u0113rt\u0101ku.<\/p><p>Funkcionalit\u0101tes s\u012bkfaili jeb \u201cFunctionality cookies\u201d \u013cauj p\u0101rl\u016bkot, kad lietot\u0101ji atgrie\u017eas SIA \u201cCrystal ITG\u201d m\u0101jaslap\u0101. Tas \u013cauj uz\u0146\u0113mumam piel\u0101got m\u0101jaslapas uzst\u0101d\u012bjumus un saturu atbilsto\u0161i konkr\u0113t\u0101 lietot\u0101ja vajadz\u012bb\u0101m un m\u0101jaslapas piel\u0101go\u0161anas iesp\u0113j\u0101m.<\/p><p>Rekl\u0101mas s\u012bkfaili jeb \u201cAdvertising cookies\u201d (Google AdWords s\u012bkfailu izseko\u0161ana) pal\u012bdz reklam\u0113t SIA \u201cCrystal ITG\u201d internet\u0101, att\u0113lojot konkr\u0113tajam lietot\u0101jam piel\u0101gotas rekl\u0101mas, kuru saturs tiek veidots izmantojot inform\u0101ciju par lietot\u0101ja veiktaj\u0101m darb\u012bb\u0101m un apl\u016bkoto inform\u0101ciju crystalitg.comm\u0101jaslap\u0101. \u0160ie s\u012bkfaili nor\u0101da, ka konkr\u0113tais lietot\u0101js ir apmekl\u0113jis SIA \u201cCrystal ITG\u201d m\u0101jaslapu un p\u0101rl\u016bkprogramm\u0101 j\u0101att\u0113lo rekl\u0101mas, kas attiecas uz crystalitg.com<\/p><p><strong>K\u0101 p\u0101rvald\u012bt s\u012bkfailu vai attiekties no tiem..<\/strong><\/p><p>S\u012bkfailus var no\u0146emt, aktiviz\u0113jot iestat\u012bjumus sav\u0101 p\u0101rl\u016bkprogramm\u0101, kas \u013cauj atteikties no visu vai da\u017eu s\u012bkfailu veidu iestat\u012b\u0161anas lietot\u0101ja ier\u012bc\u0113. Svar\u012bgi \u0146emt v\u0113r\u0101, ka, lietojot p\u0101rl\u016bkprogrammas iestat\u012bjumus, kas blo\u0137\u0113 visus s\u012bkfailus (tostarp b\u016btiskos), iesp\u0113jams, lietot\u0101jam netiks nodro\u0161in\u0101ta piek\u013cuve vis\u0101m SIA \u201cCrystal ITG\u201d m\u0101jaslapas sada\u013c\u0101m.<\/p><p><strong>J\u016bsu piekri\u0161ana<\/strong><\/p><p>Nododot uz\u0146\u0113mumam savus personas datus, J\u016bs piekr\u012btat \u0161\u012bs Priv\u0101tuma politikas noteikumiem.<\/p><p><strong>Kontakti<\/strong><\/p><p>Jaut\u0101jumu un neskaidr\u012bbu gad\u012bjum\u0101, l\u016bdzu, s\u016bt\u012bt e-pastu uz adresi:\u00a0<u><a href=\"mailto:sales@crystalitg.com\">sales@crystalitg.com<\/a><\/u>\u00a0vai ierodoties pie mums person\u012bgi.<\/p><p><strong>Kur J\u016bs varat iesniegt s\u016bdz\u012bbu ar personas datu apstr\u0101di saist\u012btiem jaut\u0101jumiem?<\/strong><\/p><p>Ja Jums ir k\u0101di jaut\u0101jumi vai iebildumi saist\u012bb\u0101 ar m\u016bsu veikto J\u016bsu personas datu apstr\u0101di, m\u0113s aicin\u0101m vispirms v\u0113rsties pie mums (kl\u0101tien\u0113 vai nos\u016btot e-pastu).<\/p><p>Ja J\u016bs tom\u0113r uzskat\u0101t, ka m\u0113s neesam sp\u0113ju\u0161i savstarp\u0113ji atrisin\u0101t radu\u0161os probl\u0113msitu\u0101ciju un J\u016bs uzskat\u0101t, ka m\u0113s p\u0101rk\u0101pjam J\u016bsu ties\u012bbas uz personas datu aizsardz\u012bbu, Jums ir ties\u012bbas iesniegt s\u016bdz\u012bbu Datu valsts inspekcijai. Iesniegumu paraugus Datu valsts inspekcijai un citu saist\u012btu inform\u0101ciju J\u016bs varat atrast Datu valsts inspekcijas m\u0101jas lap\u0101 (<a href=\"http:\/\/www.dvi.gov.lv\/lv\/datu-aizsardziba\/\"><em>http:\/\/www.dvi.gov.lv\/lv\/datu-aizsardziba\/<\/em><\/a>).<\/p>\t\t\t\t\t\t\t\t<\/div>\n\t\t\t\t<\/div>\n\t\t\t\t\t<\/div>\n\t\t<\/div>\n\t\t\t\t\t<\/div>\n\t\t<\/section>\n\t\t\t\t<\/div>","protected":false},"excerpt":{"rendered":"<p>Datu p\u0101rzinis Atbilsto\u0161i Eiropas Parlamenta un Padomes Regulai (ES) 2016\/679 (2016.gada 27.apr\u012blis) par fizisko personu aizsardz\u012bbu attiec\u012bb\u0101 uz personas datu apstr\u0101di un \u0161\u0101du datu br\u012bvu apriti SIA \u201cCrystal ITG\u201d izstr\u0101d\u0101jis Priv\u0101tuma politiku, kas sniedz inform\u0101ciju par personas datu apstr\u0101di uz\u0146\u0113mum\u0101. P\u0101rzinis:\u00a0SIA \u201cCrystal ITG\u201d, vienotais re\u0123istr\u0101cijas Nr.\u00a043603043365 juridisk\u0101 adrese: Jana Asara iela 12, LV-3001 Jelgava LATVIJA [&hellip;]<\/p>\n","protected":false},"author":1,"featured_media":0,"parent":0,"menu_order":0,"comment_status":"closed","ping_status":"closed","template":"elementor_header_footer","meta":{"footnotes":""},"class_list":["post-2923","page","type-page","status-publish","hentry"],"jetpack_sharing_enabled":true,"_links":{"self":[{"href":"https:\/\/crystalitg.com\/it\/wp-json\/wp\/v2\/pages\/2923","targetHints":{"allow":["GET"]}}],"collection":[{"href":"https:\/\/crystalitg.com\/it\/wp-json\/wp\/v2\/pages"}],"about":[{"href":"https:\/\/crystalitg.com\/it\/wp-json\/wp\/v2\/types\/page"}],"author":[{"embeddable":true,"href":"https:\/\/crystalitg.com\/it\/wp-json\/wp\/v2\/users\/1"}],"replies":[{"embeddable":true,"href":"https:\/\/crystalitg.com\/it\/wp-json\/wp\/v2\/comments?post=2923"}],"version-history":[{"count":23,"href":"https:\/\/crystalitg.com\/it\/wp-json\/wp\/v2\/pages\/2923\/revisions"}],"predecessor-version":[{"id":3130,"href":"https:\/\/crystalitg.com\/it\/wp-json\/wp\/v2\/pages\/2923\/revisions\/3130"}],"wp:attachment":[{"href":"https:\/\/crystalitg.com\/it\/wp-json\/wp\/v2\/media?parent=2923"}],"curies":[{"name":"wp","href":"https:\/\/api.w.org\/{rel}","templated":true}]}}