{"id":1680,"date":"2021-11-08T13:39:08","date_gmt":"2021-11-08T13:39:08","guid":{"rendered":"http:\/\/layerdrops.com\/linoorwp\/?page_id=1680"},"modified":"2024-02-26T13:41:15","modified_gmt":"2024-02-26T13:41:15","slug":"certifications","status":"publish","type":"page","link":"https:\/\/crystalitg.com\/it\/certifications\/","title":{"rendered":"Certificazioni"},"content":{"rendered":"<div data-elementor-type=\"wp-page\" data-elementor-id=\"1680\" class=\"elementor elementor-1680\">\n\t\t\t\t\t\t<section class=\"elementor-section elementor-top-section elementor-element elementor-element-15f1fa9 elementor-section-boxed elementor-section-height-default elementor-section-height-default\" data-id=\"15f1fa9\" data-element_type=\"section\" data-e-type=\"section\">\n\t\t\t\t\t\t<div class=\"elementor-container elementor-column-gap-default\">\n\t\t\t\t\t<div class=\"elementor-column elementor-col-100 elementor-top-column elementor-element elementor-element-c35427d\" data-id=\"c35427d\" data-element_type=\"column\" data-e-type=\"column\">\n\t\t\t<div class=\"elementor-widget-wrap elementor-element-populated\">\n\t\t\t\t\t\t<div class=\"elementor-element elementor-element-cb6e9fb elementor-headline--style-highlight elementor-widget elementor-widget-animated-headline\" data-id=\"cb6e9fb\" data-element_type=\"widget\" data-e-type=\"widget\" data-settings=\"{&quot;marker&quot;:&quot;underline&quot;,&quot;highlighted_text&quot;:&quot;only Premium Products&quot;,&quot;headline_style&quot;:&quot;highlight&quot;,&quot;loop&quot;:&quot;yes&quot;,&quot;highlight_animation_duration&quot;:1200,&quot;highlight_iteration_delay&quot;:8000}\" data-widget_type=\"animated-headline.default\">\n\t\t\t\t<div class=\"elementor-widget-container\">\n\t\t\t\t\t\t\t<h3 class=\"elementor-headline\">\n\t\t\t\t\t<span class=\"elementor-headline-plain-text elementor-headline-text-wrapper\">Distribuiamo<\/span>\n\t\t\t\t<span class=\"elementor-headline-dynamic-wrapper elementor-headline-text-wrapper\">\n\t\t\t\t\t<span class=\"elementor-headline-dynamic-text elementor-headline-text-active\">unicamente prodotti Premium<\/span>\n\t\t\t\t<\/span>\n\t\t\t\t\t<span class=\"elementor-headline-plain-text elementor-headline-text-wrapper\">con Certificazioni di riferimento assoluto<\/span>\n\t\t\t\t\t<\/h3>\n\t\t\t\t\t\t<\/div>\n\t\t\t\t<\/div>\n\t\t\t\t\t<\/div>\n\t\t<\/div>\n\t\t\t\t\t<\/div>\n\t\t<\/section>\n\t\t\t\t<section class=\"elementor-section elementor-top-section elementor-element elementor-element-bd1a55c elementor-section-full_width elementor-section-height-default elementor-section-height-default\" data-id=\"bd1a55c\" data-element_type=\"section\" data-e-type=\"section\">\n\t\t\t\t\t\t<div class=\"elementor-container elementor-column-gap-no\">\n\t\t\t\t\t<div class=\"elementor-column elementor-col-100 elementor-top-column elementor-element elementor-element-4edd978\" data-id=\"4edd978\" data-element_type=\"column\" data-e-type=\"column\">\n\t\t\t<div class=\"elementor-widget-wrap elementor-element-populated\">\n\t\t\t\t\t\t<div class=\"elementor-element elementor-element-8f35810 elementor-widget elementor-widget-linoor-client\" data-id=\"8f35810\" data-element_type=\"widget\" data-e-type=\"widget\" data-widget_type=\"linoor-client.default\">\n\t\t\t\t<div class=\"elementor-widget-container\">\n\t\t\t\t\t    <section class=\"partner-one\">\r\n        <div class=\"auto-container\">\r\n            <div class=\"row\">\r\n                                                 <div class=\"col-md-6 col-lg-4\">\r\n                        <div class=\"partner-one__card\">\r\n                            <div class=\"partner-one__image\">\r\n                                <img fetchpriority=\"high\" decoding=\"async\" width=\"370\" height=\"250\" src=\"https:\/\/i0.wp.com\/crystalitg.com\/wp-content\/uploads\/2024\/02\/Picture-1-2.png?resize=370%2C250&amp;ssl=1\" class=\"attachment-linoor_brand_logo_370X250 size-linoor_brand_logo_370X250\" alt=\"\" srcset=\"https:\/\/i0.wp.com\/crystalitg.com\/wp-content\/uploads\/2024\/02\/Picture-1-2.png?resize=370%2C250&amp;ssl=1 370w, https:\/\/i0.wp.com\/crystalitg.com\/wp-content\/uploads\/2024\/02\/Picture-1-2.png?zoom=2&amp;resize=370%2C250&amp;ssl=1 740w, https:\/\/i0.wp.com\/crystalitg.com\/wp-content\/uploads\/2024\/02\/Picture-1-2.png?zoom=3&amp;resize=370%2C250&amp;ssl=1 1110w\" sizes=\"(max-width: 370px) 100vw, 370px\" \/>                            <\/div><!-- \/.partner-one__image -->\r\n                            <div class=\"partner-one__content\">\r\n                                <h3 class=\"partner-one__title\">EN Plus A1<\/h3>\r\n                                <p class=\"partner-one__text\">Il certificato ENplus\u00ae \u00e8 applicabile a tutte le catene di fornitura di pellet di legno dalla produzione alle consegne al cliente finale, garantendo cos\u00ec la conformit\u00e0 dei pellet agli standard di qualit\u00e0 e la trasparenza della catena di prodotto.\n\nLa conformit\u00e0 dei pellet di legno al certificato di qualit\u00e0 \u201cENplus\u00ae A1\u201d garantisce al cliente l'alta qualit\u00e0 del prodotto acquistato, cos\u00ec come la fabbricazione del prodotto utilizzando solo risorse rinnovabili ottenute in modo pi\u00f9 rispettoso dell'ambiente e prodotte in modo sostenibile.<\/p>\r\n                                                                    <a href=\"https:\/\/enplus-pellets.eu\" class=\"partner-one__link\">approfondimenti<\/a>\r\n                                                            <\/div><!-- \/.partner-one__content -->\r\n                        <\/div><!-- \/.partner-one__card -->\r\n                    <\/div><!-- \/.col-md-6 col-lg-4 -->\r\n                                    <div class=\"col-md-6 col-lg-4\">\r\n                        <div class=\"partner-one__card\">\r\n                            <div class=\"partner-one__image\">\r\n                                <img decoding=\"async\" width=\"370\" height=\"250\" src=\"https:\/\/i0.wp.com\/crystalitg.com\/wp-content\/uploads\/2024\/02\/Picture-11.png?resize=370%2C250&amp;ssl=1\" class=\"attachment-linoor_brand_logo_370X250 size-linoor_brand_logo_370X250\" alt=\"\" \/>                            <\/div><!-- \/.partner-one__image -->\r\n                            <div class=\"partner-one__content\">\r\n                                <h3 class=\"partner-one__title\">FSC<\/h3>\r\n                                <p class=\"partner-one__text\">La Forest Stewardship Council\u00ae (FSC\u00ae) \u00e8 un'organizzazione non governativa internazionale e indipendente, fondata da rappresentanti di organizzazioni ambientali e sociali, nonch\u00e9 da proprietari forestali e aziende di lavorazione del legno di tutto il mondo. L'obiettivo del consiglio \u00e8 quello di promuovere una gestione socialmente vantaggiosa ed economicamente sostenibile delle foreste del mondo nel rispetto dei requisiti ambientali.<\/p>\r\n                                                                    <a href=\"https:\/\/connect.fsc.org\/\" class=\"partner-one__link\">approfondimenti<\/a>\r\n                                                            <\/div><!-- \/.partner-one__content -->\r\n                        <\/div><!-- \/.partner-one__card -->\r\n                    <\/div><!-- \/.col-md-6 col-lg-4 -->\r\n                                    <div class=\"col-md-6 col-lg-4\">\r\n                        <div class=\"partner-one__card\">\r\n                            <div class=\"partner-one__image\">\r\n                                <img decoding=\"async\" width=\"370\" height=\"250\" src=\"https:\/\/i0.wp.com\/crystalitg.com\/wp-content\/uploads\/2024\/02\/Picture-2-1.png?resize=370%2C250&amp;ssl=1\" class=\"attachment-linoor_brand_logo_370X250 size-linoor_brand_logo_370X250\" alt=\"\" srcset=\"https:\/\/i0.wp.com\/crystalitg.com\/wp-content\/uploads\/2024\/02\/Picture-2-1.png?resize=370%2C250&amp;ssl=1 370w, https:\/\/i0.wp.com\/crystalitg.com\/wp-content\/uploads\/2024\/02\/Picture-2-1.png?zoom=2&amp;resize=370%2C250&amp;ssl=1 740w, https:\/\/i0.wp.com\/crystalitg.com\/wp-content\/uploads\/2024\/02\/Picture-2-1.png?zoom=3&amp;resize=370%2C250&amp;ssl=1 1110w\" sizes=\"(max-width: 370px) 100vw, 370px\" \/>                            <\/div><!-- \/.partner-one__image -->\r\n                            <div class=\"partner-one__content\">\r\n                                <h3 class=\"partner-one__title\">READY TO BURN<\/h3>\r\n                                <p class=\"partner-one__text translation-block\">Lo schema di certificazione Ready to Burn consente alle persone di trovare facilmente i combustibili pi\u00f9 ecologici da bruciare in casa.<br> L'utilizzo di combustibili approvati ed etichettati come Ready to Burn significa anche garanzia di conformit\u00e0 agli standard nazionali Britannici sulla qualit\u00e0 dell'aria (standard sui combustibili solidi) come quello del Regolamento 2020 che vieta la vendita di legname umido e carbone domestico, che sono i combustibili pi\u00f9 inquinanti.<\/p>\r\n                                                                    <a href=\"https:\/\/www.readytoburn.org\/\" class=\"partner-one__link\">approfondimenti<\/a>\r\n                                                            <\/div><!-- \/.partner-one__content -->\r\n                        <\/div><!-- \/.partner-one__card -->\r\n                    <\/div><!-- \/.col-md-6 col-lg-4 -->\r\n                                        <\/div><!-- \/.row -->\r\n        <\/div><!-- \/.auto-container -->\r\n    <\/section><!-- \/.partner-one -->\r\n\t\t\t\t<\/div>\n\t\t\t\t<\/div>\n\t\t\t\t\t<\/div>\n\t\t<\/div>\n\t\t\t\t\t<\/div>\n\t\t<\/section>\n\t\t\t\t<section class=\"elementor-section elementor-top-section elementor-element elementor-element-bf9ac2c elementor-section-full_width elementor-section-height-default elementor-section-height-default\" data-id=\"bf9ac2c\" data-element_type=\"section\" data-e-type=\"section\">\n\t\t\t\t\t\t<div class=\"elementor-container elementor-column-gap-no\">\n\t\t\t\t\t<div class=\"elementor-column elementor-col-100 elementor-top-column elementor-element elementor-element-f0a0f9f\" data-id=\"f0a0f9f\" data-element_type=\"column\" data-e-type=\"column\">\n\t\t\t<div class=\"elementor-widget-wrap elementor-element-populated\">\n\t\t\t\t\t\t<div class=\"elementor-element elementor-element-17af252 elementor-widget elementor-widget-linoor-call-to-action\" data-id=\"17af252\" data-element_type=\"widget\" data-e-type=\"widget\" data-widget_type=\"linoor-call-to-action.default\">\n\t\t\t\t<div class=\"elementor-widget-container\">\n\t\t\t\t\t\t<!-- Call To Section -->\r\n\t<section class=\"call-to-section call-to-section__no-margin\">\r\n\t\t<div class=\"inner clearfix\">\r\n\t\t\t<div class=\"shape-1 wow slideInRight\" data-wow-delay=\"0ms\" data-wow-duration=\"1500ms\"><\/div>\r\n\t\t\t<div class=\"shape-2 wow fadeInDown\" data-wow-delay=\"0ms\" data-wow-duration=\"1500ms\"><\/div>\r\n\t\t\t<div class=\"auto-container clearfix\">\r\n\t\t\t\t<h2 class=\" translation-block\">Contattaci per scoprire le differenze <br> di qualit\u00e0 tra le diverse certificazioni <br> disponibili sul mercato<\/h2>\r\n\t\t\t\t<div class=\"link-box\">\r\n\t\t\t\t\t<a class=\"theme-btn btn-style-two\" href=\"#\">\r\n\t\t\t\t\t\t<i class=\"btn-curve\"><\/i>\r\n\t\t\t\t\t\t<span class=\"btn-title\">Scopri di pi\u00f9<\/span>\r\n\t\t\t\t\t<\/a>\r\n\t\t\t\t<\/div>\r\n\t\t\t<\/div>\r\n\t\t<\/div>\r\n\t<\/section>\r\n\r\n\t\t\t\t<\/div>\n\t\t\t\t<\/div>\n\t\t\t\t\t<\/div>\n\t\t<\/div>\n\t\t\t\t\t<\/div>\n\t\t<\/section>\n\t\t\t\t<section class=\"elementor-section elementor-top-section elementor-element elementor-element-290b887 elementor-section-full_width main-footer elementor-section-height-default elementor-section-height-default\" data-id=\"290b887\" data-element_type=\"section\" data-e-type=\"section\">\n\t\t\t\t\t\t<div class=\"elementor-container elementor-column-gap-no\">\n\t\t\t\t\t<div class=\"elementor-column elementor-col-100 elementor-top-column elementor-element elementor-element-24892d0\" data-id=\"24892d0\" data-element_type=\"column\" data-e-type=\"column\">\n\t\t\t<div class=\"elementor-widget-wrap elementor-element-populated\">\n\t\t\t\t\t\t<section class=\"elementor-section elementor-inner-section elementor-element elementor-element-e02dadd elementor-section-boxed elementor-section-height-default elementor-section-height-default\" data-id=\"e02dadd\" data-element_type=\"section\" data-e-type=\"section\">\n\t\t\t\t\t\t<div class=\"elementor-container elementor-column-gap-extended\">\n\t\t\t\t\t<div class=\"elementor-column elementor-col-33 elementor-inner-column elementor-element elementor-element-590cad3\" data-id=\"590cad3\" data-element_type=\"column\" data-e-type=\"column\">\n\t\t\t<div class=\"elementor-widget-wrap elementor-element-populated\">\n\t\t\t\t\t\t<div class=\"elementor-element elementor-element-74a4919 elementor-widget elementor-widget-footer-nav-menu\" data-id=\"74a4919\" data-element_type=\"widget\" data-e-type=\"widget\" data-widget_type=\"footer-nav-menu.default\">\n\t\t\t\t<div class=\"elementor-widget-container\">\n\t\t\t\t\t    <div class=\"footer-widget links-widget\">\r\n        <div class=\"widget-content\">\r\n            <h6>Esplora<\/h6>\r\n            <div class=\"row clearfix\">\r\n                                    <div class=\"col-md-6 col-sm-12\">\r\n                        <div class=\"menu-footer-menu-2-container\"><ul id=\"menu-footer-menu-2\" class=\"list-unstyled m-0\"><li id=\"menu-item-2268\" class=\"menu-item menu-item-type-post_type menu-item-object-page menu-item-2268\"><a href=\"https:\/\/crystalitg.com\/it\/contact-us\/\">Contattaci<\/a><\/li>\n<li id=\"menu-item-2932\" class=\"menu-item menu-item-type-post_type menu-item-object-page menu-item-2932\"><a href=\"https:\/\/crystalitg.com\/it\/privacy\/\">Privacy<\/a><\/li>\n<li id=\"menu-item-2943\" class=\"menu-item menu-item-type-post_type menu-item-object-page menu-item-2943\"><a href=\"https:\/\/crystalitg.com\/it\/ordersreturns\/\">Ordini e Resi<\/a><\/li>\n<li id=\"menu-item-3126\" class=\"menu-item menu-item-type-post_type menu-item-object-page menu-item-3126\"><a href=\"https:\/\/crystalitg.com\/it\/terms-of-use-2\/\">Termini d'uso<\/a><\/li>\n<\/ul><\/div>                    <\/div>\r\n                            <\/div>\r\n        <\/div>\r\n    <\/div>\r\n\t\t\t\t<\/div>\n\t\t\t\t<\/div>\n\t\t\t\t\t<\/div>\n\t\t<\/div>\n\t\t\t\t<div class=\"elementor-column elementor-col-33 elementor-inner-column elementor-element elementor-element-1717a07\" data-id=\"1717a07\" data-element_type=\"column\" data-e-type=\"column\">\n\t\t\t<div class=\"elementor-widget-wrap elementor-element-populated\">\n\t\t\t\t\t\t<div class=\"elementor-element elementor-element-cb2bbf5 elementor-widget elementor-widget-footer-contact\" data-id=\"cb2bbf5\" data-element_type=\"widget\" data-e-type=\"widget\" data-widget_type=\"footer-contact.default\">\n\t\t\t\t<div class=\"elementor-widget-container\">\n\t\t\t\t\t    <div class=\"footer-widget info-widget\">\r\n        <div class=\"widget-content\">\r\n            <h6>Contatti<\/h6>\r\n            <ul class=\"contact-info m-0 list-unstyled\">\r\n                                    <li class=\"address\">\r\n                                                <span class=\"icon flaticon-pin-1\"><\/span>\r\n                        Jana Asara iela 12, LV-3001 Jelgava LETTONIA                    <\/li>\r\n                                    <li class=\"address\">\r\n                                                <span class=\"icon\"><\/span>\r\n                        Reg. nr. 43603043365                     <\/li>\r\n                                    <li class=\"address\">\r\n                                                <span class=\"icon flaticon-call\"><\/span>\r\n                        <a href=\"0037120268107\">00371 20268107<\/a>                    <\/li>\r\n                                    <li class=\"address\">\r\n                                                <span class=\"icon flaticon-email-2\"><\/span>\r\n                        <a href=\"mailto:needhelp@linoor.com\">admin@crystalitg.com<\/a>                    <\/li>\r\n                            <\/ul>\r\n        <\/div>\r\n    <\/div>\r\n\t\t\t\t<\/div>\n\t\t\t\t<\/div>\n\t\t\t\t\t<\/div>\n\t\t<\/div>\n\t\t\t\t<div class=\"elementor-column elementor-col-33 elementor-inner-column elementor-element elementor-element-057d71b\" data-id=\"057d71b\" data-element_type=\"column\" data-e-type=\"column\">\n\t\t\t<div class=\"elementor-widget-wrap elementor-element-populated\">\n\t\t\t\t\t\t<div class=\"elementor-element elementor-element-ea250a4 elementor-widget elementor-widget-footer-subscribe\" data-id=\"ea250a4\" data-element_type=\"widget\" data-e-type=\"widget\" data-widget_type=\"footer-subscribe.default\">\n\t\t\t\t<div class=\"elementor-widget-container\">\n\t\t\t\t\t    <div class=\"footer-widget newsletter-widget\">\r\n        <div class=\"widget-content\">\r\n            <h6>Newsletter<\/h6>\r\n            <div class=\"newsletter-form\">\r\n                <form class=\"mc-form\" data-url=\"#\" action=\"\">\r\n                    <div class=\"form-group clearfix\">\r\n                        <input type=\"email\" name=\"EMAIL\" value=\"\" placeholder=\"Email Address\">\r\n                        <button type=\"submit\" class=\"theme-btn\"><span class=\"fa fa-envelope\"><\/span><\/button>\r\n                    <\/div>\r\n                <input type=\"hidden\" name=\"trp-form-language\" value=\"it\"\/><\/form>\r\n                <div class=\"mc-form__response\"><\/div>\r\n            <\/div>\r\n            <div class=\"text\">Iscriviti per sconti e offerte speciali: niente spam, garantito!<\/div>\r\n        <\/div>\r\n    <\/div>\r\n\r\n\r\n\r\n\t\t\t\t<\/div>\n\t\t\t\t<\/div>\n\t\t\t\t\t<\/div>\n\t\t<\/div>\n\t\t\t\t\t<\/div>\n\t\t<\/section>\n\t\t\t\t<section class=\"elementor-section elementor-inner-section elementor-element elementor-element-7d55d52 elementor-section-boxed elementor-section-height-default elementor-section-height-default\" data-id=\"7d55d52\" data-element_type=\"section\" data-e-type=\"section\">\n\t\t\t\t\t\t<div class=\"elementor-container elementor-column-gap-extended\">\n\t\t\t\t\t<div class=\"elementor-column elementor-col-100 elementor-inner-column elementor-element elementor-element-b86b665\" data-id=\"b86b665\" data-element_type=\"column\" data-e-type=\"column\">\n\t\t\t<div class=\"elementor-widget-wrap elementor-element-populated\">\n\t\t\t\t\t\t<div class=\"elementor-element elementor-element-c02d240 elementor-widget elementor-widget-footer-copyright\" data-id=\"c02d240\" data-element_type=\"widget\" data-e-type=\"widget\" data-widget_type=\"footer-copyright.default\">\n\t\t\t\t<div class=\"elementor-widget-container\">\n\t\t\t\t\t<div class=\"footer-bottom\">\r\n    <div class=\"auto-container\">\r\n        <div class=\"inner clearfix\">\r\n            <div class=\"copyright\">&copy; copyright 2010-2024 by \"Crystal ITG\" SIA<\/div>\r\n        <\/div>\r\n    <\/div>\r\n<\/div>\t\t\t\t<\/div>\n\t\t\t\t<\/div>\n\t\t\t\t\t<\/div>\n\t\t<\/div>\n\t\t\t\t\t<\/div>\n\t\t<\/section>\n\t\t\t\t\t<\/div>\n\t\t<\/div>\n\t\t\t\t\t<\/div>\n\t\t<\/section>\n\t\t\t\t<\/div>","protected":false},"excerpt":{"rendered":"<p>We distribute only Premium Products with top Certifications EN Plus A1 ENplus\u00ae certificate is applicable to all chains of supply of wood pellets from production to the deliveries to the end customer, thus ensuring the compliance of the pellets to quality standards and transparency of the product chain. The compliance of wood pellets to the [&hellip;]<\/p>\n","protected":false},"author":1,"featured_media":0,"parent":0,"menu_order":0,"comment_status":"closed","ping_status":"closed","template":"elementor_header_footer","meta":{"footnotes":""},"class_list":["post-1680","page","type-page","status-publish","hentry"],"jetpack_sharing_enabled":true,"_links":{"self":[{"href":"https:\/\/crystalitg.com\/it\/wp-json\/wp\/v2\/pages\/1680","targetHints":{"allow":["GET"]}}],"collection":[{"href":"https:\/\/crystalitg.com\/it\/wp-json\/wp\/v2\/pages"}],"about":[{"href":"https:\/\/crystalitg.com\/it\/wp-json\/wp\/v2\/types\/page"}],"author":[{"embeddable":true,"href":"https:\/\/crystalitg.com\/it\/wp-json\/wp\/v2\/users\/1"}],"replies":[{"embeddable":true,"href":"https:\/\/crystalitg.com\/it\/wp-json\/wp\/v2\/comments?post=1680"}],"version-history":[{"count":22,"href":"https:\/\/crystalitg.com\/it\/wp-json\/wp\/v2\/pages\/1680\/revisions"}],"predecessor-version":[{"id":3623,"href":"https:\/\/crystalitg.com\/it\/wp-json\/wp\/v2\/pages\/1680\/revisions\/3623"}],"wp:attachment":[{"href":"https:\/\/crystalitg.com\/it\/wp-json\/wp\/v2\/media?parent=1680"}],"curies":[{"name":"wp","href":"https:\/\/api.w.org\/{rel}","templated":true}]}}